{"id":1119,"date":"2021-11-30T02:48:24","date_gmt":"2021-11-30T02:48:24","guid":{"rendered":"https:\/\/ceu16.edu.mx\/educon\/?post_type=product&#038;p=1119"},"modified":"2023-11-28T22:31:13","modified_gmt":"2023-11-28T22:31:13","slug":"emprende-empresa","status":"publish","type":"product","link":"https:\/\/ceu16.edu.mx\/educon\/producto\/emprende-empresa\/","title":{"rendered":"Curso-Taller \u00abEmprende tu empresa de personalizado\u00bb"},"content":{"rendered":"<div class=\"et-l et-l--post\">\n\t\t\t<div class=\"et_builder_inner_content et_pb_gutters3\">\n\t\t<p><b>Objetivos espec\u00edficos:<\/b><\/p>\n<ul>\n<li>Que los participantes identifiquen las caracter\u00edsticas, ventajas y desventajas de los diferentes tipos de plotter de corte. Entender que son y para qu\u00e9 nos pueden servir.<\/li>\n<li><span style=\"font-weight: 400;\">Brindar herramientas a las asistentes para poder desarrollar un modelo de <\/span>negocios que se convierta en una fuente de ingresos.<\/li>\n<\/ul>\n<ul>\n<li><span style=\"font-weight: 400;\"> Conocer la interfaz y el funcionamiento de forma b\u00e1sica del programa de edici\u00f3n <\/span>silhouette studio<\/li>\n<\/ul>\n<ul>\n<li><span style=\"font-weight: 400;\"> Los participantes pondr\u00e1n en pr\u00e1ctica lo aprendido realizando el dise\u00f1o, el corte <\/span>y entregar\u00e1n un producto final.<\/li>\n<\/ul>\n<p>&nbsp;<\/p>\n<p><b>A qui\u00e9n va dirigido:<\/b><\/p>\n<p><span style=\"font-weight: 400;\">El curso-taller \u201cEmprende tu empresa de personalizados\u201d est\u00e1 dirigido a personas que <\/span><span style=\"font-weight: 400;\">quieran generar ingresos extra emprendiendo una empresa de producci\u00f3n de art\u00edculos <\/span><span style=\"font-weight: 400;\">personalizados teniendo como herramienta principal un plotter de corte.<\/span><\/p>\n<p>&nbsp;<\/p>\n<p><b>Temario:<\/b><\/p>\n<ul>\n<li><span style=\"font-weight: 400;\"> \u00bfC\u00f3mo s\u00e9 que plotter de corte elegir?<\/span>\n<ul>\n<li>\u00a0Que marcas de plotter existen<\/li>\n<li>1.2. Qu\u00e9 puedo hacer con mi plotter corte<\/li>\n<\/ul>\n<\/li>\n<li><span style=\"font-weight: 400;\"> \u00bfPor d\u00f3nde debo iniciar? <\/span>\n<ul>\n<li>2.1. \u00bfC\u00f3mo busco a mis proveedores?<\/li>\n<li>2.2. \u00bfC\u00f3mo calculo mis precios?<\/li>\n<li>2.3. La importancia de saber vender mis productos<\/li>\n<\/ul>\n<\/li>\n<li><span style=\"font-weight: 400;\">Introducci\u00f3n al software Silhouette Studio<\/span>\n<ul>\n<li>\u00a0Conocer la interfaz y herramientas b\u00e1sicas del programa<\/li>\n<\/ul>\n<\/li>\n<li>Pr\u00e1ctica de corte de vinil<\/li>\n<\/ul>\n<p>&nbsp;<\/p>\n<p><b>Sobre el docente:<\/b><\/p>\n<p><span style=\"font-weight: 400;\">El instructor Eduardo Ledesma es Licenciado en Ciencias de la Comunicaci\u00f3n con <\/span><span style=\"font-weight: 400;\">experiencia en construir estrategias de marketing digital a trav\u00e9s de la comunicaci\u00f3n <\/span><span style=\"font-weight: 400;\">gr\u00e1fica utilizando el dise\u00f1o y las redes sociales como herramienta principal, adem\u00e1s es un emprendedor que fund\u00f3 \u201cThe LAB\u201d un proyecto dedicado a crear regalos y regalar sonrisas.<\/span><\/p>\n\n\t\t<\/div><!-- .et_builder_inner_content -->\n\t<\/div><!-- .et-l -->\n\t","protected":false},"excerpt":{"rendered":"<p><b>Modalidad<\/b><span style=\"font-weight: 400;\">: Presencial<\/span><\/p>\n<p><b>Fecha de Inicio:<\/b><span style=\"font-weight: 400;\"> S\u00e1bado 18 de Diciembre<\/span><\/p>\n<p><b>Fecha de terminaci\u00f3n: <\/b><span style=\"font-weight: 400;\">S\u00e1bado 18 de Diciembre<\/span><\/p>\n<p><b>Horario: <\/b><span style=\"font-weight: 400;\">11:00 am a 3:30 pm<\/span><\/p>\n<p>&nbsp;<\/p>\n<p><span style=\"font-weight: 400;\">El objetivo de este curso-taller es que los participantes tengan las herramientas para <\/span><span style=\"font-weight: 400;\">poder hacer una toma de decisi\u00f3n consciente al momento de elegir comprar un plotter <\/span><span style=\"font-weight: 400;\">de corte con el cual podr\u00e1n emprender una empresa de productos personalizados.<\/span><\/p>\n","protected":false},"featured_media":1120,"comment_status":"open","ping_status":"closed","template":"","meta":{"_et_pb_use_builder":"","_et_pb_old_content":"","_et_gb_content_width":"","spay_email":""},"_links":{"self":[{"href":"https:\/\/ceu16.edu.mx\/educon\/wp-json\/wp\/v2\/product\/1119"}],"collection":[{"href":"https:\/\/ceu16.edu.mx\/educon\/wp-json\/wp\/v2\/product"}],"about":[{"href":"https:\/\/ceu16.edu.mx\/educon\/wp-json\/wp\/v2\/types\/product"}],"replies":[{"embeddable":true,"href":"https:\/\/ceu16.edu.mx\/educon\/wp-json\/wp\/v2\/comments?post=1119"}],"wp:featuredmedia":[{"embeddable":true,"href":"https:\/\/ceu16.edu.mx\/educon\/wp-json\/wp\/v2\/media\/1120"}],"wp:attachment":[{"href":"https:\/\/ceu16.edu.mx\/educon\/wp-json\/wp\/v2\/media?parent=1119"}],"curies":[{"name":"wp","href":"https:\/\/api.w.org\/{rel}","templated":true}]}}