{"id":1504,"date":"2022-05-17T23:34:13","date_gmt":"2022-05-17T23:34:13","guid":{"rendered":"https:\/\/ceu16.edu.mx\/educon\/?post_type=product&#038;p=1504"},"modified":"2023-11-28T22:31:11","modified_gmt":"2023-11-28T22:31:11","slug":"perfect-pitch","status":"publish","type":"product","link":"https:\/\/ceu16.edu.mx\/educon\/producto\/perfect-pitch\/","title":{"rendered":"PERFECT PITCH: C\u00f3mo presentar tu propuesta de negocio con efectividad. POR: TERESA BABUN"},"content":{"rendered":"<div class=\"et-l et-l--post\">\n\t\t\t<div class=\"et_builder_inner_content et_pb_gutters3\">\n\t\t<p><b>Acerca de los docentes:\u00a0<\/b><\/p>\n<p><span style=\"font-weight: 400;\">Desde 1987 incursion\u00f3 como Gerente General en\u00a0 Uniformes profesionales,\u00a0\u00a0<\/span><\/p>\n<p><span style=\"font-weight: 400;\">Empresa familiar, destacando mi participaci\u00f3n en el \u00c1rea de comercializaci\u00f3n para la atenci\u00f3n de diferentes sectores del giro .Actualmente funjo como\u00a0 Director General\u00a0\u00a0<\/span><\/p>\n<p><span style=\"font-weight: 400;\">Atendiendo las diferentes actividades que van desde la fabricaci\u00f3n del producto hasta su entrega. Administr\u00f3 mi propia empresa en el ramo textil, abasteciendo escuelas, hospitales, cl\u00ednicas, as\u00ed como del sector salud.<\/span><\/p>\n<p>&nbsp;<\/p>\n<p><span style=\"font-weight: 400;\">En el 2003 me nombraron vicepresidenta de mujeres empresarias en Canacintra delegaci\u00f3n Mexicali, el cual hasta la fecha o llevo con orgullo, empoderando cada vez m\u00e1s al sector femenil en esa lucha constante de\u00a0 abrirse camino en el sector laboral, y en puntos estrat\u00e9gicos en empresas, Gob etc.\u00a0<\/span><\/p>\n<p>&nbsp;<\/p>\n<p><span style=\"font-weight: 400;\">En el 2011 Ingres\u00f3 a la organizaci\u00f3n International Toastmasters, organizaci\u00f3n que me a permitido\u00a0 desarrollar habilidades de comunicaci\u00f3n y liderazgo, contando con la\u00a0<\/span><\/p>\n<p><span style=\"font-weight: 400;\">Oportunidad de capacitar a cientos de personas a nivel Nacional y dar conferencias a las empresas m\u00e1s importantes en el Pa\u00eds,\u00a0 Algo del cual estoy orgullosa de poder ayudar.\u00a0<\/span><\/p>\n<p><span style=\"font-weight: 400;\">En fruto de este trabajo me llev\u00f3 a ser en el 2018 la primera mujer en Am\u00e9rica Latina en lograr la distinci\u00f3n m\u00e1s alta dentro de la organizaci\u00f3n\u00a0 dejando muy en alto el nombre de M\u00e9xico.\u00a0<\/span><\/p>\n<p>&nbsp;<\/p>\n<p><span style=\"font-weight: 400;\">En el 2021 fung\u00ed orgullosamente como candidata\u00a0 a diputada Federal por el segundo distrito como Ciudadana invitada por el Partido Acci\u00f3n Nacional, con un gran equipo\u00a0 logre\u00a0 posicionarme en 2do lugar, 4 meses\u00a0 que d\u00eda a d\u00eda trabaje\u00a0 sin descanso,\u00a0 me dej\u00f3 una gran experiencia y un dolor grande no poder hacer m\u00e1s por los m\u00e1s necesitados.\u00a0 Algo que me molesta de manera extrema es la injusticia, el abuso y la falta de seriedad,\u00a0 por ende soy muy entregada en todos los roles que he tenido oportunidad de desarrollar .\u00a0<\/span><\/p>\n<p>&nbsp;<\/p>\n<p><span style=\"font-weight: 400;\">Los sue\u00f1os son sue\u00f1os,\u00a0<\/span><\/p>\n<p><span style=\"font-weight: 400;\">si deseas algo ve por \u00e9l\u00a0<\/span><\/p>\n<p><span style=\"font-weight: 400;\">no esperes a que llegue,\u00a0<\/span><\/p>\n<p><span style=\"font-weight: 400;\">solas las cosas no llegan. <\/span><\/p>\n\n\t\t<\/div><!-- .et_builder_inner_content -->\n\t<\/div><!-- .et-l -->\n\t","protected":false},"excerpt":{"rendered":"<p><b>Modalidad<\/b><span style=\"font-weight: 400;\">: PRESENCIAL<\/span><\/p>\n<p><b>Inicia:<\/b> <span style=\"font-weight: 400;\">\u00a0Martes 7 de Junio<\/span><\/p>\n<p><b>Finaliza:<\/b> <span style=\"font-weight: 400;\">Martes 26 de Julio <\/span><\/p>\n<p><b>Horario: <\/b><span style=\"font-weight: 400;\">Lunes: 7:00 a 9:00 pm<\/span><\/p>\n<p><em><b>**Incluye: Material, Constancia.<\/b><\/em><\/p>\n","protected":false},"featured_media":1505,"comment_status":"open","ping_status":"closed","template":"","meta":{"_et_pb_use_builder":"","_et_pb_old_content":"","_et_gb_content_width":"","spay_email":""},"_links":{"self":[{"href":"https:\/\/ceu16.edu.mx\/educon\/wp-json\/wp\/v2\/product\/1504"}],"collection":[{"href":"https:\/\/ceu16.edu.mx\/educon\/wp-json\/wp\/v2\/product"}],"about":[{"href":"https:\/\/ceu16.edu.mx\/educon\/wp-json\/wp\/v2\/types\/product"}],"replies":[{"embeddable":true,"href":"https:\/\/ceu16.edu.mx\/educon\/wp-json\/wp\/v2\/comments?post=1504"}],"wp:featuredmedia":[{"embeddable":true,"href":"https:\/\/ceu16.edu.mx\/educon\/wp-json\/wp\/v2\/media\/1505"}],"wp:attachment":[{"href":"https:\/\/ceu16.edu.mx\/educon\/wp-json\/wp\/v2\/media?parent=1504"}],"curies":[{"name":"wp","href":"https:\/\/api.w.org\/{rel}","templated":true}]}}