{"id":1577,"date":"2022-06-21T22:11:39","date_gmt":"2022-06-21T22:11:39","guid":{"rendered":"https:\/\/ceu16.edu.mx\/educon\/?post_type=product&#038;p=1577"},"modified":"2023-11-28T22:31:09","modified_gmt":"2023-11-28T22:31:09","slug":"taller-cruella","status":"publish","type":"product","link":"https:\/\/ceu16.edu.mx\/educon\/producto\/taller-cruella\/","title":{"rendered":"Curso &#8211; Taller  Programa de dise\u00f1o y confecci\u00f3n de prendas  \u201dEl Taller de Cruella\u201d"},"content":{"rendered":"<div class=\"et-l et-l--post\">\n\t\t\t<div class=\"et_builder_inner_content et_pb_gutters3\">\n\t\t\n\t\t<\/div><!-- .et_builder_inner_content -->\n\t<\/div><!-- .et-l -->\n\t","protected":false},"excerpt":{"rendered":"<p><b>MODALIDAD<\/b><span style=\"font-weight: 400;\">: PRESENCIAL<\/span><\/p>\n<p><b>LUGAR: <\/b><span style=\"font-weight: 400;\">Campus Maestros Federales.<\/span><\/p>\n<p><b>OBJETIVO:<\/b><span style=\"font-weight: 400;\"> El \u00abTaller de Cruella\u00bbes un espacio que ofrece <\/span><a href=\"https:\/\/www.facebook.com\/hashtag\/diplomados?__eep__=6&amp;source=feed_text&amp;epa=HASHTAG&amp;__xts__%5B0%5D=68.ARAimH4GLcjacvsKiYSCaRIyR7jzH8woAVKOT_Qu1Y8ITk6JWZ9GXnS6Oqr67A8-CoZ0QfhOXuFvdrkmsUhhV82dp3qQq9oTZ1rR4butR_zjEQSuZ5Ri0R0h7BXnRKh4zVSQ7PQyoLjqeRHbwRhqWXIb1mkT67VHycDDYLfgC1XIU3AcAYxzy5iQIUHYczHQXr352FTkWCRYq43hK4Fyo1N65NGxXIH9YF9YeUnu34fYToHnjdjqUSB9bqNtklm1fZzL_OvOU38ctu1hQwfoMhjRSKp-17g50GoDkUpFyA2H9BKFiRwtNQ&amp;__tn__=%2ANK-R\"><span style=\"font-weight: 400;\">#<\/span><span style=\"font-weight: 400;\">diplomados<\/span><\/a><span style=\"font-weight: 400;\"> en el \u00e1rea de confecci\u00f3n de prendas a medida. Dirigido a principiantes y avanzados, la planeaci\u00f3n del programa es cuatrimestral (cursos de 4 meses) <\/span><\/p>\n","protected":false},"featured_media":1578,"comment_status":"open","ping_status":"closed","template":"","meta":{"_et_pb_use_builder":"","_et_pb_old_content":"","_et_gb_content_width":"","spay_email":""},"_links":{"self":[{"href":"https:\/\/ceu16.edu.mx\/educon\/wp-json\/wp\/v2\/product\/1577"}],"collection":[{"href":"https:\/\/ceu16.edu.mx\/educon\/wp-json\/wp\/v2\/product"}],"about":[{"href":"https:\/\/ceu16.edu.mx\/educon\/wp-json\/wp\/v2\/types\/product"}],"replies":[{"embeddable":true,"href":"https:\/\/ceu16.edu.mx\/educon\/wp-json\/wp\/v2\/comments?post=1577"}],"wp:featuredmedia":[{"embeddable":true,"href":"https:\/\/ceu16.edu.mx\/educon\/wp-json\/wp\/v2\/media\/1578"}],"wp:attachment":[{"href":"https:\/\/ceu16.edu.mx\/educon\/wp-json\/wp\/v2\/media?parent=1577"}],"curies":[{"name":"wp","href":"https:\/\/api.w.org\/{rel}","templated":true}]}}