{"id":1690,"date":"2022-07-19T22:10:47","date_gmt":"2022-07-19T22:10:47","guid":{"rendered":"https:\/\/ceu16.edu.mx\/educon\/?post_type=product&#038;p=1690"},"modified":"2023-11-28T22:31:08","modified_gmt":"2023-11-28T22:31:08","slug":"desarrollo-habilidades-gerenciales","status":"publish","type":"product","link":"https:\/\/ceu16.edu.mx\/educon\/producto\/desarrollo-habilidades-gerenciales\/","title":{"rendered":"Curso de Titulaci\u00f3n \u00abDesarrollo de Habilidades Gerenciales\u00bb"},"content":{"rendered":"<div class=\"et-l et-l--post\">\n\t\t\t<div class=\"et_builder_inner_content et_pb_gutters3\">\n\t\t<p><b>IMPARTIDO POR:\u00a0<\/b><\/p>\n<p>&nbsp;<\/p>\n<p><b>Mtro. Gaspar Eliasip Cuadras Cuadras<\/b><\/p>\n<p><span style=\"font-weight: 400;\">Estudios de Maestr\u00eda en Administraci\u00f3n de Negocios MBA por Universidad Xochicalco e Ingenier\u00eda en Mecatr\u00f3nica con especialidad en automatizaci\u00f3n y control por ITM, cuenta con diplomado en Desarrollo de Habilidades Gerenciales y certificaci\u00f3n en Lean Manufacturing por Cetys Universidad. Actualmente se encuentra registrado como agente capacitador externo ACE por STPS # CUCG-850628-1F2-<\/span><\/p>\n<p><span style=\"font-weight: 400;\">0005 Cuenta con experiencia profesional a nivel Gerencial y Jefe de \u00e1rea en empresas con presencia nacional e internacional en giro automotriz, cadena de suministro y tecnolog\u00eda inal\u00e1mbrica. As\u00ed mismo cuenta con experiencia como Docente de Posgrado en CEUX.\u00a0<\/span><\/p>\n<p>&nbsp;<\/p>\n<p><b>Mtra. Ana Lilia Gamboa D\u00edaz<\/b><\/p>\n<p><span style=\"font-weight: 400;\">Estudios de Maestr\u00eda en Administraci\u00f3n de Negocios MBA, con especialidad en Recursos Humanos por Cetys Universidad y Licenciatura en Ciencias de la Educaci\u00f3n por UABC. Cuenta con experiencia en el proceso de Ense\u00f1anza-Aprendizaje del adulto trabajador. Facilitador Certificado en din\u00e1micas para grupos por<\/span><\/p>\n<p><span style=\"font-weight: 400;\">GERZA. Actualmente se encuentra registrado como agente capacitador externo ACE por STPS # GADA-800913-EZ8- 0005 Cuenta con experiencia profesional en el sector privado en \u00e1reas de Capacitaci\u00f3n, Entrenamiento, Desarrollo de Talento y Cultura, en empresas con presencia a nivel nacional e Internacional. As\u00ed mismo participa como Docente de Posgrado, Licenciatura y Diplomados en diferentes Universidades del estado.<\/span><\/p>\n\n\t\t<\/div><!-- .et_builder_inner_content -->\n\t<\/div><!-- .et-l -->\n\t","protected":false},"excerpt":{"rendered":"<p><b>INICIA: <\/b><span style=\"font-weight: 400;\">Martes 27 de Septiembre<\/span><\/p>\n<p><b>FINALIZA: <\/b><span style=\"font-weight: 400;\">\u00a0Martes 10 de Noviembre<\/span><\/p>\n<p><b>HORARIO:<\/b><\/p>\n<p><span style=\"font-weight: 400;\">Martes: 6:00 PM A 10:00 PM<\/span><\/p>\n<p><span style=\"font-weight: 400;\">Jueves: 6:00 PM A 10:00 PM<\/span><\/p>\n<p><b>MODALIDAD<\/b><span style=\"font-weight: 400;\">: Presencial<\/span><\/p>\n","protected":false},"featured_media":1803,"comment_status":"open","ping_status":"closed","template":"","meta":{"_et_pb_use_builder":"","_et_pb_old_content":"","_et_gb_content_width":"","spay_email":""},"_links":{"self":[{"href":"https:\/\/ceu16.edu.mx\/educon\/wp-json\/wp\/v2\/product\/1690"}],"collection":[{"href":"https:\/\/ceu16.edu.mx\/educon\/wp-json\/wp\/v2\/product"}],"about":[{"href":"https:\/\/ceu16.edu.mx\/educon\/wp-json\/wp\/v2\/types\/product"}],"replies":[{"embeddable":true,"href":"https:\/\/ceu16.edu.mx\/educon\/wp-json\/wp\/v2\/comments?post=1690"}],"wp:featuredmedia":[{"embeddable":true,"href":"https:\/\/ceu16.edu.mx\/educon\/wp-json\/wp\/v2\/media\/1803"}],"wp:attachment":[{"href":"https:\/\/ceu16.edu.mx\/educon\/wp-json\/wp\/v2\/media?parent=1690"}],"curies":[{"name":"wp","href":"https:\/\/api.w.org\/{rel}","templated":true}]}}