{"id":1691,"date":"2022-07-19T22:13:50","date_gmt":"2022-07-19T22:13:50","guid":{"rendered":"https:\/\/ceu16.edu.mx\/educon\/?post_type=product&#038;p=1691"},"modified":"2023-11-28T22:31:08","modified_gmt":"2023-11-28T22:31:08","slug":"derecho-municipal-aplicado","status":"publish","type":"product","link":"https:\/\/ceu16.edu.mx\/educon\/producto\/derecho-municipal-aplicado\/","title":{"rendered":"Curso de Titulaci\u00f3n \u201cDerecho Municipal Aplicado\u201d"},"content":{"rendered":"<div class=\"et-l et-l--post\">\n\t\t\t<div class=\"et_builder_inner_content et_pb_gutters3\">\n\t\t<p><b>IMPARTIDO POR:\u00a0<\/b><\/p>\n<p><b>Mtro. Alexandro Jos\u00e9 Pujol Manr\u00edquez<\/b><\/p>\n<p><span style=\"font-weight: 400;\">Es Licenciado en Derecho, egresado de la Universidad Aut\u00f3noma de Baja California, con estudios de posgrado en Criminolog\u00eda, egresado de CETYS Universidad, donde se le otorg\u00f3 menci\u00f3n honor\u00edfica por obtener el promedio m\u00e1s alto de su generaci\u00f3n, como servidor p\u00fablico se ha desempe\u00f1ado en diversos cargos, destacando los siguientes: Regidor del XXIII Ayuntamiento de Mexicali, Director de Dise\u00f1o Institucional del Centro Nacional de Prevenci\u00f3n del Delito con Participaci\u00f3n Ciudadana del Secretariado Ejecutivo del Sistema<\/span><\/p>\n<p><span style=\"font-weight: 400;\">Nacional de Seguridad P\u00fablica, Coordinador Regional del mismo Secretariado encarg\u00e1ndose de las relaciones en materia de seguridad con los Estados de Oaxaca, Chiapas, Guerrero y Michoac\u00e1n, Director de \u00e1rea en la Direcci\u00f3n General de Estudios Legislativos der la Secretar\u00eda de Gobernaci\u00f3n, Director de Prevenci\u00f3n del Delito de la entonces Secretar\u00eda de Seguridad P\u00fablica del Estado de Baja California, Subprocurador de Derechos Humanos y Coordinador de Vinculaci\u00f3n con la Comunidad de la Direcci\u00f3n de Seguridad P\u00fablica Municipal en Mexicali. Posee una trayectoria de m\u00e1s de diez a\u00f1os como docente en distintas Universidades del Municipio y actualmente se desempe\u00f1a como abogado litigante y asesor de un Regidor en el XXIV Ayuntamiento de Mexicali.<\/span><\/p>\n<p>&nbsp;<\/p>\n<p><b>Mtro. Ronaldo D\u00edaz Lerma<\/b><\/p>\n<p><span style=\"font-weight: 400;\">Es Licenciado en Derecho Egresado de la Facultad de Derecho de la Universidad Aut\u00f3noma de Baja California en Mexicali, cuenta con estudios de Post-Grado en Derecho Corporativo Internacional por la Universidad Aut\u00f3noma de Guadalajara.<\/span><\/p>\n<p><span style=\"font-weight: 400;\">Como servidor P\u00fablico se ha desempe\u00f1ado como Asesor en la XV Legislatura Constitucional del Estado de Baja California, Analista Mayor en el Registro P\u00fablico de la Propiedad y de Comercio, Coordinador de Enlace Internacional tanto en la extinta Procuradur\u00eda General de Justicia del Estado de Baja California como en la Polic\u00eda Estatal Preventiva de Baja California. De igual manera fungi\u00f3 como Coordinador del Programa Integral de Protecci\u00f3n a Ejecutivos de la PEP y como Director de Seguimiento Legislativo de la Secretar\u00eda General de Gobierno del Estado de Baja California ante las Legislaturas XVI, XVII y XVIII respectivamente. En el \u00e1mbito Municipal ocup\u00f3 los cargos de Sub-Director de Gobierno y Secretario del Ayuntamiento en el XIX Ayuntamiento de Mexicali, Baja California, Sub-Director de Operaci\u00f3n y Seguimiento dependiente de la Secretar\u00eda del XXII Ayuntamiento de Mexicali, Asesor en el \u00c1rea de Regidores y Regidor en el XXIII Ayuntamiento de Mexicali. En la pr\u00e1ctica privada se ha desenvuelto en las \u00e1reas mercantil, corporativo y civil en las firmas Arroyo D\u00edaz, S.C, y actualmente en \u201cD\u00edaz Lerma Consultores, S.C.\u201d<\/span><\/p>\n\n\t\t<\/div><!-- .et_builder_inner_content -->\n\t<\/div><!-- .et-l -->\n\t","protected":false},"excerpt":{"rendered":"<p><b>INICIA: <\/b><span style=\"font-weight: 400;\">Viernes 10 de marzo<\/span><\/p>\n<p><b>FINALIZA: <\/b><span style=\"font-weight: 400;\">S\u00e1bado<\/span> <span style=\"font-weight: 400;\">29 de abril<\/span><\/p>\n<p><b>HORARIO:<\/b><\/p>\n<p><span style=\"font-weight: 400;\">Viernes: 6:00 PM A 9:00 PM<\/span><\/p>\n<p><span style=\"font-weight: 400;\">S\u00e1bado: 8:00 AM A 12:00 PM\u00a0<\/span><\/p>\n<p><b>MODALIDAD<\/b><span style=\"font-weight: 400;\">: Presencial<\/span><\/p>\n<p><b>COSTO: <\/b><span style=\"font-weight: 400;\">$5,500.00<\/span><\/p>\n<p><b>REQUISITOS: <\/b><\/p>\n<ul>\n<li style=\"font-weight: 400;\" aria-level=\"1\"><span style=\"font-weight: 400;\">Carta pasante liberado o en tr\u00e1mite<\/span><\/li>\n<li style=\"font-weight: 400;\" aria-level=\"1\"><span style=\"font-weight: 400;\">Certificado liberado o en tr\u00e1mite<\/span><\/li>\n<li style=\"font-weight: 400;\" aria-level=\"1\"><span style=\"font-weight: 400;\">Ingl\u00e9s liberado o estar cursando tercer o cuarto nivel<\/span><\/li>\n<\/ul>\n<p><span style=\"font-weight: 400;\">(Pregunta por nuestro curso intensivo en caso de no tener ning\u00fan nivel)<\/span><\/p>\n","protected":false},"featured_media":2175,"comment_status":"open","ping_status":"closed","template":"","meta":{"_et_pb_use_builder":"","_et_pb_old_content":"","_et_gb_content_width":"","spay_email":""},"_links":{"self":[{"href":"https:\/\/ceu16.edu.mx\/educon\/wp-json\/wp\/v2\/product\/1691"}],"collection":[{"href":"https:\/\/ceu16.edu.mx\/educon\/wp-json\/wp\/v2\/product"}],"about":[{"href":"https:\/\/ceu16.edu.mx\/educon\/wp-json\/wp\/v2\/types\/product"}],"replies":[{"embeddable":true,"href":"https:\/\/ceu16.edu.mx\/educon\/wp-json\/wp\/v2\/comments?post=1691"}],"wp:featuredmedia":[{"embeddable":true,"href":"https:\/\/ceu16.edu.mx\/educon\/wp-json\/wp\/v2\/media\/2175"}],"wp:attachment":[{"href":"https:\/\/ceu16.edu.mx\/educon\/wp-json\/wp\/v2\/media?parent=1691"}],"curies":[{"name":"wp","href":"https:\/\/api.w.org\/{rel}","templated":true}]}}