{"id":1787,"date":"2022-08-19T00:29:09","date_gmt":"2022-08-19T00:29:09","guid":{"rendered":"https:\/\/ceu16.edu.mx\/educon\/?post_type=product&#038;p=1787"},"modified":"2025-09-11T23:05:56","modified_gmt":"2025-09-11T23:05:56","slug":"ec0435","status":"publish","type":"product","link":"https:\/\/ceu16.edu.mx\/educon\/producto\/ec0435\/","title":{"rendered":"EC0435 &#8211; Prestaci\u00f3n de servicios para la atenci\u00f3n, cuidado y desarrollo integral de las ni\u00f1as y los ni\u00f1os en Centros de Atenci\u00f3n Infantil"},"content":{"rendered":"<div class=\"et-l et-l--post\">\n\t\t\t<div class=\"et_builder_inner_content et_pb_gutters3\">\n\t\t\n\t\t<\/div><!-- .et_builder_inner_content -->\n\t<\/div><!-- .et-l -->\n\t","protected":false},"excerpt":{"rendered":"<p><b>Modalidad<br \/>\n<\/b>Presencial<\/p>\n<p><strong>Descripci\u00f3n general<\/strong><br \/>\n<span style=\"font-weight: 500;\">El EC describe el desempe\u00f1o de las personas que atienden y cuidan a ni\u00f1as y ni\u00f1os en edad lactante, maternal y preescolar, considerando la preparaci\u00f3n de las \u00e1reas donde se llevar\u00e1n a cabo las actividades, atendiendo\/asistiendo a las ni\u00f1as y los ni\u00f1os en higiene, arreglo personal, cambio de pa\u00f1al, alimentaci\u00f3n y sue\u00f1o\/descanso. As\u00ed mismo, describe el desempe\u00f1o para desarrollar integralmente a ni\u00f1as y ni\u00f1os lactantes y maternales, a trav\u00e9s de la elaboraci\u00f3n de una planeaci\u00f3n y ejecuci\u00f3n de actividades para su desarrollo y cuidando en todo momento la integridad f\u00edsica y emocional de las ni\u00f1as y los ni\u00f1os.<\/span><\/p>\n<p><span style=\"font-weight: 600;\">\u00bfQu\u00e9 aprender\u00e1s?<br \/>\n<\/span><\/p>\n<ul>\n<li style=\"font-weight: 500;\" aria-level=\"1\"><span style=\"font-weight: 500;\">Atender ni\u00f1as y ni\u00f1os lactantes, maternales y preescolares en Centros de Atenci\u00f3n Infantil.<\/span><\/li>\n<li style=\"font-weight: 500;\" aria-level=\"1\"><span style=\"font-weight: 500;\">Desarrollar integralmente a las ni\u00f1as y los ni\u00f1os lactantes y maternales en Centros de Atenci\u00f3n Infantil.<\/span><\/li>\n<\/ul>\n<p><strong>Incluye<\/strong><\/p>\n<ul>\n<li>Material<\/li>\n<li>Alineaci\u00f3n al est\u00e1ndar<\/li>\n<li>Asesor\u00eda personalizada<\/li>\n<li>Lectura del plan de evaluaci\u00f3n<\/li>\n<li>Evaluaci\u00f3n<\/li>\n<li>Certificado (en caso de ser competente).<\/li>\n<\/ul>\n","protected":false},"featured_media":3828,"comment_status":"open","ping_status":"closed","template":"","meta":{"_et_pb_use_builder":"","_et_pb_old_content":"","_et_gb_content_width":"","spay_email":""},"_links":{"self":[{"href":"https:\/\/ceu16.edu.mx\/educon\/wp-json\/wp\/v2\/product\/1787"}],"collection":[{"href":"https:\/\/ceu16.edu.mx\/educon\/wp-json\/wp\/v2\/product"}],"about":[{"href":"https:\/\/ceu16.edu.mx\/educon\/wp-json\/wp\/v2\/types\/product"}],"replies":[{"embeddable":true,"href":"https:\/\/ceu16.edu.mx\/educon\/wp-json\/wp\/v2\/comments?post=1787"}],"wp:featuredmedia":[{"embeddable":true,"href":"https:\/\/ceu16.edu.mx\/educon\/wp-json\/wp\/v2\/media\/3828"}],"wp:attachment":[{"href":"https:\/\/ceu16.edu.mx\/educon\/wp-json\/wp\/v2\/media?parent=1787"}],"curies":[{"name":"wp","href":"https:\/\/api.w.org\/{rel}","templated":true}]}}