{"id":1804,"date":"2022-08-23T01:16:17","date_gmt":"2022-08-23T01:16:17","guid":{"rendered":"https:\/\/ceu16.edu.mx\/educon\/?post_type=product&#038;p=1804"},"modified":"2023-11-28T22:30:00","modified_gmt":"2023-11-28T22:30:00","slug":"imagen-personal","status":"publish","type":"product","link":"https:\/\/ceu16.edu.mx\/educon\/producto\/imagen-personal\/","title":{"rendered":"CURSO IMAGEN PERSONAL"},"content":{"rendered":"<div class=\"et-l et-l--post\">\n\t\t\t<div class=\"et_builder_inner_content et_pb_gutters3\">\n\t\t<p><b>CELESTE GUTVEL<\/b><\/p>\n<p><span style=\"font-weight: 400;\">Una regia en el desierto, mam\u00e1 de 2 Mar\u00edas y esposa neurot\u00edpica.\u00a0<\/span><\/p>\n<p><span style=\"font-weight: 400;\">Licenciada en Mercadotecnia por la Universidad Aut\u00f3noma de Baja California, especialista en Asesor\u00eda de Imagen y Personal Shopper por ELLE Fashion Mindway y la Universidad Complutense de Madrid.\u00a0<\/span><\/p>\n<p><span style=\"font-weight: 400;\">Su experiencia se centra en la creaci\u00f3n de marcas personales, consultor\u00eda de imagen para empresas y estrategia digital para creadores de contenido.<\/span><\/p>\n\n\t\t<\/div><!-- .et_builder_inner_content -->\n\t<\/div><!-- .et-l -->\n\t","protected":false},"excerpt":{"rendered":"<p><b>Modalidad<\/b><span style=\"font-weight: 400;\">: Presencial<\/span><\/p>\n<p><b>Unica sesi\u00f3n:<\/b> <span style=\"font-weight: 400;\">\u00a0Jueves 13 de octubre<\/span><\/p>\n<p><b>Horario: <\/b><span style=\"font-weight: 400;\">6:00 pm a 8:00 pm<\/span><\/p>\n<p>&nbsp;<\/p>\n<p><em><b>Incluye: Material, Constancia.<\/b><\/em><\/p>\n","protected":false},"featured_media":1859,"comment_status":"open","ping_status":"closed","template":"","meta":{"_et_pb_use_builder":"","_et_pb_old_content":"","_et_gb_content_width":"","spay_email":""},"_links":{"self":[{"href":"https:\/\/ceu16.edu.mx\/educon\/wp-json\/wp\/v2\/product\/1804"}],"collection":[{"href":"https:\/\/ceu16.edu.mx\/educon\/wp-json\/wp\/v2\/product"}],"about":[{"href":"https:\/\/ceu16.edu.mx\/educon\/wp-json\/wp\/v2\/types\/product"}],"replies":[{"embeddable":true,"href":"https:\/\/ceu16.edu.mx\/educon\/wp-json\/wp\/v2\/comments?post=1804"}],"wp:featuredmedia":[{"embeddable":true,"href":"https:\/\/ceu16.edu.mx\/educon\/wp-json\/wp\/v2\/media\/1859"}],"wp:attachment":[{"href":"https:\/\/ceu16.edu.mx\/educon\/wp-json\/wp\/v2\/media?parent=1804"}],"curies":[{"name":"wp","href":"https:\/\/api.w.org\/{rel}","templated":true}]}}