{"id":1812,"date":"2022-08-23T21:43:49","date_gmt":"2022-08-23T21:43:49","guid":{"rendered":"https:\/\/ceu16.edu.mx\/educon\/?post_type=product&#038;p=1812"},"modified":"2023-11-28T22:30:00","modified_gmt":"2023-11-28T22:30:00","slug":"cad-area-industrial","status":"publish","type":"product","link":"https:\/\/ceu16.edu.mx\/educon\/producto\/cad-area-industrial\/","title":{"rendered":"Curso de Titulaci\u00f3n Dise\u00f1o en CAD Enfocada al \u00c1rea Industrial"},"content":{"rendered":"<div class=\"et-l et-l--post\">\n\t\t\t<div class=\"et_builder_inner_content et_pb_gutters3\">\n\t\t\n\t\t<\/div><!-- .et_builder_inner_content -->\n\t<\/div><!-- .et-l -->\n\t","protected":false},"excerpt":{"rendered":"<p><b>Modalidad<\/b><span style=\"font-weight: 400;\">:<br \/>\n<\/span><span style=\"font-weight: 400;\">H\u00cdBRIDA<br \/>\n<strong>Requisitos: <\/strong><br \/>\n<\/span><\/p>\n<ul>\n<li><span style=\"font-weight: 400;\">Carta pasante liberado o en tr\u00e1mite<\/span><\/li>\n<li><span style=\"font-weight: 400;\">Certificado liberado o en tr\u00e1mite<\/span><\/li>\n<li><span style=\"font-weight: 400;\">Ingl\u00e9s liberado o estar cursando tercer o cuarto nivel<br \/>\n(Pregunta por nuestro curso intensivo en caso de no tener ning\u00fan nivel)<\/p>\n<p><\/span><\/li>\n<\/ul>\n<p><b>Horarios:<br \/>\n<\/b>Del 29 de septiembre al 19 de noviembre<\/p>\n<p>Meet: Jueves y viernes de 6:00 pm A 8:00 pm<\/p>\n<p>Presencial: S\u00e1bados de 8:00 am a 12:00 pm<\/p>\n","protected":false},"featured_media":1813,"comment_status":"open","ping_status":"closed","template":"","meta":{"_et_pb_use_builder":"","_et_pb_old_content":"","_et_gb_content_width":"","spay_email":""},"_links":{"self":[{"href":"https:\/\/ceu16.edu.mx\/educon\/wp-json\/wp\/v2\/product\/1812"}],"collection":[{"href":"https:\/\/ceu16.edu.mx\/educon\/wp-json\/wp\/v2\/product"}],"about":[{"href":"https:\/\/ceu16.edu.mx\/educon\/wp-json\/wp\/v2\/types\/product"}],"replies":[{"embeddable":true,"href":"https:\/\/ceu16.edu.mx\/educon\/wp-json\/wp\/v2\/comments?post=1812"}],"wp:featuredmedia":[{"embeddable":true,"href":"https:\/\/ceu16.edu.mx\/educon\/wp-json\/wp\/v2\/media\/1813"}],"wp:attachment":[{"href":"https:\/\/ceu16.edu.mx\/educon\/wp-json\/wp\/v2\/media?parent=1812"}],"curies":[{"name":"wp","href":"https:\/\/api.w.org\/{rel}","templated":true}]}}