{"id":1862,"date":"2022-08-31T00:38:42","date_gmt":"2022-08-31T00:38:42","guid":{"rendered":"https:\/\/ceu16.edu.mx\/educon\/?post_type=product&#038;p=1862"},"modified":"2023-11-28T22:29:59","modified_gmt":"2023-11-28T22:29:59","slug":"mediacion-solucion-conflictos-comunitarios-justicia-restaurativa","status":"publish","type":"product","link":"https:\/\/ceu16.edu.mx\/educon\/producto\/mediacion-solucion-conflictos-comunitarios-justicia-restaurativa\/","title":{"rendered":"SCC DIPLOMADO Mediaci\u00f3n de Soluci\u00f3n de Conflictos Comunitarios y Justicia Restaurativa"},"content":{"rendered":"<div class=\"et-l et-l--post\">\n\t\t\t<div class=\"et_builder_inner_content et_pb_gutters3\">\n\t\t<p><b>IMPARTIDO POR:\u00a0<\/b><\/p>\n<p><b>Mtra. Rosaura Melvina M\u00e9ndez Verduzco<\/b><\/p>\n<p><span style=\"font-weight: 400;\">Originaria de Tijuana, Baja California M\u00e9xico, ella es Directora General del Centro de Soluci\u00f3n de Conflictos MAXMEL S.C, Fundadora y creadora de CEMAJUR INTERNACIONAL, Comunidad de Especialistas en M\u00e9todos Alternos y Justicia Alternativa Internacional e Intercultural. Presidenta del 2015 al 2021, cargo actual como Directora de Enlace Internacional. Abogada egresada desde el 14 de enero del 2000, con maestr\u00eda en Mecanismos Alternos de Soluci\u00f3n de Conflictos, Especialidad en Derecho Constitucional y Administrativo y diplomados en Derechos Humanos, Mediaci\u00f3n: del Programa General de Capacitaci\u00f3n para Mediadores Dirigido a Organizaciones de la Sociedad Civil: por parte de la Agencia de los Estados Unidos para el Desarrollo Internacional (USAID), Mediaci\u00f3n Privada, Mediaci\u00f3n Privada y M\u00e9todos de Aplicaci\u00f3n, Licencia de Practicante en Programaci\u00f3n Neuro-Ling\u00fc\u00edstica por The First Of NLP and The Society Of Neuro-Linguistic Programming. Con registro STPS\/SICAPE: FOH530809-05 Folio 911\/5741. Diplomado de Mediaci\u00f3n Empresarial, Mediaci\u00f3n Prejudicial y Diploma por Anteproyecto de ley de impulso a la mediaci\u00f3n. Por el Centro de Estudios e Investigaci\u00f3n del Ilustre Colegio de Abogados de Madrid<\/span><\/p>\n\n\t\t<\/div><!-- .et_builder_inner_content -->\n\t<\/div><!-- .et-l -->\n\t","protected":false},"excerpt":{"rendered":"<p><b>INICIA: <\/b><span style=\"font-weight: 400;\">Jueves 6 de Octubre<\/span><\/p>\n<p><b>TERMINA: <\/b><span style=\"font-weight: 400;\">Jueves 8 de Diciembre<\/span><\/p>\n<p><b>HORARIO:<\/b><\/p>\n<p><span style=\"font-weight: 400;\">Jueves: 6:00 pm a 8:00 pm hora del pacifico.<br \/>\nDe 8:00 pm a 10:00 pm hora del centro de M\u00e9xico y Centroam\u00e9rica.\u00a0<\/span><\/p>\n<p><b>TOTAL: <\/b><span style=\"font-weight: 400;\">80 Horas\u00a0<\/span><\/p>\n<p><b>MODALIDAD<\/b><span style=\"font-weight: 400;\">: Online<\/span><\/p>\n","protected":false},"featured_media":1864,"comment_status":"open","ping_status":"closed","template":"","meta":{"_et_pb_use_builder":"","_et_pb_old_content":"","_et_gb_content_width":"","spay_email":""},"_links":{"self":[{"href":"https:\/\/ceu16.edu.mx\/educon\/wp-json\/wp\/v2\/product\/1862"}],"collection":[{"href":"https:\/\/ceu16.edu.mx\/educon\/wp-json\/wp\/v2\/product"}],"about":[{"href":"https:\/\/ceu16.edu.mx\/educon\/wp-json\/wp\/v2\/types\/product"}],"replies":[{"embeddable":true,"href":"https:\/\/ceu16.edu.mx\/educon\/wp-json\/wp\/v2\/comments?post=1862"}],"wp:featuredmedia":[{"embeddable":true,"href":"https:\/\/ceu16.edu.mx\/educon\/wp-json\/wp\/v2\/media\/1864"}],"wp:attachment":[{"href":"https:\/\/ceu16.edu.mx\/educon\/wp-json\/wp\/v2\/media?parent=1862"}],"curies":[{"name":"wp","href":"https:\/\/api.w.org\/{rel}","templated":true}]}}