{"id":2044,"date":"2023-01-09T21:44:12","date_gmt":"2023-01-09T21:44:12","guid":{"rendered":"https:\/\/ceu16.edu.mx\/educon\/?post_type=product&#038;p=2044"},"modified":"2025-02-26T00:33:18","modified_gmt":"2025-02-26T00:33:18","slug":"ingles-ingenieria","status":"publish","type":"product","link":"https:\/\/ceu16.edu.mx\/educon\/producto\/ingles-ingenieria\/","title":{"rendered":"Ingl\u00e9s especializado para ingenier\u00eda"},"content":{"rendered":"<div class=\"et-l et-l--post\">\n\t\t\t<div class=\"et_builder_inner_content et_pb_gutters3\">\n\t\t\n\t\t<\/div><!-- .et_builder_inner_content -->\n\t<\/div><!-- .et-l -->\n\t","protected":false},"excerpt":{"rendered":"<p>El prop\u00f3sito del curso es mejorar las habilidades profesionales de comunicaci\u00f3n, ya sea ingeniero, t\u00e9cnico de ingenier\u00eda, o director t\u00e9cnico. El curso cubre un lenguaje de alta prioridad que es \u00fatil en cualquier rama de la ingenier\u00eda, enfoc\u00e1ndose en habilidades como dibujo t\u00e9cnico, describir problemas t\u00e9cnicos y discutir dimensiones y precisiones.<\/p>\n<p><b>Duraci\u00f3n total del curso<\/b><span style=\"font-weight: 400;\">: 14 semanas, 42 horas.<\/span><span style=\"font-weight: 400;\"><i><strong><br \/>\n\u26a0 Horario sujeto a cambio.<br \/>\n<\/strong><\/i><\/span><b>Costo:<\/b><span style=\"font-weight: 400;\"> $3,900 + $800 de libro<\/span><span style=\"font-weight: 400;\">.<\/span><\/p>\n<p><em><strong>* Para este curso es importante contar con un nivel A2-B1 de acuerdo al Marco Com\u00fan Europeo de Referencia para las Lenguas. Agenda tu entrevista al n\u00famero de WhatsApp 686-2830299 es completamente gratuita.<\/strong><\/em><\/p>\n","protected":false},"featured_media":2058,"comment_status":"open","ping_status":"closed","template":"","meta":{"_et_pb_use_builder":"","_et_pb_old_content":"","_et_gb_content_width":"","spay_email":""},"_links":{"self":[{"href":"https:\/\/ceu16.edu.mx\/educon\/wp-json\/wp\/v2\/product\/2044"}],"collection":[{"href":"https:\/\/ceu16.edu.mx\/educon\/wp-json\/wp\/v2\/product"}],"about":[{"href":"https:\/\/ceu16.edu.mx\/educon\/wp-json\/wp\/v2\/types\/product"}],"replies":[{"embeddable":true,"href":"https:\/\/ceu16.edu.mx\/educon\/wp-json\/wp\/v2\/comments?post=2044"}],"wp:featuredmedia":[{"embeddable":true,"href":"https:\/\/ceu16.edu.mx\/educon\/wp-json\/wp\/v2\/media\/2058"}],"wp:attachment":[{"href":"https:\/\/ceu16.edu.mx\/educon\/wp-json\/wp\/v2\/media?parent=2044"}],"curies":[{"name":"wp","href":"https:\/\/api.w.org\/{rel}","templated":true}]}}