{"id":2045,"date":"2023-01-09T21:47:08","date_gmt":"2023-01-09T21:47:08","guid":{"rendered":"https:\/\/ceu16.edu.mx\/educon\/?post_type=product&#038;p=2045"},"modified":"2025-02-26T00:33:23","modified_gmt":"2025-02-26T00:33:23","slug":"ingles-enfermeria","status":"publish","type":"product","link":"https:\/\/ceu16.edu.mx\/educon\/producto\/ingles-enfermeria\/","title":{"rendered":"Ingl\u00e9s especializado para medicina y enfermer\u00eda."},"content":{"rendered":"<div class=\"et-l et-l--post\">\n\t\t\t<div class=\"et_builder_inner_content et_pb_gutters3\">\n\t\t\n\t\t<\/div><!-- .et_builder_inner_content -->\n\t<\/div><!-- .et-l -->\n\t","protected":false},"excerpt":{"rendered":"<p>El prop\u00f3sito del curso es mejorar las habilidades profesionales de comunicaci\u00f3n, ya sea profesional o estudiante en el \u00e1rea de la salud, espec\u00edficamente para el trato de pacientes, comunicaci\u00f3n con colegas y personal, mediante lenguaje y estructuras gramaticales para discutir investigaciones, diagn\u00f3sticos y tratamientos.<\/p>\n<p><b><i>Duraci\u00f3n total del curso<\/i><\/b><i><span style=\"font-weight: 400;\">: 14 semanas, 42 horas.<\/span><\/i><i><span style=\"font-weight: 400;\"><br \/>\n<strong style=\"font-weight: 400;\">\u26a0 Horario sujeto a cambio.<\/strong><br \/>\n<\/span><\/i><b><i>Costo:<\/i><\/b><i><span style=\"font-weight: 400;\"> $4,220\u00a0 + $800 de libro<\/span><\/i><\/p>\n<p><b><i>*Para este curso es importante contar con un nivel A2-B1 de acuerdo al Marco Com\u00fan Europeo de Referencia para las Lenguas. Agenda tu entrevista al n\u00famero de WhatsApp 686-604-7509, es completamente gratuita.<\/i><\/b><\/p>\n","protected":false},"featured_media":2056,"comment_status":"open","ping_status":"closed","template":"","meta":{"_et_pb_use_builder":"","_et_pb_old_content":"","_et_gb_content_width":"","spay_email":""},"_links":{"self":[{"href":"https:\/\/ceu16.edu.mx\/educon\/wp-json\/wp\/v2\/product\/2045"}],"collection":[{"href":"https:\/\/ceu16.edu.mx\/educon\/wp-json\/wp\/v2\/product"}],"about":[{"href":"https:\/\/ceu16.edu.mx\/educon\/wp-json\/wp\/v2\/types\/product"}],"replies":[{"embeddable":true,"href":"https:\/\/ceu16.edu.mx\/educon\/wp-json\/wp\/v2\/comments?post=2045"}],"wp:featuredmedia":[{"embeddable":true,"href":"https:\/\/ceu16.edu.mx\/educon\/wp-json\/wp\/v2\/media\/2056"}],"wp:attachment":[{"href":"https:\/\/ceu16.edu.mx\/educon\/wp-json\/wp\/v2\/media?parent=2045"}],"curies":[{"name":"wp","href":"https:\/\/api.w.org\/{rel}","templated":true}]}}