{"id":2046,"date":"2023-01-09T21:48:58","date_gmt":"2023-01-09T21:48:58","guid":{"rendered":"https:\/\/ceu16.edu.mx\/educon\/?post_type=product&#038;p=2046"},"modified":"2025-02-26T00:33:29","modified_gmt":"2025-02-26T00:33:29","slug":"ingles-recursos-humanos","status":"publish","type":"product","link":"https:\/\/ceu16.edu.mx\/educon\/producto\/ingles-recursos-humanos\/","title":{"rendered":"Ingl\u00e9s especializado para recursos humanos"},"content":{"rendered":"<div class=\"et-l et-l--post\">\n\t\t\t<div class=\"et_builder_inner_content et_pb_gutters3\">\n\t\t\n\t\t<\/div><!-- .et_builder_inner_content -->\n\t<\/div><!-- .et-l -->\n\t","protected":false},"excerpt":{"rendered":"<p><span style=\"font-weight: 400;\">El prop\u00f3sito del curso es mejorar las habilidades profesionales de comunicaci\u00f3n, ya sea profesional o estudiante en RR. HH. Para brindarle pr\u00e1ctica en las habilidades orales m\u00e1s habituales de un profesional de recursos humanos.<\/span><\/p>\n<p><b><i>Duraci\u00f3n total del curso<\/i><\/b><i><span style=\"font-weight: 400;\">: 14 semanas, 42 horas.<\/span><\/i><i><span style=\"font-weight: 400;\"><br \/>\n<\/span><\/i><i><span style=\"font-weight: 400;\"><strong>\u26a0 Horario sujeto a cambio.<br \/>\n<\/strong><\/span><\/i><b><i>Costo:<\/i><\/b><i><span style=\"font-weight: 400;\"> $4,100\u00a0 + $800 de libro<\/span><\/i><strong><i><br \/>\n<\/i><\/strong><\/p>\n<p><b>*Para este curso es importante contar con un nivel A2-B1 de acuerdo al Marco Com\u00fan Europeo de Referencia para las Lenguas. Agenda tu entrevista al n\u00famero de WhatsApp 686-604-7509, es completamente gratuita.<\/b><\/p>\n","protected":false},"featured_media":2057,"comment_status":"open","ping_status":"closed","template":"","meta":{"_et_pb_use_builder":"","_et_pb_old_content":"","_et_gb_content_width":"","spay_email":""},"_links":{"self":[{"href":"https:\/\/ceu16.edu.mx\/educon\/wp-json\/wp\/v2\/product\/2046"}],"collection":[{"href":"https:\/\/ceu16.edu.mx\/educon\/wp-json\/wp\/v2\/product"}],"about":[{"href":"https:\/\/ceu16.edu.mx\/educon\/wp-json\/wp\/v2\/types\/product"}],"replies":[{"embeddable":true,"href":"https:\/\/ceu16.edu.mx\/educon\/wp-json\/wp\/v2\/comments?post=2046"}],"wp:featuredmedia":[{"embeddable":true,"href":"https:\/\/ceu16.edu.mx\/educon\/wp-json\/wp\/v2\/media\/2057"}],"wp:attachment":[{"href":"https:\/\/ceu16.edu.mx\/educon\/wp-json\/wp\/v2\/media?parent=2046"}],"curies":[{"name":"wp","href":"https:\/\/api.w.org\/{rel}","templated":true}]}}