{"id":2157,"date":"2023-02-09T01:58:05","date_gmt":"2023-02-09T01:58:05","guid":{"rendered":"https:\/\/ceu16.edu.mx\/educon\/?post_type=product&#038;p=2157"},"modified":"2024-10-14T20:53:27","modified_gmt":"2024-10-14T20:53:27","slug":"ec1181-ec0586-2","status":"publish","type":"product","link":"https:\/\/ceu16.edu.mx\/educon\/producto\/ec1181-ec0586-2\/","title":{"rendered":"Curso Pr\u00e1ctico de Supervisi\u00f3n e Instalaci\u00f3n de Sistemas Fotovoltaicos EC1181 y EC0586"},"content":{"rendered":"<div class=\"et-l et-l--post\">\n\t\t\t<div class=\"et_builder_inner_content et_pb_gutters3\">\n\t\t<p><b>Acerca del docente:\u00a0<\/b><\/p>\n<p><b>Ing. Brayan Mora Aguirre<\/b><\/p>\n<p><span style=\"font-weight: 400;\">Instructor certificado en CITSolar<\/span><\/p>\n<p><b>Incluye:\u00a0<\/b><b><\/b><\/p>\n<ul>\n<li aria-level=\"1\">Acceso a cursos y talleres digitales continuos.<\/li>\n<\/ul>\n<ul>\n<li aria-level=\"1\">Asesor\u00edas personalizadas uno a uno con instructores y asesores educativos sobre temas selectos.<\/li>\n<\/ul>\n<ul>\n<li aria-level=\"1\">Grupo privado de Seguimiento de WhatsApp.<\/li>\n<\/ul>\n<ul>\n<li aria-level=\"1\">Material de Trabajo Impreso a color con tu memoria digital del Curso.<\/li>\n<\/ul>\n<ul>\n<li aria-level=\"1\">Cat\u00e1logo mejores proveedores con descuentos especiales.<\/li>\n<\/ul>\n<ul>\n<li aria-level=\"1\">Formatos de Cotizaci\u00f3n Para Tus Clientes.<\/li>\n<\/ul>\n<ul>\n<li aria-level=\"1\">Todos los contratos de CFE.<\/li>\n<\/ul>\n<p>&nbsp;<\/p>\n\n\t\t<\/div><!-- .et_builder_inner_content -->\n\t<\/div><!-- .et-l -->\n\t","protected":false},"excerpt":{"rendered":"<p><span style=\"font-weight: 400;\"><strong>Modalidad<\/strong>: Presencial 2 sesiones<\/span><\/p>\n<p><span style=\"font-weight: 400;\"><strong>Duraci\u00f3n<\/strong>: 18 horas\u00a0<\/span><\/p>\n<p><span style=\"font-weight: 400;\"><strong>Horario<\/strong>: Viernes y S\u00e1bado de 9:00 am a 6:00 pm.<\/span><\/p>\n","protected":false},"featured_media":2158,"comment_status":"open","ping_status":"closed","template":"","meta":{"_et_pb_use_builder":"","_et_pb_old_content":"","_et_gb_content_width":"","spay_email":""},"_links":{"self":[{"href":"https:\/\/ceu16.edu.mx\/educon\/wp-json\/wp\/v2\/product\/2157"}],"collection":[{"href":"https:\/\/ceu16.edu.mx\/educon\/wp-json\/wp\/v2\/product"}],"about":[{"href":"https:\/\/ceu16.edu.mx\/educon\/wp-json\/wp\/v2\/types\/product"}],"replies":[{"embeddable":true,"href":"https:\/\/ceu16.edu.mx\/educon\/wp-json\/wp\/v2\/comments?post=2157"}],"wp:featuredmedia":[{"embeddable":true,"href":"https:\/\/ceu16.edu.mx\/educon\/wp-json\/wp\/v2\/media\/2158"}],"wp:attachment":[{"href":"https:\/\/ceu16.edu.mx\/educon\/wp-json\/wp\/v2\/media?parent=2157"}],"curies":[{"name":"wp","href":"https:\/\/api.w.org\/{rel}","templated":true}]}}