{"id":2179,"date":"2023-02-18T02:00:00","date_gmt":"2023-02-18T02:00:00","guid":{"rendered":"https:\/\/ceu16.edu.mx\/educon\/?post_type=product&#038;p=2179"},"modified":"2023-11-28T22:29:56","modified_gmt":"2023-11-28T22:29:56","slug":"programacion-plc","status":"publish","type":"product","link":"https:\/\/ceu16.edu.mx\/educon\/producto\/programacion-plc\/","title":{"rendered":"Programaci\u00f3n en escalera y bloques l\u00f3gicos para PLC."},"content":{"rendered":"<div class=\"et-l et-l--post\">\n\t\t\t<div class=\"et_builder_inner_content et_pb_gutters3\">\n\t\t<p><b>Objetivo General:<\/b><\/p>\n<p><span style=\"font-weight: 400;\">Que el participante aprenda las generalidades del \u201cprocesador l\u00f3gico programable\u201d, m\u00e1s com\u00fanmente conocido como PLC. De este modo logra aplicar su conocimiento te\u00f3rico-pr\u00e1ctico para identificar las principales funciones de los sistemas operativos y comprender tambi\u00e9n un ciclo de ejecuci\u00f3n de sistemas de forma gen\u00e9rica. Se aprender\u00e1n los principales lenguajes de programaci\u00f3n utilizados para este tipo de dispositivos\u00a0<\/span><\/p>\n<p><b>Docente:\u00a0<\/b><\/p>\n<p><span style=\"font-weight: 400;\">Ing. H\u00e9ctor Real<\/span><\/p>\n<p><b>Incluye: Constancia<\/b><\/p>\n\n\t\t<\/div><!-- .et_builder_inner_content -->\n\t<\/div><!-- .et-l -->\n\t","protected":false},"excerpt":{"rendered":"<p><b>MODALIDAD<span style=\"font-weight: 400;\">:\u00a0 PRESENCIAL\u00a0<\/span><br \/>\nP\u00fablico en general:\u00a0 <\/b><span style=\"font-weight: 400;\">$1500.00 MN.<\/span><\/p>\n<p><b>Fecha de Inicio:<\/b><span style=\"font-weight: 400;\"> Lunes 6 de marzo\u00a0<\/span><\/p>\n<p><b>Fecha de terminaci\u00f3n: <\/b><span style=\"font-weight: 400;\">Mi\u00e9rcoles 29 de marzo\u00a0<\/span><\/p>\n<p><b>HORARIOS:<\/b><\/p>\n<p><span style=\"font-weight: 400;\">LUNES Y MI\u00c9RCOLES DE 7:00 A 9:00 PM<\/span><\/p>\n","protected":false},"featured_media":2181,"comment_status":"open","ping_status":"closed","template":"","meta":{"_et_pb_use_builder":"","_et_pb_old_content":"","_et_gb_content_width":"","spay_email":""},"_links":{"self":[{"href":"https:\/\/ceu16.edu.mx\/educon\/wp-json\/wp\/v2\/product\/2179"}],"collection":[{"href":"https:\/\/ceu16.edu.mx\/educon\/wp-json\/wp\/v2\/product"}],"about":[{"href":"https:\/\/ceu16.edu.mx\/educon\/wp-json\/wp\/v2\/types\/product"}],"replies":[{"embeddable":true,"href":"https:\/\/ceu16.edu.mx\/educon\/wp-json\/wp\/v2\/comments?post=2179"}],"wp:featuredmedia":[{"embeddable":true,"href":"https:\/\/ceu16.edu.mx\/educon\/wp-json\/wp\/v2\/media\/2181"}],"wp:attachment":[{"href":"https:\/\/ceu16.edu.mx\/educon\/wp-json\/wp\/v2\/media?parent=2179"}],"curies":[{"name":"wp","href":"https:\/\/api.w.org\/{rel}","templated":true}]}}