{"id":2183,"date":"2023-02-18T02:03:51","date_gmt":"2023-02-18T02:03:51","guid":{"rendered":"https:\/\/ceu16.edu.mx\/educon\/?post_type=product&#038;p=2183"},"modified":"2023-11-28T22:29:56","modified_gmt":"2023-11-28T22:29:56","slug":"analisis-datos","status":"publish","type":"product","link":"https:\/\/ceu16.edu.mx\/educon\/producto\/analisis-datos\/","title":{"rendered":"An\u00e1lisis de datos para la toma de decisiones."},"content":{"rendered":"<div class=\"et-l et-l--post\">\n\t\t\t<div class=\"et_builder_inner_content et_pb_gutters3\">\n\t\t<p><span style=\"font-weight: 400;\"><b>Objetivo General:<br \/>\n<\/b><\/span><span style=\"font-weight: 400;\">El participante aprender\u00e1 a procesar y analizar datos, utilizando las herramientas de an\u00e1lisis clave y crear visualizaciones que puedan proporcionar informaci\u00f3n para tomar decisiones operativas y comerciales importantes.<\/span><\/p>\n<p><b>Docente:\u00a0<\/b><\/p>\n<p><span style=\"font-weight: 400;\">Ing. Yohana Urueta<\/span><\/p>\n<p><b>Incluye: Constancia<\/b><\/p>\n\n\t\t<\/div><!-- .et_builder_inner_content -->\n\t<\/div><!-- .et-l -->\n\t","protected":false},"excerpt":{"rendered":"<p><b>P\u00fablico en general:\u00a0 <\/b><span style=\"font-weight: 400;\">$1500.00 MN.<\/span><\/p>\n<p><b>Fecha de Inicio:<\/b><span style=\"font-weight: 400;\"> Lunes 6 de marzo\u00a0<\/span><\/p>\n<p><b>Fecha de terminaci\u00f3n: <\/b><span style=\"font-weight: 400;\">Mi\u00e9rcoles 29 de marzo\u00a0<\/span><\/p>\n<p><b>HORARIOS:<\/b><\/p>\n<p><span style=\"font-weight: 400;\">LUNES Y MI\u00c9RCOLES DE 7:00 A 9:00 PM<\/span><\/p>\n","protected":false},"featured_media":2184,"comment_status":"open","ping_status":"closed","template":"","meta":{"_et_pb_use_builder":"","_et_pb_old_content":"","_et_gb_content_width":"","spay_email":""},"_links":{"self":[{"href":"https:\/\/ceu16.edu.mx\/educon\/wp-json\/wp\/v2\/product\/2183"}],"collection":[{"href":"https:\/\/ceu16.edu.mx\/educon\/wp-json\/wp\/v2\/product"}],"about":[{"href":"https:\/\/ceu16.edu.mx\/educon\/wp-json\/wp\/v2\/types\/product"}],"replies":[{"embeddable":true,"href":"https:\/\/ceu16.edu.mx\/educon\/wp-json\/wp\/v2\/comments?post=2183"}],"wp:featuredmedia":[{"embeddable":true,"href":"https:\/\/ceu16.edu.mx\/educon\/wp-json\/wp\/v2\/media\/2184"}],"wp:attachment":[{"href":"https:\/\/ceu16.edu.mx\/educon\/wp-json\/wp\/v2\/media?parent=2183"}],"curies":[{"name":"wp","href":"https:\/\/api.w.org\/{rel}","templated":true}]}}