{"id":2185,"date":"2023-02-18T02:08:32","date_gmt":"2023-02-18T02:08:32","guid":{"rendered":"https:\/\/ceu16.edu.mx\/educon\/?post_type=product&#038;p=2185"},"modified":"2023-11-28T22:29:56","modified_gmt":"2023-11-28T22:29:56","slug":"inteligencia-emocional","status":"publish","type":"product","link":"https:\/\/ceu16.edu.mx\/educon\/producto\/inteligencia-emocional\/","title":{"rendered":"INTELIGENCIA EMOCIONAL EN EL SECTOR PRODUCTIVO"},"content":{"rendered":"<div class=\"et-l et-l--post\">\n\t\t\t<div class=\"et_builder_inner_content et_pb_gutters3\">\n\t\t<p><b>Objetivo General:<\/b><\/p>\n<p><span style=\"font-weight: 400;\">Abrir las posibilidades de tomar conciencia sobre los modelos de gesti\u00f3n y valores que act\u00faan hoy en las organizaciones con el fin de poder gestionar de forma inteligente y evaluar su efectividad en t\u00e9rminos de bienestar social, personal y global, tomando en cuenta la salud f\u00edsica, mental y emocional de los miembros de una organizaci\u00f3n.\u00a0<\/span><\/p>\n<p><b>Docente:\u00a0<\/b><\/p>\n<p><span style=\"font-weight: 400;\">Ing. Yohana Urueta<\/span><\/p>\n<p><b>Incluye: Constancia<\/b><\/p>\n<p>&nbsp;<\/p>\n\n\t\t<\/div><!-- .et_builder_inner_content -->\n\t<\/div><!-- .et-l -->\n\t","protected":false},"excerpt":{"rendered":"<p><b>MODALIDAD<\/b><span style=\"font-weight: 400;\">:\u00a0 PRESENCIAL<\/span><\/p>\n<p><b>Fecha de Inicio:<\/b><span style=\"font-weight: 400;\"> Martes 7 de marzo\u00a0<\/span><\/p>\n<p><b>Fecha de terminaci\u00f3n: <\/b><span style=\"font-weight: 400;\">Jueves 30 de marzo\u00a0<\/span><\/p>\n<p><b>HORARIOS:<\/b><\/p>\n<p><span style=\"font-weight: 400;\">MARTES Y JUEVES DE 8:00 A 10:00 PM<\/span><\/p>\n<p><span style=\"font-weight: 400;\">\u00a0<\/span><\/p>\n","protected":false},"featured_media":2186,"comment_status":"open","ping_status":"closed","template":"","meta":{"_et_pb_use_builder":"","_et_pb_old_content":"","_et_gb_content_width":"","spay_email":""},"_links":{"self":[{"href":"https:\/\/ceu16.edu.mx\/educon\/wp-json\/wp\/v2\/product\/2185"}],"collection":[{"href":"https:\/\/ceu16.edu.mx\/educon\/wp-json\/wp\/v2\/product"}],"about":[{"href":"https:\/\/ceu16.edu.mx\/educon\/wp-json\/wp\/v2\/types\/product"}],"replies":[{"embeddable":true,"href":"https:\/\/ceu16.edu.mx\/educon\/wp-json\/wp\/v2\/comments?post=2185"}],"wp:featuredmedia":[{"embeddable":true,"href":"https:\/\/ceu16.edu.mx\/educon\/wp-json\/wp\/v2\/media\/2186"}],"wp:attachment":[{"href":"https:\/\/ceu16.edu.mx\/educon\/wp-json\/wp\/v2\/media?parent=2185"}],"curies":[{"name":"wp","href":"https:\/\/api.w.org\/{rel}","templated":true}]}}