{"id":2187,"date":"2023-02-18T02:13:08","date_gmt":"2023-02-18T02:13:08","guid":{"rendered":"https:\/\/ceu16.edu.mx\/educon\/?post_type=product&#038;p=2187"},"modified":"2023-11-28T22:29:55","modified_gmt":"2023-11-28T22:29:55","slug":"electricidad-industrial","status":"publish","type":"product","link":"https:\/\/ceu16.edu.mx\/educon\/producto\/electricidad-industrial\/","title":{"rendered":"FUNDAMENTOS DE ELECTRICIDAD INDUSTRIAL"},"content":{"rendered":"<div class=\"et-l et-l--post\">\n\t\t\t<div class=\"et_builder_inner_content et_pb_gutters3\">\n\t\t<p><b>Objetivo General:<\/b><\/p>\n<p><span style=\"font-weight: 400;\">El participante ser\u00e1 capaz de realizar la integraci\u00f3n de sistemas el\u00e9ctricos b\u00e1sicos y del tipo industrial analizando con su l\u00f3gica los arreglos de protecci\u00f3n y accionamiento para motores de CA Detecci\u00f3n de diferentes tipos de circuitos, manejo de relevaci\u00f3n, variadores de velocidad, dispositivos de control como timers, Contadores, Contactores, Protecciones el\u00e9ctricas etc\u00e9tera.\u00a0<\/span><\/p>\n<p><b>Docente:\u00a0<\/b><\/p>\n<p><span style=\"font-weight: 400;\">Ing. H\u00e9ctor Real<\/span><\/p>\n<p><b>Incluye: Constancia<\/b><\/p>\n\n\t\t<\/div><!-- .et_builder_inner_content -->\n\t<\/div><!-- .et-l -->\n\t","protected":false},"excerpt":{"rendered":"<p><b>MODALIDAD<\/b><span style=\"font-weight: 400;\">:\u00a0 PRESENCIAL\u00a0<\/span><\/p>\n<p><b>Fecha de Inicio:<\/b><span style=\"font-weight: 400;\"> Martes 7 de marzo\u00a0<\/span><\/p>\n<p><b>Fecha de terminaci\u00f3n: <\/b><span style=\"font-weight: 400;\">Jueves 30 de marzo\u00a0<\/span><\/p>\n<p><b>HORARIOS:<\/b><\/p>\n<p><span style=\"font-weight: 400;\">MARTES Y JUEVES DE 8:00 A 10:00 PM<\/span><\/p>\n","protected":false},"featured_media":2188,"comment_status":"open","ping_status":"closed","template":"","meta":{"_et_pb_use_builder":"","_et_pb_old_content":"","_et_gb_content_width":"","spay_email":""},"_links":{"self":[{"href":"https:\/\/ceu16.edu.mx\/educon\/wp-json\/wp\/v2\/product\/2187"}],"collection":[{"href":"https:\/\/ceu16.edu.mx\/educon\/wp-json\/wp\/v2\/product"}],"about":[{"href":"https:\/\/ceu16.edu.mx\/educon\/wp-json\/wp\/v2\/types\/product"}],"replies":[{"embeddable":true,"href":"https:\/\/ceu16.edu.mx\/educon\/wp-json\/wp\/v2\/comments?post=2187"}],"wp:featuredmedia":[{"embeddable":true,"href":"https:\/\/ceu16.edu.mx\/educon\/wp-json\/wp\/v2\/media\/2188"}],"wp:attachment":[{"href":"https:\/\/ceu16.edu.mx\/educon\/wp-json\/wp\/v2\/media?parent=2187"}],"curies":[{"name":"wp","href":"https:\/\/api.w.org\/{rel}","templated":true}]}}