{"id":2202,"date":"2023-03-03T05:24:54","date_gmt":"2023-03-03T05:24:54","guid":{"rendered":"https:\/\/ceu16.edu.mx\/educon\/?post_type=product&#038;p=2202"},"modified":"2023-11-28T22:28:54","modified_gmt":"2023-11-28T22:28:54","slug":"prevencion-atencion-hostigamiento-y-acoso-sexual","status":"publish","type":"product","link":"https:\/\/ceu16.edu.mx\/educon\/producto\/prevencion-atencion-hostigamiento-y-acoso-sexual\/","title":{"rendered":"DIPLOMADO MEJORES PR\u00c1CTICAS PARA LA PREVENCI\u00d3N Y ATENCI\u00d3N DEL HOSTIGAMIENTO Y ACOSO SEXUAL EN INSTITUCIONES P\u00daBLICAS Y PRIVADAS."},"content":{"rendered":"<div class=\"et-l et-l--post\">\n\t\t\t<div class=\"et_builder_inner_content et_pb_gutters3\">\n\t\t<div class=\"gmail_default\">MTRA. MAR\u00cdA DEL CARMEN RIOSECO GALLEGOS. Mexicali, B.C.<\/div>\n<ul>\n<li><span lang=\"ES\">Maestr\u00eda en Liderazgo Desarrollador. U.V.M (Cedula Profesional, Tesina: An\u00e1lisis del clima laboral con enfoque de g\u00e9nero y de derechos humanos en las organizaciones.<\/span><\/li>\n<li>Directora de Tod@s Ciudadan@s, A.C.<\/li>\n<li>Presidenta del Consejo Consultivo del Instituto Nacional de las Mujeres (INMUJERES).<\/li>\n<li>Expositora y conferencista en temas de igualdad, violencia de g\u00e9nero y derechos humanos de las mujeres.<\/li>\n<li>\u00a0<span lang=\"ES\" style=\"font-family: -apple-system, BlinkMacSystemFont, 'Segoe UI', Roboto, Oxygen-Sans, Ubuntu, Cantarell, 'Helvetica Neue', sans-serif;\">Inicialista y promotora de iniciativas de ley para la igualdad y atenci\u00f3n de la violencia hacia las mujeres. Desde hace m\u00e1s de dos d\u00e9cadas, con el legislativo).<\/span><\/li>\n<li>Certificaci\u00f3n en las Normas T\u00e9cnicas de Competencia Laboral como Instructora en cursos. (UNITec, Sonora, CONOCER).<\/li>\n<li><span lang=\"ES\" style=\"font-family: -apple-system, BlinkMacSystemFont, 'Segoe UI', Roboto, Oxygen-Sans, Ubuntu, Cantarell, 'Helvetica Neue', sans-serif;\">Certificaci\u00f3n en Dise\u00f1o de cursos de capacitaci\u00f3n, sus instrumentos de evaluaci\u00f3n y material de evaluaci\u00f3n. Elaboraci\u00f3n de manuales para Capacitaci\u00f3n. (Universidad de Chapingo, CONOCER).<\/span><\/li>\n<li>Certificaci\u00f3n en Formulaci\u00f3n de Dise\u00f1o de Proyectos de Inversi\u00f3n Rural, (CICEMARK, Chapingo).<\/li>\n<li><span lang=\"ES\" style=\"font-family: -apple-system, BlinkMacSystemFont, 'Segoe UI', Roboto, Oxygen-Sans, Ubuntu, Cantarell, 'Helvetica Neue', sans-serif;\">Dise\u00f1o y desarrollo de programa social para la atenci\u00f3n de mujeres vulnerables en el Centro Hist\u00f3rico de Mexicali.<\/span><\/li>\n<li><span lang=\"ES\" style=\"font-family: -apple-system, BlinkMacSystemFont, 'Segoe UI', Roboto, Oxygen-Sans, Ubuntu, Cantarell, 'Helvetica Neue', sans-serif;\">Participaci\u00f3n en el proyecto ciudadanizado Mexicali Ciudad de Gran Visi\u00f3n, en los temas de equidad e igualdad para espacios libres de violencia.<\/span><\/li>\n<li><span lang=\"ES\" style=\"font-family: -apple-system, BlinkMacSystemFont, 'Segoe UI', Roboto, Oxygen-Sans, Ubuntu, Cantarell, 'Helvetica Neue', sans-serif;\">Desarrollo y acompa\u00f1amiento a escuelas de bachillerato para la prevenci\u00f3n de la violencia en el noviazgo.<\/span><\/li>\n<li>Desarrollo e implementaci\u00f3n de acciones afirmativas (buenas pr\u00e1cticas) para la prevenci\u00f3n y atenci\u00f3n del hostigamiento y acoso sexual, y laboral, en la Contralor\u00eda del Estado;<\/li>\n<li>Instalaci\u00f3n del Sistema Municipal para la Prevenci\u00f3n, atenci\u00f3n, sanci\u00f3n y eliminaci\u00f3n de la violencia de g\u00e9nero en los municipios de Ensenada y Playas de Rosarito.<\/li>\n<li>Form\u00f3 el primer c\u00edrculo de estudios de la mujer en Baja California.<\/li>\n<\/ul>\n\n\t\t<\/div><!-- .et_builder_inner_content -->\n\t<\/div><!-- .et-l -->\n\t","protected":false},"excerpt":{"rendered":"<p><b>MODALIDAD<\/b><span style=\"font-weight: 400;\">:\u00a0 H\u00cdBRIDA\u00a0<\/span><\/p>\n<p><b>Fecha:<\/b><span style=\"font-weight: 400;\">\u00a0 22 DE ABRIL AL 17 DE JUNIO<\/span><\/p>\n<p><b>HORARIO:<\/b><\/p>\n<p><span style=\"font-weight: 400;\">LUNES DE 5:00 A 8:00 PM<\/span><\/p>\n<p><span style=\"font-weight: 400;\">S\u00c1BADOS DE\u00a0 9:00 AM A 2:00 PM<\/span><\/p>\n<p>&nbsp;<\/p>\n<p><strong>Incluye: Seguimiento individual, constancia.<\/strong><\/p>\n","protected":false},"featured_media":2203,"comment_status":"open","ping_status":"closed","template":"","meta":{"_et_pb_use_builder":"","_et_pb_old_content":"","_et_gb_content_width":"","spay_email":""},"_links":{"self":[{"href":"https:\/\/ceu16.edu.mx\/educon\/wp-json\/wp\/v2\/product\/2202"}],"collection":[{"href":"https:\/\/ceu16.edu.mx\/educon\/wp-json\/wp\/v2\/product"}],"about":[{"href":"https:\/\/ceu16.edu.mx\/educon\/wp-json\/wp\/v2\/types\/product"}],"replies":[{"embeddable":true,"href":"https:\/\/ceu16.edu.mx\/educon\/wp-json\/wp\/v2\/comments?post=2202"}],"wp:featuredmedia":[{"embeddable":true,"href":"https:\/\/ceu16.edu.mx\/educon\/wp-json\/wp\/v2\/media\/2203"}],"wp:attachment":[{"href":"https:\/\/ceu16.edu.mx\/educon\/wp-json\/wp\/v2\/media?parent=2202"}],"curies":[{"name":"wp","href":"https:\/\/api.w.org\/{rel}","templated":true}]}}