{"id":2386,"date":"2023-06-14T01:30:44","date_gmt":"2023-06-14T01:30:44","guid":{"rendered":"https:\/\/ceu16.edu.mx\/educon\/?post_type=product&#038;p=2386"},"modified":"2023-11-28T22:28:52","modified_gmt":"2023-11-28T22:28:52","slug":"taller-diseno-grafico-serigrafia","status":"publish","type":"product","link":"https:\/\/ceu16.edu.mx\/educon\/producto\/taller-diseno-grafico-serigrafia\/","title":{"rendered":"Taller \u201cIntroducci\u00f3n al dise\u00f1o gr\u00e1fico y serigraf\u00eda\u201d"},"content":{"rendered":"<div class=\"et-l et-l--post\">\n\t\t\t<div class=\"et_builder_inner_content et_pb_gutters3\">\n\t\t\n\t\t<\/div><!-- .et_builder_inner_content -->\n\t<\/div><!-- .et-l -->\n\t","protected":false},"excerpt":{"rendered":"<p><b>MODALIDAD<\/b><span style=\"font-weight: 400;\">:\u00a0 PRESENCIAL\u00a0<\/span><\/p>\n<p><b>Fecha:<\/b><span style=\"font-weight: 400;\">\u00a0<\/span><\/p>\n<p><span style=\"font-weight: 400;\">Inicia: Martes 25 de Julio\u00a0<\/span><\/p>\n<p><span style=\"font-weight: 400;\">Finaliza: S\u00e1bado 12 de Agosto<\/span><\/p>\n<p><b>HORARIO:<\/b><\/p>\n<p><span style=\"font-weight: 400;\">Martes: 6:00 a 8:00 pm (EN LAIIT)<\/span><\/p>\n<p><span style=\"font-weight: 400;\">S\u00e1bado: 9:00 am a 12:00 pm\u00a0 (TALLER DE SERIGRAF\u00cdA)<\/span><\/p>\n<p><b>Incluye: Material <\/b><span style=\"font-weight: 400;\">(pintura, camisetas, lo que dise\u00f1e el alumno se lo lleva)<\/span><\/p>\n","protected":false},"featured_media":2387,"comment_status":"open","ping_status":"closed","template":"","meta":{"_et_pb_use_builder":"","_et_pb_old_content":"","_et_gb_content_width":"","spay_email":""},"_links":{"self":[{"href":"https:\/\/ceu16.edu.mx\/educon\/wp-json\/wp\/v2\/product\/2386"}],"collection":[{"href":"https:\/\/ceu16.edu.mx\/educon\/wp-json\/wp\/v2\/product"}],"about":[{"href":"https:\/\/ceu16.edu.mx\/educon\/wp-json\/wp\/v2\/types\/product"}],"replies":[{"embeddable":true,"href":"https:\/\/ceu16.edu.mx\/educon\/wp-json\/wp\/v2\/comments?post=2386"}],"wp:featuredmedia":[{"embeddable":true,"href":"https:\/\/ceu16.edu.mx\/educon\/wp-json\/wp\/v2\/media\/2387"}],"wp:attachment":[{"href":"https:\/\/ceu16.edu.mx\/educon\/wp-json\/wp\/v2\/media?parent=2386"}],"curies":[{"name":"wp","href":"https:\/\/api.w.org\/{rel}","templated":true}]}}