{"id":2495,"date":"2023-07-12T14:02:46","date_gmt":"2023-07-12T14:02:46","guid":{"rendered":"https:\/\/ceu16.edu.mx\/educon\/?post_type=product&#038;p=2495"},"modified":"2023-11-28T22:28:51","modified_gmt":"2023-11-28T22:28:51","slug":"criminologia-aplicada-en-las-adicciones","status":"publish","type":"product","link":"https:\/\/ceu16.edu.mx\/educon\/producto\/criminologia-aplicada-en-las-adicciones\/","title":{"rendered":"CRIMINOLOG\u00cdA APLICADA EN LAS ADICCIONES"},"content":{"rendered":"<div class=\"et-l et-l--post\">\n\t\t\t<div class=\"et_builder_inner_content et_pb_gutters3\">\n\t\t<p><span style=\"font-weight: 400;\">M\u00f3dulo 1<\/span><\/p>\n<p><span style=\"font-weight: 400;\">Lic. V\u00edctor Eduardo Ibarra P\u00e9rez<\/span><\/p>\n<p><span style=\"font-weight: 400;\">Licenciado en Criminolog\u00eda que ha dedicado su carrera profesional al estudio y abordaje de las adicciones desde una perspectiva criminol\u00f3gica, y se ha destacado como un especialista en la entrevista criminol\u00f3gica, la identificaci\u00f3n de factores y el plan de vida en el tratamiento de adicciones. Su conocimiento y experiencia en este campo son invaluables para los participantes del diplomado, ya que nos brindar\u00e1 una visi\u00f3n criminol\u00f3gica sobre el tratamiento y la prevenci\u00f3n de las adicciones. Actualmente es el director general de EDUPREV Consultor\u00eda Criminol\u00f3gica, una organizaci\u00f3n especializada en el \u00e1mbito de la prevenci\u00f3n de la violencia. Su liderazgo en esta instituci\u00f3n demuestra su compromiso y dedicaci\u00f3n para abordar esta problem\u00e1tica social de manera integral.<\/span><\/p>\n<p><span style=\"font-weight: 400;\">M\u00f3dulo 2<\/span><\/p>\n<p><span style=\"font-weight: 400;\">Lic. Alejandra Garibay Reynoso<\/span><\/p>\n<p><span style=\"font-weight: 400;\">Licenciada en Criminolog\u00eda, maestrante en el posgrado de Psicolog\u00eda Criminol\u00f3gica del Centro de Estudios Superiores Penales, cuenta con diversos diplomados especializados en Adicciones; Creadora del programa de Criminolog\u00eda Cl\u00ednica Aplicada en adicciones para la Fundaci\u00f3n J\u00f3venes Unidos IDAR A.C., con enfoque en la prevenci\u00f3n terciaria y reinserci\u00f3n social. Su trabajo en esta fundaci\u00f3n demuestra su compromiso con la sociedad y su dedicaci\u00f3n para ayudar a las personas que luchan contra las adicciones. Tambi\u00e9n se destaca como colaboradora en el \u00e1rea de investigaci\u00f3n y desarrollo en una consultor\u00eda especializada en seguridad p\u00fablica y privada, prevenci\u00f3n del delito, pol\u00edticas p\u00fablicas y log\u00edstica. Actualmente se desempe\u00f1a como Profesora titular en la materia de Criminolog\u00eda Cl\u00ednica para un centro de estudios especializado en ciencias penales.<\/span><\/p>\n<p><span style=\"font-weight: 400;\">M\u00f3dulo 3<\/span><\/p>\n<p><span style=\"font-weight: 400;\">Mtro. Sergio Israel Peralta Reyes<\/span><\/p>\n<p><span style=\"font-weight: 400;\">Licenciado en Psicolog\u00eda por la UABC, Maestro en Criminolog\u00eda por el CESCIPE, doctorante en Educaci\u00f3n, con diplomados en psicolog\u00eda forense y psicopatolog\u00eda. Se ha desempe\u00f1ado como psic\u00f3logo para el departamento de reclutamiento en la Procuradur\u00eda General de Justicia de Baja California; se desempe\u00f1\u00f3 como Coordinador Estatal de Psicolog\u00eda y Criminolog\u00eda para la Subsecretar\u00eda del Sistema Estatal Penitenciario de Baja California; psic\u00f3logo adscrito al Centro de Reinserci\u00f3n Social de Mexicali. Cuenta con experiencia en el campo de la docencia para diversas Instituciones Acad\u00e9micas en Baja California, en las materias de comportamiento criminal, evaluaci\u00f3n de la personalidad, psicolog\u00eda del trabajo, m\u00e9todos de evaluaci\u00f3n cuantitativa y teor\u00eda y sistemas en psicolog\u00eda.<\/span><\/p>\n<p><span style=\"font-weight: 400;\">M\u00f3dulo 4<\/span><\/p>\n<p><span style=\"font-weight: 400;\">Lic. Viviana Guardado Vega<\/span><\/p>\n<p><span style=\"font-weight: 400;\">Licenciada en Psicolog\u00eda, maestrante en Psicoterapia Cognitivo Conductual por UNIVERSIDAD XOCHICALCO CAMPUS MEXICALI. Cuenta con amplia experiencia en el tratamiento de adicciones prestando sus servicios en diversos Centros de tratamiento y rehabilitaci\u00f3n en Baja California; ha colaborado para la Comisi\u00f3n Estatal del Sistema Penitenciario de Baja California, con la Atenci\u00f3n para las personas privadas de la libertad, brindando sesiones individuales, evaluaciones con pruebas psicol\u00f3gicas para medir ansiedad, depresi\u00f3n, riesgo suicida u homicida.<\/span><\/p>\n<p><span style=\"font-weight: 400;\">M\u00f3dulo 5<\/span><\/p>\n<p><span style=\"font-weight: 400;\">Lic. Jos\u00e9 Antonio Cedano Gasca<\/span><\/p>\n<p><span style=\"font-weight: 400;\">Licenciado en psicolog\u00eda por la UABC, coautor del estudio de \u201cTendencias de consumo de drogas en el noroeste mexicano; correlaciones entre deterioro cognitivo y consumo\u201d; docente y asesor de proyectos en materias \u201cMetodolog\u00eda de la investigaci\u00f3n y seminario de investigaci\u00f3n\u201d a residentes psic\u00f3logos de la especialidad en Psicolog\u00eda Cl\u00ednica Hospitalaria del I.P.E.B.C.; actualmente se desempe\u00f1a como visitador de establecimientos especializados en tratamiento de adicciones en el municipio de Mexicali.<\/span><\/p>\n<p><span style=\"font-weight: 400;\">M\u00f3dulo 6<\/span><\/p>\n<p><span style=\"font-weight: 400;\">Lic. Carolina Isabel Aguilar Chavez<\/span><\/p>\n<p><span style=\"font-weight: 400;\">Licenciada en psicolog\u00eda cl\u00ednica por CETYS Universidad, y Licenciada en Criminolog\u00eda por el CESCIPE; ha tenido participaci\u00f3n en el Centro de rehabilitaci\u00f3n \u201cCEDA Hogar Cristina 1\u201d con la creaci\u00f3n y aplicaci\u00f3n del programa de prevenci\u00f3n de reca\u00eddas, as\u00ed como en el Centro de Integraci\u00f3n Juvenil en la \u201cprevenci\u00f3n del consumo de drogas\u201d; como parte de su actualizaci\u00f3n y formaci\u00f3n profesional\u00a0 cuenta con certificaciones y capacitaciones en \u201cTrauma: aspectos culturales e intervenci\u00f3n en crisis\u201d por Pacific Oaks College, en \u201cPrimeros auxilios psicol\u00f3gicos\u201d por la Universidad de Barcelona, en \u201cTrabajo cl\u00ednico con personas en situaci\u00f3n en crisis\u201d por el Colegio de psicoterapeutas del Noroeste, y con participaci\u00f3n en foro \u201cIntercambio de experiencias en Salud Mental\u201d por la Universidad de Columbia en Nueva York.<\/span><\/p>\n\n\t\t<\/div><!-- .et_builder_inner_content -->\n\t<\/div><!-- .et-l -->\n\t","protected":false},"excerpt":{"rendered":"<p><b>MODALIDAD<\/b><span style=\"font-weight: 400;\">:\u00a0 PRESENCIAL<\/span><\/p>\n<p><b>HORARIO:<\/b><\/p>\n<p><span style=\"font-weight: 400;\">SABADOS: 9:00 AM A 1:00 PM<\/span><\/p>\n","protected":false},"featured_media":2503,"comment_status":"open","ping_status":"closed","template":"","meta":{"_et_pb_use_builder":"","_et_pb_old_content":"","_et_gb_content_width":"","spay_email":""},"_links":{"self":[{"href":"https:\/\/ceu16.edu.mx\/educon\/wp-json\/wp\/v2\/product\/2495"}],"collection":[{"href":"https:\/\/ceu16.edu.mx\/educon\/wp-json\/wp\/v2\/product"}],"about":[{"href":"https:\/\/ceu16.edu.mx\/educon\/wp-json\/wp\/v2\/types\/product"}],"replies":[{"embeddable":true,"href":"https:\/\/ceu16.edu.mx\/educon\/wp-json\/wp\/v2\/comments?post=2495"}],"wp:featuredmedia":[{"embeddable":true,"href":"https:\/\/ceu16.edu.mx\/educon\/wp-json\/wp\/v2\/media\/2503"}],"wp:attachment":[{"href":"https:\/\/ceu16.edu.mx\/educon\/wp-json\/wp\/v2\/media?parent=2495"}],"curies":[{"name":"wp","href":"https:\/\/api.w.org\/{rel}","templated":true}]}}