{"id":2608,"date":"2023-10-06T19:03:47","date_gmt":"2023-10-06T19:03:47","guid":{"rendered":"https:\/\/ceu16.edu.mx\/educon\/?post_type=product&#038;p=2608"},"modified":"2024-09-25T20:54:12","modified_gmt":"2024-09-25T20:54:12","slug":"sistemas-solares-interconexion-nivel-1","status":"publish","type":"product","link":"https:\/\/ceu16.edu.mx\/educon\/producto\/sistemas-solares-interconexion-nivel-1\/","title":{"rendered":"Sistemas solares de Interconexi\u00f3n Nivel 1"},"content":{"rendered":"<div class=\"et-l et-l--post\">\n\t\t\t<div class=\"et_builder_inner_content et_pb_gutters3\">\n\t\t<p><b>UNIDAD 1. Instalaciones B\u00e1sicas de Electricidad\u00a0<\/b><\/p>\n<ol>\n<li><span style=\"font-weight: 400;\">Instalaciones b\u00e1sicas de electricidad, materiales y sistemas fotovoltaicos<\/span><\/li>\n<li><span style=\"font-weight: 400;\">Identificaci\u00f3n de Fases, Neutro y Tierra F\u00edsica.\u00a0<\/span><\/li>\n<li><span style=\"font-weight: 400;\">Instalaci\u00f3n de base de medici\u00f3n y centros de carga de corriente alterna\u00a0<\/span><\/li>\n<li><span style=\"font-weight: 400;\">Dimensionamiento de Ampacidades (Potencia El\u00e9ctrica, Real, Reactiva y Aparente)\u00a0<\/span><\/li>\n<li><span style=\"font-weight: 400;\">Identificaci\u00f3n de Corriente Directa Positivo y Negativo (Mediciones)\u00a0<\/span><\/li>\n<li><span style=\"font-weight: 400;\">Medici\u00f3n de Voltaje y Corriente (CA Y CD)\u00a0<\/span><\/li>\n<li><span style=\"font-weight: 400;\">Tipo de conductores permitidos en la NOM (Aplicaci\u00f3n)\u00a0<\/span><\/li>\n<li><span style=\"font-weight: 400;\">Unidades de acuerdo a la NOM-008-SCFI-2017.\u00a0<\/span><\/li>\n<li><span style=\"font-weight: 400;\">Simbolog\u00eda de un sistema fotovoltaico\u00a0<\/span><\/li>\n<li><span style=\"font-weight: 400;\">Radiaci\u00f3n solar, Efecto fotovoltaico, Espectro de radiaci\u00f3n, Uso de br\u00fajula y Gnomon.\u00a0<\/span><\/li>\n<li><span style=\"font-weight: 400;\">Solarimetria.\u00a0<\/span><\/li>\n<\/ol>\n<p><b>UNIDAD 2. Sistema Fotovoltaico y sus componentes\u00a0<\/b><\/p>\n<ol>\n<li><span style=\"font-weight: 400;\">Clasificaci\u00f3n de un sistema fotovoltaico interconectado y sus caracter\u00edsticas.\u00a0<\/span><\/li>\n<li><span style=\"font-weight: 400;\">Paneles Solares: Monocristalino y Policristalino\u00a0<\/span><\/li>\n<li><span style=\"font-weight: 400;\">Medici\u00f3n de valores de paneles solares Monocristalino y Policristalino (Diferencias)\u00a0<\/span><\/li>\n<li><span style=\"font-weight: 400;\">Voltaje de circuito abierto y corriente de corto circuito.\u00a0<\/span><\/li>\n<li><span style=\"font-weight: 400;\">Est\u00e1ndares de Laboratorio (STC y NOCT).\u00a0<\/span><\/li>\n<li><span style=\"font-weight: 400;\">Conexi\u00f3n de paneles solares en Serie y Paralelo (Aplicaciones).\u00a0<\/span><\/li>\n<li><span style=\"font-weight: 400;\">Condiciones que afectan el funcionamiento de los paneles fotovoltaicos (Temperatura y Sombras).\u00a0<\/span><\/li>\n<li><span style=\"font-weight: 400;\">Diodos de By Pass (Funcionamiento).\u00a0<\/span><\/li>\n<li><span style=\"font-weight: 400;\">Clasificaci\u00f3n de inversores: Centrales y Micro-inversores.\u00a0<\/span><\/li>\n<li><span style=\"font-weight: 400;\">Caracter\u00edsticas de los inversores y sus componentes de seguridad.\u00a0<\/span><\/li>\n<li><span style=\"font-weight: 400;\">Manera de ponchar un conector tipo MC4. <\/span><\/li>\n<li>Instalaci\u00f3n de fusibles, termomagn\u00e9ticos, varistores, entre otros.<\/li>\n<\/ol>\n<p><b>UNIDAD 3. Tipos de Estructuras para Montaje\u00a0<\/b><\/p>\n<ol>\n<li><span style=\"font-weight: 400;\">Tipos de techo y consideraciones en superficies.\u00a0<\/span><\/li>\n<li><span style=\"font-weight: 400;\">Elementos de una estructura de aluminio para montaje de paneles solares.\u00a0<\/span><\/li>\n<li><span style=\"font-weight: 400;\">Par Galv\u00e1nico y elementos de prevenci\u00f3n.\u00a0<\/span><\/li>\n<li><span style=\"font-weight: 400;\">Instalaci\u00f3n de un sistema de montaje de una y doble fila de aluminio.\u00a0<\/span><\/li>\n<li><span style=\"font-weight: 400;\">Soluciones de estructuras para techos de teja, KR18, Lamina ondulada, entre otros.\u00a0<\/span><\/li>\n<li><span style=\"font-weight: 400;\">Errores m\u00e1s comunes que debemos evitar.\u00a0<\/span><\/li>\n<li><span style=\"font-weight: 400;\">Montaje de paneles solares en estructura de aluminio.\u00a0<\/span><\/li>\n<\/ol>\n<p><b>UNIDAD 4. Fallas El\u00e9ctricas\u00a0<\/b><\/p>\n<ol>\n<li><span style=\"font-weight: 400;\">Riesgo de arco el\u00e9ctrico en corriente continua.<\/span><\/li>\n<li><span style=\"font-weight: 400;\">Prueba anti-isla.\u00a0<\/span><\/li>\n<li><span style=\"font-weight: 400;\">Conductor puesto a tierra y de puesta a tierra.<\/span><\/li>\n<li><span style=\"font-weight: 400;\">Circulaci\u00f3n de corriente de falla.\u00a0<\/span><\/li>\n<li><span style=\"font-weight: 400;\">Protecciones el\u00e9ctricas 705-12.\u00a0<\/span><\/li>\n<\/ol>\n<p><b>UNIDAD 5. Aspectos Generales de Instalaci\u00f3n\u00a0<\/b><\/p>\n<ol>\n<li><span style=\"font-weight: 400;\">Consideraciones previas para la instalaci\u00f3n de un sistema solar.\u00a0<\/span><\/li>\n<li><span style=\"font-weight: 400;\">5 errores m\u00e1s comunes en la instalaci\u00f3n de un sistema fotovoltaico. <\/span><\/li>\n<li>5 mejores pr\u00e1cticas en una instalaci\u00f3n de SFV.<\/li>\n<\/ol>\n<p><b>UNIDAD 6. Practica e Instalaci\u00f3n de Sistema Fotovoltaico\u00a0<\/b><\/p>\n<ol>\n<li><span style=\"font-weight: 400;\">Revisi\u00f3n de tablero de conexi\u00f3n principal, de la instalaci\u00f3n del sistema fotovoltaico y del inversor.\u00a0<\/span><\/li>\n<li><span style=\"font-weight: 400;\">Conexi\u00f3n de circuitos de paneles solares para inversor central y micro inversores.\u00a0<\/span><\/li>\n<li><span style=\"font-weight: 400;\">Instalaci\u00f3n el\u00e9ctrica de inversores y circuito en corriente directa.\u00a0<\/span><\/li>\n<li><span style=\"font-weight: 400;\">Montaje de inversor y configuraci\u00f3n (Puesta en marcha).\u00a0<\/span><\/li>\n<li><span style=\"font-weight: 400;\">Instalaci\u00f3n el\u00e9ctrica de inversor a centro de carga (Punto de interconexi\u00f3n).\u00a0<\/span><\/li>\n<li><span style=\"font-weight: 400;\">Prueba anti-isla, se\u00f1alizaciones y tipos de mensajes de errores en los inversores.\u00a0<\/span><\/li>\n<li><span style=\"font-weight: 400;\">Tipos de empalmes de conductores y ponchado de conexiones, (c\u00f3digo de colores).\u00a0<\/span><\/li>\n<li><span style=\"font-weight: 400;\">Especificaciones de CFE G0110-04 Interconexi\u00f3n a la red el\u00e9ctrica.\u00a0<\/span><\/li>\n<li><span style=\"font-weight: 400;\">Puesta en marcha del sistema solar interconectado a la red. <\/span><\/li>\n<li>Interpretaci\u00f3n de datos de un sistema fotovoltaico y su mantenimiento.<\/li>\n<\/ol>\n\n\t\t<\/div><!-- .et_builder_inner_content -->\n\t<\/div><!-- .et-l -->\n\t","protected":false},"excerpt":{"rendered":"<p><span style=\"font-weight: 400;\"><strong>Modalidad<\/strong>: Presencial 2 sesiones<\/span><\/p>\n<p><span style=\"font-weight: 400;\"><strong>Duraci\u00f3n<\/strong>: 16 horas\u00a0<\/span><\/p>\n<p><span style=\"font-weight: 400;\"><strong>Horario<\/strong>: Viernes y S\u00e1bado de 9:00 am a 6:00 pm.<br \/>\n<\/span><\/p>\n<p><strong>Acerca del docente:<\/strong><\/p>\n<p>Ing. Brayan Mora Aguirre<\/p>\n<p>Instructor certificado en CITSolar<\/p>\n<p><b>Incluye:\u00a0<\/b><b><\/b><\/p>\n<ul>\n<li aria-level=\"1\">Acceso a cursos y talleres digitales continuos.<\/li>\n<\/ul>\n<ul>\n<li aria-level=\"1\">Asesor\u00edas personalizadas uno a uno con instructores y asesores educativos sobre temas selectos.<\/li>\n<\/ul>\n<ul>\n<li aria-level=\"1\">Grupo privado de Seguimiento de WhatsApp.<\/li>\n<\/ul>\n<ul>\n<li aria-level=\"1\">Material de Trabajo Impreso a color con tu memoria digital del Curso.<\/li>\n<\/ul>\n<ul>\n<li aria-level=\"1\">Cat\u00e1logo mejores proveedores con descuentos especiales.<\/li>\n<\/ul>\n<ul>\n<li aria-level=\"1\">Formatos de Cotizaci\u00f3n Para Tus Clientes.<\/li>\n<\/ul>\n<ul>\n<li aria-level=\"1\">Todos los contratos de CFE.<\/li>\n<\/ul>\n<p><span style=\"font-weight: 400;\">\u00a0<\/span><\/p>\n","protected":false},"featured_media":2609,"comment_status":"open","ping_status":"closed","template":"","meta":{"_et_pb_use_builder":"","_et_pb_old_content":"","_et_gb_content_width":"","spay_email":""},"_links":{"self":[{"href":"https:\/\/ceu16.edu.mx\/educon\/wp-json\/wp\/v2\/product\/2608"}],"collection":[{"href":"https:\/\/ceu16.edu.mx\/educon\/wp-json\/wp\/v2\/product"}],"about":[{"href":"https:\/\/ceu16.edu.mx\/educon\/wp-json\/wp\/v2\/types\/product"}],"replies":[{"embeddable":true,"href":"https:\/\/ceu16.edu.mx\/educon\/wp-json\/wp\/v2\/comments?post=2608"}],"wp:featuredmedia":[{"embeddable":true,"href":"https:\/\/ceu16.edu.mx\/educon\/wp-json\/wp\/v2\/media\/2609"}],"wp:attachment":[{"href":"https:\/\/ceu16.edu.mx\/educon\/wp-json\/wp\/v2\/media?parent=2608"}],"curies":[{"name":"wp","href":"https:\/\/api.w.org\/{rel}","templated":true}]}}