{"id":2612,"date":"2023-10-09T20:37:48","date_gmt":"2023-10-09T20:37:48","guid":{"rendered":"https:\/\/ceu16.edu.mx\/educon\/?post_type=product&#038;p=2612"},"modified":"2024-09-25T20:52:40","modified_gmt":"2024-09-25T20:52:40","slug":"curso-practico-de-ec-1181-supervision-de-sistemas-fotovoltaicos-en-residenciascomercios-e-industria","status":"publish","type":"product","link":"https:\/\/ceu16.edu.mx\/educon\/producto\/curso-practico-de-ec-1181-supervision-de-sistemas-fotovoltaicos-en-residenciascomercios-e-industria\/","title":{"rendered":"Curso Pr\u00e1ctico de EC 1181 Supervisi\u00f3n de sistemas Fotovoltaicos en Residencias,Comercios e Industria  y EC 0586.01 Instalaci\u00f3n de sistemas fotovoltaicos en residencia, comercio e industria."},"content":{"rendered":"<div class=\"et-l et-l--post\">\n\t\t\t<div class=\"et_builder_inner_content et_pb_gutters3\">\n\t\t<h3><strong>Introducci\u00f3n a las energ\u00edas renovables<\/strong><\/h3>\n<p><b>UNIDAD 1. Instalaciones B\u00e1sicas de Electricidad\u00a0<\/b><b>\u00a0<\/b><\/p>\n<ol>\n<li>Instalaciones b\u00e1sicas de electricidad, materiales y sistemas fotovoltaicos<\/li>\n<li>Identificaci\u00f3n de Fases, Neutro y Tierra F\u00edsica.<\/li>\n<li>Instalaci\u00f3n de base de medici\u00f3n y centros de carga de corriente alterna<\/li>\n<li>Dimensionamiento de Ampacidades (Potencia El\u00e9ctrica, Real, Reactiva y Aparente)<\/li>\n<li>Identificaci\u00f3n de Corriente Directa Positivo y Negativo (Mediciones)<\/li>\n<li>Medici\u00f3n de Voltaje y Corriente (CA Y CD)<\/li>\n<li>Tipo de conductores permitidos en la NOM (Aplicaci\u00f3n)<\/li>\n<li>Unidades de acuerdo a la NOM-008-SCFI-2017.<\/li>\n<li>Simbolog\u00eda de un sistema fotovoltaico<\/li>\n<li>Radiaci\u00f3n solar, Efecto fotovoltaico, Espectro de radiaci\u00f3n, Uso de br\u00fajula y Gnomon.<\/li>\n<li>Solarimetria.<\/li>\n<\/ol>\n<p><b>UNIDAD 2. Sistema Fotovoltaico y sus componentes\u00a0<\/b><\/p>\n<ol>\n<li>Clasificaci\u00f3n de un sistema fotovoltaico interconectado y sus caracter\u00edsticas.<\/li>\n<li>Paneles Solares: Monocristalino y Policristalino<\/li>\n<li>Medici\u00f3n de valores de paneles solares Monocristalino y Policristalino (Diferencias)<\/li>\n<li>Voltaje de circuito abierto y corriente de corto circuito.<\/li>\n<li>Est\u00e1ndares de Laboratorio (STC y NOCT).<\/li>\n<li>Conexi\u00f3n de paneles solares en Serie y Paralelo (Aplicaciones).<\/li>\n<li>Condiciones que afectan el funcionamiento de los paneles fotovoltaicos (Temperatura y Sombras).<\/li>\n<li>Diodos de By Pass (Funcionamiento).<\/li>\n<li>Clasificaci\u00f3n de inversores: Centrales y Micro-inversores.<\/li>\n<li>Caracter\u00edsticas de los inversores y sus componentes de seguridad.<\/li>\n<li>Manera de ponchar un conector tipo MC4.<\/li>\n<li>Instalaci\u00f3n de fusibles, termomagn\u00e9ticos, varistores, entre otros.<\/li>\n<\/ol>\n<p><b>UNIDAD 3. Tipos de Estructuras para Montaje\u00a0<\/b><\/p>\n<ol>\n<li>Tipos de techo y consideraciones en superficies.<\/li>\n<li>Elementos de una estructura de aluminio para montaje de paneles solares.<\/li>\n<li>Par Galv\u00e1nico y elementos de prevenci\u00f3n.<\/li>\n<li>Instalaci\u00f3n de un sistema de montaje de una y doble fila de aluminio.<\/li>\n<li>Soluciones de estructuras para techos de teja, KR18, Lamina ondulada, entre otros.<\/li>\n<li>Errores m\u00e1s comunes que debemos evitar.<\/li>\n<li>Montaje de paneles solares en estructura de aluminio.<\/li>\n<\/ol>\n<p><b>UNIDAD 4. Fallas El\u00e9ctricas\u00a0<\/b><\/p>\n<ol>\n<li>Riesgo de arco el\u00e9ctrico en corriente continua.<\/li>\n<li>Prueba anti-isla.<\/li>\n<li>Conductor puesto a tierra y de puesta a tierra.<\/li>\n<li>Circulaci\u00f3n de corriente de falla.<\/li>\n<li>Protecciones el\u00e9ctricas 705-12.<\/li>\n<\/ol>\n<p><b>UNIDAD 5. Aspectos Generales de Instalaci\u00f3n\u00a0<\/b><\/p>\n<ol>\n<li>Consideraciones previas para la instalaci\u00f3n de un sistema solar.<\/li>\n<li>5 errores m\u00e1s comunes en la instalaci\u00f3n de un sistema fotovoltaico.<\/li>\n<li>5 mejores pr\u00e1cticas en una instalaci\u00f3n de SFV.<\/li>\n<\/ol>\n<p><b>UNIDAD 6. Practica e Instalaci\u00f3n de Sistema Fotovoltaico\u00a0<\/b><\/p>\n<ol>\n<li>Revisi\u00f3n de tablero de conexi\u00f3n principal, de la instalaci\u00f3n del sistema fotovoltaico y del inversor.<\/li>\n<li>Conexi\u00f3n de circuitos de paneles solares para inversor central y micro inversores.<\/li>\n<li>Instalaci\u00f3n el\u00e9ctrica de inversores y circuito en corriente directa.<\/li>\n<li>Montaje de inversor y configuraci\u00f3n (Puesta en marcha).<\/li>\n<li>Instalaci\u00f3n el\u00e9ctrica de inversor a centro de carga (Punto de interconexi\u00f3n).<\/li>\n<li>Prueba anti-isla, se\u00f1alizaciones y tipos de mensajes de errores en los inversores.<\/li>\n<li>Tipos de empalmes de conductores y ponchado de conexiones, (c\u00f3digo de colores).<\/li>\n<li>Especificaciones de CFE G0110-04 Interconexi\u00f3n a la red el\u00e9ctrica.<\/li>\n<li>Puesta en marcha del sistema solar interconectado a la red.<\/li>\n<li>Interpretaci\u00f3n de datos de un sistema fotovoltaico y su mantenimiento.<\/li>\n<\/ol>\n<h3><strong>Sistemas aut\u00f3nomos<\/strong><\/h3>\n<p><b>\u00a0UNIDAD 1. Conceptos Fundamentales de Energ\u00eda Solar<\/b><\/p>\n<ol>\n<li>\u00a0Irradiancia e<\/li>\n<li>Irradiaci\u00f3n<\/li>\n<li>3.Clasificaci\u00f3n Hora Solar<\/li>\n<\/ol>\n<p><b>UNIDAD 2. Tecnolog\u00eda Fotovoltaica<\/b><\/p>\n<ol>\n<li>Tipo de celdas y Clasificaci\u00f3n<\/li>\n<li>Tecnolog\u00eda de cada Celda Fotovoltaica<\/li>\n<li>Ley de Watt y de OHM<\/li>\n<li>Eficiencia y Degradaci\u00f3n<b style=\"font-family: -apple-system, BlinkMacSystemFont, 'Segoe UI', Roboto, Oxygen-Sans, Ubuntu, Cantarell, 'Helvetica Neue', sans-serif;\">\u00a0<\/b><\/li>\n<\/ol>\n<p><b>UNIDAD 3. Componentes<\/b><b>\u00a0<\/b><\/p>\n<ol>\n<li><b> Controlador de carga (Funcionamiento)<\/b><\/li>\n<li><b> MPPT y PWM (Controladores)<\/b><\/li>\n<li><b> Bater\u00edas y Clasificaci\u00f3n<\/b><\/li>\n<li><b> Tipos de Conexiones de Bater\u00edas (Serie, Paralelo y Mixtos).<\/b><\/li>\n<li><b> Funcionamiento de Bater\u00edas (Lectura de DataSheet).<\/b><\/li>\n<li><b> Inversores Aislador (Alta Frecuencia, Baja Frecuencia, Onda Pura y Onda Modificada).<\/b><\/li>\n<li><b> Clasificaci\u00f3n de Inversores (Voltaje, Salida CA)<\/b><\/li>\n<\/ol>\n<p><b>\u00a0UNIDAD 4. Dimensionamiento del Sistema Fotovoltaico Aut\u00f3nomo de Energ\u00eda Solar<\/b><\/p>\n<ol>\n<li>Dimensionamiento de Equipos para un Sistema Aut\u00f3nomos.<\/li>\n<li>Potencia Fotovoltaica Necesaria.<\/li>\n<li>C\u00e1lculo de Aire Acondicionado.<\/li>\n<li>C\u00e1lculo de Iluminaci\u00f3n, Refrigerador.<\/li>\n<li>C\u00e1lculo de Controlador de Carga.<\/li>\n<li>Banco de Bater\u00edas.<\/li>\n<li>Ejemplo de Dimensionamiento (Refrigerador, A\/C, Iluminaci\u00f3n).<\/li>\n<li>C\u00e1lculo de Conductores y Tuber\u00edas.<\/li>\n<li>Puntos clave a considerar.<\/li>\n<li>Ejercicio para una caba\u00f1a (Paneles, Bater\u00edas, Controlador y Conductores).<\/li>\n<\/ol>\n<p><b>\u00a0<\/b><b>UNIDAD 5. Pr\u00e1ctica e Instalaci\u00f3n<\/b><\/p>\n<ol>\n<li>Check List de Equipo.<\/li>\n<li>Instalaci\u00f3n de M\u00f3dulos<\/li>\n<li>Conexiones<\/li>\n<li>Instalaci\u00f3n de Bater\u00edas e Inversor Funcionamiento y Puesta en Marcha.<\/li>\n<\/ol>\n\n\t\t<\/div><!-- .et_builder_inner_content -->\n\t<\/div><!-- .et-l -->\n\t","protected":false},"excerpt":{"rendered":"<p><span style=\"font-weight: 400;\"><strong>Modalidad<\/strong>: Presencial (2 sesiones)<\/span><\/p>\n<p><span style=\"font-weight: 400;\"><strong>Duraci\u00f3n<\/strong>: 16 horas\u00a0<\/span><\/p>\n<p><span style=\"font-weight: 400;\"><strong>Horario<\/strong>: <\/span><\/p>\n<p><span style=\"font-family: -apple-system, BlinkMacSystemFont, 'Segoe UI', Roboto, Oxygen-Sans, Ubuntu, Cantarell, 'Helvetica Neue', sans-serif;\">viernes 08 y s\u00e1bado 09 de diciembre 9:00 am a 6:00 pm<\/span><\/p>\n<p>viernes 15 y s\u00e1bado 16 de diciembre 9:00 am a 6:00 pm<\/p>\n<p><b>Acerca del docente:\u00a0<\/b><\/p>\n<p><b>Ing. Brayan Mora Aguirre<\/b><\/p>\n<p><span style=\"font-weight: 400;\">Instructor certificado en CITSolar<\/span><\/p>\n<p><b>Incluye:\u00a0<\/b><b><\/b><\/p>\n<ul>\n<li aria-level=\"1\">Acceso a cursos y talleres digitales continuos.<\/li>\n<\/ul>\n<ul>\n<li aria-level=\"1\">Asesor\u00edas personalizadas uno a uno con instructores y asesores educativos sobre temas selectos.<\/li>\n<\/ul>\n<ul>\n<li aria-level=\"1\">Grupo privado de Seguimiento de WhatsApp.<\/li>\n<\/ul>\n<ul>\n<li aria-level=\"1\">Material de Trabajo Impreso a color con tu memoria digital del Curso.<\/li>\n<\/ul>\n<ul>\n<li aria-level=\"1\">Cat\u00e1logo mejores proveedores con descuentos especiales.<\/li>\n<\/ul>\n<ul>\n<li aria-level=\"1\">Formatos de Cotizaci\u00f3n Para Tus Clientes.<\/li>\n<\/ul>\n<ul>\n<li aria-level=\"1\">Todos los contratos de CFE.<\/li>\n<\/ul>\n<p>&nbsp;<\/p>\n","protected":false},"featured_media":2609,"comment_status":"open","ping_status":"closed","template":"","meta":{"_et_pb_use_builder":"","_et_pb_old_content":"","_et_gb_content_width":"","spay_email":""},"_links":{"self":[{"href":"https:\/\/ceu16.edu.mx\/educon\/wp-json\/wp\/v2\/product\/2612"}],"collection":[{"href":"https:\/\/ceu16.edu.mx\/educon\/wp-json\/wp\/v2\/product"}],"about":[{"href":"https:\/\/ceu16.edu.mx\/educon\/wp-json\/wp\/v2\/types\/product"}],"replies":[{"embeddable":true,"href":"https:\/\/ceu16.edu.mx\/educon\/wp-json\/wp\/v2\/comments?post=2612"}],"wp:featuredmedia":[{"embeddable":true,"href":"https:\/\/ceu16.edu.mx\/educon\/wp-json\/wp\/v2\/media\/2609"}],"wp:attachment":[{"href":"https:\/\/ceu16.edu.mx\/educon\/wp-json\/wp\/v2\/media?parent=2612"}],"curies":[{"name":"wp","href":"https:\/\/api.w.org\/{rel}","templated":true}]}}