{"id":274,"date":"2021-03-12T20:42:13","date_gmt":"2021-03-12T20:42:13","guid":{"rendered":"https:\/\/ceu16.edu.mx\/educon\/?post_type=product&#038;p=274"},"modified":"2024-09-25T20:54:50","modified_gmt":"2024-09-25T20:54:50","slug":"pruebas-psicologicas-laborales-ppl","status":"publish","type":"product","link":"https:\/\/ceu16.edu.mx\/educon\/producto\/pruebas-psicologicas-laborales-ppl\/","title":{"rendered":"Pruebas Psicol\u00f3gicas Laborales PPL"},"content":{"rendered":"<div class=\"et-l et-l--post\">\n\t\t\t<div class=\"et_builder_inner_content et_pb_gutters3\">\n\t\t<p><b>Acerca de los docentes:\u00a0<\/b><\/p>\n<p><strong>El Mtro. Mario A. Douglas Ll<\/strong>. es licenciado en Psicolog\u00eda Industrial con especializaci\u00f3n en RRHH por la Universidad de Minnesota. Cuenta con experiencia en capacitaci\u00f3n, recursos humanos y desarrollo organizacional en empresas de giro servicio al cliente. Actualmente es director ejecutivo en Desarrollando Humanos, docente en Grupo Educativo 16 de Septiembre, conferencista y tallerista a nivel nacional.<\/p>\n<p><strong><br \/>\nLa Dra. Brenda Espinoza<\/strong> especializada en el \u00e1rea de la educaci\u00f3n y psicopedagog\u00eda. Actualmente es certificadora en la norma EC0217 \u201cImpartici\u00f3n de cursos de formaci\u00f3n del capital humano de manera presencial grupal\u201d y se ha desempe\u00f1ado de manera particular como asesora en atenci\u00f3n psicopedag\u00f3gica en CEU 16 de Septiembre. Es coordinadora de Educaci\u00f3n en L\u00ednea y profesora de nivel superior en licenciaturas como Ciencias de la Educaci\u00f3n y Psicolog\u00eda Organizacional, donde imparte las materias de Pruebas de Evaluaci\u00f3n Psicol\u00f3gica, Pruebas Proyectivas, Elaboraci\u00f3n de Informes Psicol\u00f3gicos entre otras. Certificada en la aplicaci\u00f3n de pruebas psicolog\u00eda en el \u00e1mbito laboral.<\/p>\n<p><b><br \/>\nTemario:<\/b><\/p>\n<ul>\n<li style=\"font-weight: 400;\" aria-level=\"1\"><span style=\"font-weight: 400;\">Definici\u00f3n de competencias laborales de acuerdo a puesto.<\/span><\/li>\n<li style=\"font-weight: 400;\" aria-level=\"1\"><span style=\"font-weight: 400;\">Dise\u00f1o de la bater\u00eda de pruebas psicol\u00f3gicas-psicom\u00e9tricas.<\/span><\/li>\n<li style=\"font-weight: 400;\" aria-level=\"1\"><span style=\"font-weight: 400;\">Condiciones de evaluaci\u00f3n y aplicaci\u00f3n de pruebas.<\/span><\/li>\n<li style=\"font-weight: 400;\" aria-level=\"1\"><span style=\"font-weight: 400;\">Calificaci\u00f3n e integraci\u00f3n de informes psicom\u00e9tricos.<\/span><\/li>\n<li style=\"font-weight: 400;\" aria-level=\"1\"><span style=\"font-weight: 400;\">Recomendaci\u00f3n de evaluaciones psicol\u00f3gicas-psicom\u00e9tricas laborales.<\/span><\/li>\n<li style=\"font-weight: 400;\" aria-level=\"1\"><span style=\"font-weight: 400;\">Calificaci\u00f3n de evaluaciones psicol\u00f3gicas-psicom\u00e9tricas laborales.<\/span><\/li>\n<li style=\"font-weight: 400;\" aria-level=\"1\"><span style=\"font-weight: 400;\">Ejercicio de integraci\u00f3n de resultados.<\/span><\/li>\n<\/ul>\n\n\t\t<\/div><!-- .et_builder_inner_content -->\n\t<\/div><!-- .et-l -->\n\t","protected":false},"excerpt":{"rendered":"<p><b>MODALIDAD<\/b><span style=\"font-weight: 400;\">: H\u00cdBRIDA<\/span><\/p>\n<p><b>Inicia: <\/b><span style=\"font-weight: 400;\">Viernes 3 de Junio<\/span><\/p>\n<p><b>Finaliza:<\/b> <span style=\"font-weight: 400;\">S\u00e1bado 11 de Junio\u00a0<\/span><\/p>\n<p><b>HORARIOS:<\/b><\/p>\n<p><span style=\"font-weight: 400;\">Viernes 6:00 a 8:00 pm (En l\u00ednea)<\/span><\/p>\n<p><span style=\"font-weight: 400;\">S\u00e1bados 8:00 am a 12:00 pm (Presencial)<\/span><\/p>\n<p>&nbsp;<\/p>\n<p><em><b>Incluye: Material, Constancia.<\/b><\/em><\/p>\n","protected":false},"featured_media":275,"comment_status":"open","ping_status":"closed","template":"","meta":{"_et_pb_use_builder":"","_et_pb_old_content":"","_et_gb_content_width":"","spay_email":""},"_links":{"self":[{"href":"https:\/\/ceu16.edu.mx\/educon\/wp-json\/wp\/v2\/product\/274"}],"collection":[{"href":"https:\/\/ceu16.edu.mx\/educon\/wp-json\/wp\/v2\/product"}],"about":[{"href":"https:\/\/ceu16.edu.mx\/educon\/wp-json\/wp\/v2\/types\/product"}],"replies":[{"embeddable":true,"href":"https:\/\/ceu16.edu.mx\/educon\/wp-json\/wp\/v2\/comments?post=274"}],"wp:featuredmedia":[{"embeddable":true,"href":"https:\/\/ceu16.edu.mx\/educon\/wp-json\/wp\/v2\/media\/275"}],"wp:attachment":[{"href":"https:\/\/ceu16.edu.mx\/educon\/wp-json\/wp\/v2\/media?parent=274"}],"curies":[{"name":"wp","href":"https:\/\/api.w.org\/{rel}","templated":true}]}}