{"id":293,"date":"2021-03-26T20:08:37","date_gmt":"2021-03-26T20:08:37","guid":{"rendered":"https:\/\/ceu16.edu.mx\/educon\/?post_type=product&#038;p=293"},"modified":"2024-01-29T23:09:48","modified_gmt":"2024-01-29T23:09:48","slug":"curso-de-titulacion-para-egresados-de-la-licenciatura-en-derecho","status":"publish","type":"product","link":"https:\/\/ceu16.edu.mx\/educon\/producto\/curso-de-titulacion-para-egresados-de-la-licenciatura-en-derecho\/","title":{"rendered":"Curso de titulaci\u00f3n para egresados de la licenciatura en Derecho"},"content":{"rendered":"<div class=\"et-l et-l--post\">\n\t\t\t<div class=\"et_builder_inner_content et_pb_gutters3\">\n\t\t<p><b>Facilitadores\u00a0<\/b><\/p>\n<p><b>Jos\u00e9 Diego Robles Palafox: <\/b>Licenciado en derecho , cuenta con 13 a\u00f1os de experiencia profesional en el \u00e1mbito penitenciario y del sistema de justicia penal; en el sector p\u00fablico se ha desempe\u00f1ado en \u00e1reas de ejecuci\u00f3n penal y del sistema acusatorio , ha colaborado para organismos de cooperaci\u00f3n internacional brindando asistencia t\u00e9cnica y capacitaci\u00f3n en temas penitenciarios y justicia penal en diversos estados de la Rep\u00fablica Mexicana y Sudam\u00e9rica, socio fundador de CODICE , Consultor\u00eda, Inteligencia y Capacitaci\u00f3n en estrategias juridico empresariales.<\/p>\n<p>Actualmente se desempe\u00f1a como asesor normativo de centros penitenciarios en el estado de Baja California en la reestructuraci\u00f3n de normas y procedimientos de indole juridica ,administrativa y pol\u00edtica<\/p>\n<p>&nbsp;<\/p>\n<p><b>Marcel Gamiz Rend\u00f3n: <\/b>Licenciado en derecho , licenciado en inform\u00e1tica y maestr\u00eda en alta direcci\u00f3n MBA, cuenta con m\u00e1s de 20 a\u00f1os de experiencia profesional enfocada en rubros de an\u00e1lisis de informaci\u00f3n, investigaci\u00f3n e inteligencia en el \u00e1mbito penitenciario y de seguridad p\u00fablica , en el sector p\u00fablico ha sido titular de \u00e1reas especializadas en materia de Procuradur\u00eda General de Justicia, Secretar\u00eda de Seguridad P\u00fablica y la Comisi\u00f3n Estatal del Sistema Penitenciario, todas del Estado de Baja California ; en el sector privado ha asesorado y capacitado a instituciones de seguridad nacionales e internacionales en materia de inteligencia y estrategias penitencias, socio fundador de CODICE , Consultor\u00eda, Inteligencia y Capacitaci\u00f3n en estrategias juridico empresariales y docente de asignaturas de la licenciatura en Derecho.<\/p>\n<p>Actualmente se desempe\u00f1a como subdirector de Centros penitenciarios en el estado de Baja California.<\/p>\n\n\t\t<\/div><!-- .et_builder_inner_content -->\n\t<\/div><!-- .et-l -->\n\t","protected":false},"excerpt":{"rendered":"<p>&nbsp;<\/p>\n<p><b>Objetivo del curso : <\/b>El participante adquirir\u00e1 conocimientos indispensables para definir y distinguir sustancialmente la actualidad en materia penitenciaria, desarrollando la capacidad anal\u00edtica basada en el proceso de evoluci\u00f3n hist\u00f3rica-social del derecho penitenciario en el orden nacional e internacional, fortaleciendo as\u00ed sus aptitudes y destrezas como profesionales del Derecho con enfoque en el nuevo sistema de ejecuci\u00f3n penal.<\/p>\n<p>&nbsp;<\/p>\n<p>&nbsp;<\/p>\n","protected":false},"featured_media":294,"comment_status":"open","ping_status":"closed","template":"","meta":{"_et_pb_use_builder":"","_et_pb_old_content":"","_et_gb_content_width":"","spay_email":""},"_links":{"self":[{"href":"https:\/\/ceu16.edu.mx\/educon\/wp-json\/wp\/v2\/product\/293"}],"collection":[{"href":"https:\/\/ceu16.edu.mx\/educon\/wp-json\/wp\/v2\/product"}],"about":[{"href":"https:\/\/ceu16.edu.mx\/educon\/wp-json\/wp\/v2\/types\/product"}],"replies":[{"embeddable":true,"href":"https:\/\/ceu16.edu.mx\/educon\/wp-json\/wp\/v2\/comments?post=293"}],"wp:featuredmedia":[{"embeddable":true,"href":"https:\/\/ceu16.edu.mx\/educon\/wp-json\/wp\/v2\/media\/294"}],"wp:attachment":[{"href":"https:\/\/ceu16.edu.mx\/educon\/wp-json\/wp\/v2\/media?parent=293"}],"curies":[{"name":"wp","href":"https:\/\/api.w.org\/{rel}","templated":true}]}}