{"id":2996,"date":"2024-07-22T20:30:46","date_gmt":"2024-07-22T20:30:46","guid":{"rendered":"https:\/\/ceu16.edu.mx\/educon\/?post_type=product&#038;p=2996"},"modified":"2024-08-19T21:01:18","modified_gmt":"2024-08-19T21:01:18","slug":"elaboracion-de-pizza","status":"publish","type":"product","link":"https:\/\/ceu16.edu.mx\/educon\/producto\/elaboracion-de-pizza\/","title":{"rendered":"ELABORACI\u00d3N DE PIZZA"},"content":{"rendered":"<div class=\"et-l et-l--post\">\n\t\t\t<div class=\"et_builder_inner_content et_pb_gutters3\">\n\t\t\n\t\t<\/div><!-- .et_builder_inner_content -->\n\t<\/div><!-- .et-l -->\n\t","protected":false},"excerpt":{"rendered":"<p><b>MODALIDAD<span style=\"font-weight: 400;\">: Presencial<\/span><\/b><\/p>\n<p><b><\/b><b>Fecha:<\/b><span style=\"font-weight: 400;\">\u00a0 S\u00c1BADO 17 DE AGOSTO<\/span><\/p>\n<p><b>Horario: <\/b><span style=\"font-weight: 400;\">10:00 am\u00a0 a 3:00 pm<\/span><\/p>\n<p><b>P\u00fablico en general: <\/b><span style=\"font-weight: 400;\">$300 m.n por ni\u00f1o\u00a0<\/span><\/p>\n<p><span style=\"font-weight: 400;\">\u26a0\ufe0f Edades de 6 a\u00f1os en adelante en compa\u00f1\u00eda de 1 adulto si es menor de 12 a\u00f1os.<\/span><\/p>\n","protected":false},"featured_media":2999,"comment_status":"open","ping_status":"closed","template":"","meta":{"_et_pb_use_builder":"","_et_pb_old_content":"","_et_gb_content_width":"","spay_email":""},"_links":{"self":[{"href":"https:\/\/ceu16.edu.mx\/educon\/wp-json\/wp\/v2\/product\/2996"}],"collection":[{"href":"https:\/\/ceu16.edu.mx\/educon\/wp-json\/wp\/v2\/product"}],"about":[{"href":"https:\/\/ceu16.edu.mx\/educon\/wp-json\/wp\/v2\/types\/product"}],"replies":[{"embeddable":true,"href":"https:\/\/ceu16.edu.mx\/educon\/wp-json\/wp\/v2\/comments?post=2996"}],"wp:featuredmedia":[{"embeddable":true,"href":"https:\/\/ceu16.edu.mx\/educon\/wp-json\/wp\/v2\/media\/2999"}],"wp:attachment":[{"href":"https:\/\/ceu16.edu.mx\/educon\/wp-json\/wp\/v2\/media?parent=2996"}],"curies":[{"name":"wp","href":"https:\/\/api.w.org\/{rel}","templated":true}]}}