{"id":3018,"date":"2024-07-24T20:26:19","date_gmt":"2024-07-24T20:26:19","guid":{"rendered":"https:\/\/ceu16.edu.mx\/educon\/?post_type=product&#038;p=3018"},"modified":"2025-09-29T23:17:46","modified_gmt":"2025-09-29T23:17:46","slug":"alineacion-proyectos-de-titulacion-gestion-de-la-innovacion-y-tecnologia-industrial","status":"publish","type":"product","link":"https:\/\/ceu16.edu.mx\/educon\/producto\/alineacion-proyectos-de-titulacion-gestion-de-la-innovacion-y-tecnologia-industrial\/","title":{"rendered":"CURSO DE ALINEACI\u00d3N PARA PROYECTOS DE TITULACI\u00d3N GESTI\u00d3N DE LA INNOVACI\u00d3N Y TECNOLOG\u00cdA INDUSTRIAL"},"content":{"rendered":"<div class=\"et-l et-l--post\">\n\t\t\t<div class=\"et_builder_inner_content et_pb_gutters3\">\n\t\t\n\t\t<\/div><!-- .et_builder_inner_content -->\n\t<\/div><!-- .et-l -->\n\t","protected":false},"excerpt":{"rendered":"<p><span style=\"font-weight: 400;\"><b>Modalidad<\/b><\/span><span style=\"font-weight: 400;\">: H\u00edbrida<\/span><\/p>\n<p><b>Requisitos:<\/b><\/p>\n<ul>\n<li style=\"font-weight: 400;\" aria-level=\"1\"><span style=\"font-weight: 400;\">Carta pasante liberado o en tr\u00e1mite<\/span><\/li>\n<li style=\"font-weight: 400;\" aria-level=\"1\"><span style=\"font-weight: 400;\">Certificado liberado o en tr\u00e1mite<\/span><\/li>\n<li style=\"font-weight: 400;\" aria-level=\"1\"><span style=\"font-weight: 400;\">Ingl\u00e9s liberado o estar cursando tercer o cuarto nivel<\/span><\/li>\n<\/ul>\n<p><span style=\"font-weight: 400;\">(Pregunta por nuestro curso intensivo en caso de no tener ning\u00fan nivel)<\/span><\/p>\n<p>&nbsp;<\/p>\n","protected":false},"featured_media":3902,"comment_status":"open","ping_status":"closed","template":"","meta":{"_et_pb_use_builder":"","_et_pb_old_content":"","_et_gb_content_width":"","spay_email":""},"_links":{"self":[{"href":"https:\/\/ceu16.edu.mx\/educon\/wp-json\/wp\/v2\/product\/3018"}],"collection":[{"href":"https:\/\/ceu16.edu.mx\/educon\/wp-json\/wp\/v2\/product"}],"about":[{"href":"https:\/\/ceu16.edu.mx\/educon\/wp-json\/wp\/v2\/types\/product"}],"replies":[{"embeddable":true,"href":"https:\/\/ceu16.edu.mx\/educon\/wp-json\/wp\/v2\/comments?post=3018"}],"wp:featuredmedia":[{"embeddable":true,"href":"https:\/\/ceu16.edu.mx\/educon\/wp-json\/wp\/v2\/media\/3902"}],"wp:attachment":[{"href":"https:\/\/ceu16.edu.mx\/educon\/wp-json\/wp\/v2\/media?parent=3018"}],"curies":[{"name":"wp","href":"https:\/\/api.w.org\/{rel}","templated":true}]}}