{"id":3148,"date":"2024-09-30T20:25:34","date_gmt":"2024-09-30T20:25:34","guid":{"rendered":"https:\/\/ceu16.edu.mx\/educon\/?post_type=product&#038;p=3148"},"modified":"2025-04-21T22:51:04","modified_gmt":"2025-04-21T22:51:04","slug":"semiconductores","status":"publish","type":"product","link":"https:\/\/ceu16.edu.mx\/educon\/producto\/semiconductores\/","title":{"rendered":"Taller Especializado &#8211; Semiconductores: Y su crecimiento exponencial en BC."},"content":{"rendered":"<div class=\"et-l et-l--post\">\n\t\t\t<div class=\"et_builder_inner_content et_pb_gutters3\">\n\t\t\n\t\t<\/div><!-- .et_builder_inner_content -->\n\t<\/div><!-- .et-l -->\n\t","protected":false},"excerpt":{"rendered":"<p><strong>Modalidad:<br \/>\n<\/strong>Presencial<\/p>\n<p><strong>Sesiones los d\u00edas:<\/strong><i><span style=\"font-weight: 600;\"><br \/>\n<\/span><\/i><\/p>\n<p><em><span style=\"font-weight: 500;\">S\u00e1bado 12 de octubre 12:00pm a 2:00pm<\/span><span style=\"font-weight: 500;\"><br \/>\n<\/span><span style=\"font-weight: 500;\">S\u00e1bado 19 de octubre 12:00pm a 2:00pm<br \/>\n<\/span><span style=\"font-weight: 500;\">S\u00e1bado 26 de octubre 12:00pm a 2:00pm<\/span><span style=\"font-weight: 500;\"><br \/>\n<\/span><span style=\"font-weight: 500;\">S\u00e1bado 2 de noviembre 12:00pm a 2:00pm<br \/>\n<\/span><span style=\"font-weight: 500;\">S\u00e1bado 9 de noviembre 12:00pm a 2:00pm<\/span><\/em><\/p>\n<p><strong>Objetivo:<br \/>\n<\/strong>Enfatizar la creciente inversi\u00f3n que se est\u00e1 generando en Baja California por <span style=\"font-weight: 600;\">medio de la Ley \u201cChips\u201d, despertar el inter\u00e9s de los nuevos ingenieros a formarse dentro del \u00e1mbito de los semiconductores para generar una condici\u00f3n de ganar-ganar, solventando la demanda de mano de obra calificada para las industrias y un trabajo seguro para las futuras generaciones de ingenieros en el estado.<\/span><\/p>\n<p><strong>Incluye:<br \/>\n<\/strong>Constancia con validez oficial<\/p>\n","protected":false},"featured_media":3151,"comment_status":"open","ping_status":"closed","template":"","meta":{"_et_pb_use_builder":"","_et_pb_old_content":"","_et_gb_content_width":"","spay_email":""},"_links":{"self":[{"href":"https:\/\/ceu16.edu.mx\/educon\/wp-json\/wp\/v2\/product\/3148"}],"collection":[{"href":"https:\/\/ceu16.edu.mx\/educon\/wp-json\/wp\/v2\/product"}],"about":[{"href":"https:\/\/ceu16.edu.mx\/educon\/wp-json\/wp\/v2\/types\/product"}],"replies":[{"embeddable":true,"href":"https:\/\/ceu16.edu.mx\/educon\/wp-json\/wp\/v2\/comments?post=3148"}],"wp:featuredmedia":[{"embeddable":true,"href":"https:\/\/ceu16.edu.mx\/educon\/wp-json\/wp\/v2\/media\/3151"}],"wp:attachment":[{"href":"https:\/\/ceu16.edu.mx\/educon\/wp-json\/wp\/v2\/media?parent=3148"}],"curies":[{"name":"wp","href":"https:\/\/api.w.org\/{rel}","templated":true}]}}