{"id":3196,"date":"2024-10-14T19:40:06","date_gmt":"2024-10-14T19:40:06","guid":{"rendered":"https:\/\/ceu16.edu.mx\/educon\/?post_type=product&#038;p=3196"},"modified":"2025-09-26T07:20:18","modified_gmt":"2025-09-26T07:20:18","slug":"ec0307-01","status":"publish","type":"product","link":"https:\/\/ceu16.edu.mx\/educon\/producto\/ec0307-01\/","title":{"rendered":"EC0307.01 &#8211; Atenci\u00f3n prehospitalaria nivel b\u00e1sico"},"content":{"rendered":"<div class=\"et-l et-l--post\">\n\t\t\t<div class=\"et_builder_inner_content et_pb_gutters3\">\n\t\t\n\t\t<\/div><!-- .et_builder_inner_content -->\n\t<\/div><!-- .et-l -->\n\t","protected":false},"excerpt":{"rendered":"<p><strong>Modalidad<\/strong><br \/>\nPresencial<\/p>\n<p><strong>Descripci\u00f3n general<br \/>\n<\/strong>El EC describe el desempe\u00f1o de una persona que brinda atenci\u00f3n prehospitalaria nivel b\u00e1sico, cuando verifica el equipo m\u00e9dico, insumos, soluciones, medicamentos y recursos f\u00edsicos en la ambulancia para brindar la atenci\u00f3n prehospitalaria, determina acciones\/medidas y materiales necesarios de acuerdo a la urgencia\/emergencia notificada, eval\u00faa al paciente de acuerdo a la naturaleza de la urgencia\/emergencia, realiza las intervenciones\/destrezas espec\u00edficas, eval\u00faa y atender al paciente durante el traslado hasta la entrega al hospital receptor y cierra las operaciones de la atenci\u00f3n prehospitalaria.<\/p>\n<p><strong>\u00bfQu\u00e9 aprender\u00e1s?\u00a0<\/strong><\/p>\n<ul>\n<li style=\"font-weight: 500;\" aria-level=\"1\">Verificar el equipo m\u00e9dico, insumos, soluciones, medicamentos y recursos f\u00edsicos en la ambulancia para brindar la atenci\u00f3n prehospitalaria<\/li>\n<li style=\"font-weight: 500;\" aria-level=\"1\">Determina acciones\/medidas y materiales necesarios de acuerdo a la urgencia\/emergencia notificada<\/li>\n<li style=\"font-weight: 500;\" aria-level=\"1\">Evaluar y atender al paciente de acuerdo a la naturaleza de la urgencia\/emergencia<\/li>\n<li style=\"font-weight: 500;\" aria-level=\"1\">Evaluar y atender al paciente durante el traslado hasta la entrega al hospital receptor<\/li>\n<li style=\"font-weight: 500;\" aria-level=\"1\">Cerrar las operaciones de la atenci\u00f3n prehospitalaria<\/li>\n<\/ul>\n<p><strong>Incluye:<\/strong><\/p>\n<ul>\n<li>Material<\/li>\n<li>Alineaci\u00f3n al est\u00e1ndar<\/li>\n<li>Asesor\u00eda personalizada<\/li>\n<li>Lectura del plan de evaluaci\u00f3n<\/li>\n<li>Evaluaci\u00f3n<\/li>\n<li>Certificado (en caso de ser competente).<\/li>\n<\/ul>\n","protected":false},"featured_media":3894,"comment_status":"open","ping_status":"closed","template":"","meta":{"_et_pb_use_builder":"","_et_pb_old_content":"","_et_gb_content_width":"","spay_email":""},"_links":{"self":[{"href":"https:\/\/ceu16.edu.mx\/educon\/wp-json\/wp\/v2\/product\/3196"}],"collection":[{"href":"https:\/\/ceu16.edu.mx\/educon\/wp-json\/wp\/v2\/product"}],"about":[{"href":"https:\/\/ceu16.edu.mx\/educon\/wp-json\/wp\/v2\/types\/product"}],"replies":[{"embeddable":true,"href":"https:\/\/ceu16.edu.mx\/educon\/wp-json\/wp\/v2\/comments?post=3196"}],"wp:featuredmedia":[{"embeddable":true,"href":"https:\/\/ceu16.edu.mx\/educon\/wp-json\/wp\/v2\/media\/3894"}],"wp:attachment":[{"href":"https:\/\/ceu16.edu.mx\/educon\/wp-json\/wp\/v2\/media?parent=3196"}],"curies":[{"name":"wp","href":"https:\/\/api.w.org\/{rel}","templated":true}]}}