{"id":32,"date":"2020-07-13T20:56:42","date_gmt":"2020-07-13T20:56:42","guid":{"rendered":"https:\/\/ceu16.edu.mx\/educon\/?post_type=product&#038;p=32"},"modified":"2023-11-28T22:32:46","modified_gmt":"2023-11-28T22:32:46","slug":"scc-word","status":"publish","type":"product","link":"https:\/\/ceu16.edu.mx\/educon\/producto\/scc-word\/","title":{"rendered":"MICROSOFT OFFICE SPECIALIST WORD 2016"},"content":{"rendered":"<div class=\"et-l et-l--post\">\n\t\t\t<div class=\"et_builder_inner_content et_pb_gutters3\">\n\t\t<p><strong>El Prof. Oscar Arturo Hern\u00e1ndez Reyes<\/strong>, egresado de la Universidad Aut\u00f3noma de Baja California en la carrera de Licenciatura en Inform\u00e1tica, es miembro del Grupo Educativo 16 de Septiembre desde hace 17 a\u00f1os. Actualmente est\u00e1 a cargo del departamento de Sistemas y Plataforma Educativa y Director del Centro de Capacitaci\u00f3n de Tecnolog\u00eda en Educaci\u00f3n el cual cuenta con el respaldo de Microsoft bajo el programa educativo Imagine Academy, cuenta con la experiencia en capacitaciones en el \u00e1mbito tecnol\u00f3gico como Microsoft Word Specialist, Microsoft Excel Specialist, Microsoft PowerPoint Specialist, Google Gmail, Google Calendar ,Google Meet, Google Drive, Google Docs, Google Sheets, Google Slides, Google Forms y Google Classroom.<\/p>\n\n\t\t<\/div><!-- .et_builder_inner_content -->\n\t<\/div><!-- .et-l -->\n\t","protected":false},"excerpt":{"rendered":"<p><strong>MODALIDAD PRESENCIAL<br \/>\n<\/strong><\/p>\n<ul>\n<li>Del lunes 17 de octubre al viernes 26 de octubre (5 clases)<\/li>\n<li>Horario 5:00 pm a 8:00 pm<\/li>\n<\/ul>\n","protected":false},"featured_media":56,"comment_status":"open","ping_status":"closed","template":"","meta":{"_et_pb_use_builder":"","_et_pb_old_content":"","_et_gb_content_width":"","spay_email":""},"_links":{"self":[{"href":"https:\/\/ceu16.edu.mx\/educon\/wp-json\/wp\/v2\/product\/32"}],"collection":[{"href":"https:\/\/ceu16.edu.mx\/educon\/wp-json\/wp\/v2\/product"}],"about":[{"href":"https:\/\/ceu16.edu.mx\/educon\/wp-json\/wp\/v2\/types\/product"}],"replies":[{"embeddable":true,"href":"https:\/\/ceu16.edu.mx\/educon\/wp-json\/wp\/v2\/comments?post=32"}],"wp:featuredmedia":[{"embeddable":true,"href":"https:\/\/ceu16.edu.mx\/educon\/wp-json\/wp\/v2\/media\/56"}],"wp:attachment":[{"href":"https:\/\/ceu16.edu.mx\/educon\/wp-json\/wp\/v2\/media?parent=32"}],"curies":[{"name":"wp","href":"https:\/\/api.w.org\/{rel}","templated":true}]}}