{"id":3211,"date":"2024-10-14T19:53:22","date_gmt":"2024-10-14T19:53:22","guid":{"rendered":"https:\/\/ceu16.edu.mx\/educon\/?post_type=product&#038;p=3211"},"modified":"2025-09-11T23:05:14","modified_gmt":"2025-09-11T23:05:14","slug":"ec0585","status":"publish","type":"product","link":"https:\/\/ceu16.edu.mx\/educon\/producto\/ec0585\/","title":{"rendered":"EC0585 &#8211; Atenci\u00f3n de primeros auxilios a la persona afectada\/lesionada"},"content":{"rendered":"<div class=\"et-l et-l--post\">\n\t\t\t<div class=\"et_builder_inner_content et_pb_gutters3\">\n\t\t\n\t\t<\/div><!-- .et_builder_inner_content -->\n\t<\/div><!-- .et-l -->\n\t","protected":false},"excerpt":{"rendered":"<p><strong>Modalidad<\/strong><br \/>\nPresencial<\/p>\n<p><strong>Descripci\u00f3n general<\/strong><br \/>\nEl est\u00e1ndar de competencia de facilitaci\u00f3n de sesiones de car\u00e1cter vivencial a trav\u00e9s de pr\u00e1cticas socioemocionales, contempla las funciones primordiales de planear la aplicaci\u00f3n de las pr\u00e1cticas socioemocionales, aplicar pr\u00e1cticas socioemocionales y evaluar los aprendizajes de las pr\u00e1cticas socioemocionales.<\/p>\n<p><strong>\u00bfQu\u00e9 aprender\u00e1s?<\/strong><\/p>\n<ul>\n<li>Planear la aplicaci\u00f3n de las pr\u00e1cticas socioemocionales<\/li>\n<li>Aplicar pr\u00e1cticas socioemocionales<\/li>\n<li>Evaluar los aprendizajes de las pr\u00e1cticas socioemocionales<\/li>\n<\/ul>\n<p><strong>Incluye<\/strong><\/p>\n<ul>\n<li>Material<\/li>\n<li>Alineaci\u00f3n al est\u00e1ndar<\/li>\n<li>Asesor\u00eda personalizada<\/li>\n<li>Lectura del plan de evaluaci\u00f3n<\/li>\n<li>Evaluaci\u00f3n<\/li>\n<li>Certificado (en caso de ser competente).<\/li>\n<\/ul>\n","protected":false},"featured_media":3826,"comment_status":"open","ping_status":"closed","template":"","meta":{"_et_pb_use_builder":"","_et_pb_old_content":"","_et_gb_content_width":"","spay_email":""},"_links":{"self":[{"href":"https:\/\/ceu16.edu.mx\/educon\/wp-json\/wp\/v2\/product\/3211"}],"collection":[{"href":"https:\/\/ceu16.edu.mx\/educon\/wp-json\/wp\/v2\/product"}],"about":[{"href":"https:\/\/ceu16.edu.mx\/educon\/wp-json\/wp\/v2\/types\/product"}],"replies":[{"embeddable":true,"href":"https:\/\/ceu16.edu.mx\/educon\/wp-json\/wp\/v2\/comments?post=3211"}],"wp:featuredmedia":[{"embeddable":true,"href":"https:\/\/ceu16.edu.mx\/educon\/wp-json\/wp\/v2\/media\/3826"}],"wp:attachment":[{"href":"https:\/\/ceu16.edu.mx\/educon\/wp-json\/wp\/v2\/media?parent=3211"}],"curies":[{"name":"wp","href":"https:\/\/api.w.org\/{rel}","templated":true}]}}