{"id":3214,"date":"2024-10-14T20:44:35","date_gmt":"2024-10-14T20:44:35","guid":{"rendered":"https:\/\/ceu16.edu.mx\/educon\/?post_type=product&#038;p=3214"},"modified":"2025-09-11T23:04:56","modified_gmt":"2025-09-11T23:04:56","slug":"ec0616","status":"publish","type":"product","link":"https:\/\/ceu16.edu.mx\/educon\/producto\/ec0616\/","title":{"rendered":"EC0616 &#8211; Prestaci\u00f3n de servicios auxiliares de enfermer\u00eda en cuidados b\u00e1sicos y orientaci\u00f3n a personas en unidades de atenci\u00f3n m\u00e9dica"},"content":{"rendered":"<div class=\"et-l et-l--post\">\n\t\t\t<div class=\"et_builder_inner_content et_pb_gutters3\">\n\t\t\n\t\t<\/div><!-- .et_builder_inner_content -->\n\t<\/div><!-- .et-l -->\n\t","protected":false},"excerpt":{"rendered":"<p><strong>Modalidad<br \/>\n<\/strong>Presencial<\/p>\n<p><strong>Descripci\u00f3n general<\/strong><br \/>\nEl est\u00e1ndar de competencia prestaci\u00f3n de servicios auxiliares de enfermer\u00eda en cuidados b\u00e1sicos y orientaci\u00f3n a personas en unidades de atenci\u00f3n m\u00e9dica, describe las funciones que realiza una persona para satisfacer las necesidades de: oxigenaci\u00f3n, alimentaci\u00f3n, eliminaci\u00f3n, confort, seguridad y protecci\u00f3n, post mortem y orientaci\u00f3n para el autocuidado.<\/p>\n<p><strong>\u00bfQu\u00e9 aprender\u00e1s?<\/strong><\/p>\n<ul>\n<li style=\"font-weight: 500;\" aria-level=\"1\">Proporcionar cuidados y orientaci\u00f3n en la necesidad de oxigenaci\u00f3n.<\/li>\n<li style=\"font-weight: 500;\" aria-level=\"1\">Proporcionar cuidados y orientaci\u00f3n en la necesidad de alimentaci\u00f3n.<\/li>\n<li style=\"font-weight: 500;\" aria-level=\"1\">Proporcionar cuidados y orientaci\u00f3n en la necesidad de eliminaci\u00f3n.<\/li>\n<li style=\"font-weight: 500;\" aria-level=\"1\">Proporcionar cuidados y orientaci\u00f3n en la necesidad de confort.<\/li>\n<li style=\"font-weight: 500;\" aria-level=\"1\">Proporcionar cuidados y orientaci\u00f3n en la necesidad de seguridad y protecci\u00f3n.<\/li>\n<li style=\"font-weight: 500;\" aria-level=\"1\">Proporcionar cuidados post mortem.<\/li>\n<li style=\"font-weight: 500;\" aria-level=\"1\">Orientar para el autocuidado.<\/li>\n<\/ul>\n<p><strong>Incluye<\/strong><\/p>\n<ul>\n<li>Material<\/li>\n<li>Alineaci\u00f3n al est\u00e1ndar<\/li>\n<li>Asesor\u00eda personalizada<\/li>\n<li>Lectura del plan de evaluaci\u00f3n<\/li>\n<li>Evaluaci\u00f3n<\/li>\n<li>Certificado (en caso de ser competente).<\/li>\n<\/ul>\n","protected":false},"featured_media":3825,"comment_status":"open","ping_status":"closed","template":"","meta":{"_et_pb_use_builder":"","_et_pb_old_content":"","_et_gb_content_width":"","spay_email":""},"_links":{"self":[{"href":"https:\/\/ceu16.edu.mx\/educon\/wp-json\/wp\/v2\/product\/3214"}],"collection":[{"href":"https:\/\/ceu16.edu.mx\/educon\/wp-json\/wp\/v2\/product"}],"about":[{"href":"https:\/\/ceu16.edu.mx\/educon\/wp-json\/wp\/v2\/types\/product"}],"replies":[{"embeddable":true,"href":"https:\/\/ceu16.edu.mx\/educon\/wp-json\/wp\/v2\/comments?post=3214"}],"wp:featuredmedia":[{"embeddable":true,"href":"https:\/\/ceu16.edu.mx\/educon\/wp-json\/wp\/v2\/media\/3825"}],"wp:attachment":[{"href":"https:\/\/ceu16.edu.mx\/educon\/wp-json\/wp\/v2\/media?parent=3214"}],"curies":[{"name":"wp","href":"https:\/\/api.w.org\/{rel}","templated":true}]}}