{"id":3220,"date":"2024-10-14T20:53:03","date_gmt":"2024-10-14T20:53:03","guid":{"rendered":"https:\/\/ceu16.edu.mx\/educon\/?post_type=product&#038;p=3220"},"modified":"2025-09-11T23:04:18","modified_gmt":"2025-09-11T23:04:18","slug":"ec0669","status":"publish","type":"product","link":"https:\/\/ceu16.edu.mx\/educon\/producto\/ec0669\/","title":{"rendered":"EC0669 &#8211; Cuidado b\u00e1sico de la persona adulta mayor en domicilio"},"content":{"rendered":"<div class=\"et-l et-l--post\">\n\t\t\t<div class=\"et_builder_inner_content et_pb_gutters3\">\n\t\t\n\t\t<\/div><!-- .et_builder_inner_content -->\n\t<\/div><!-- .et-l -->\n\t","protected":false},"excerpt":{"rendered":"<p><strong>Modalidad<\/strong><br \/>\nPresencial<\/p>\n<p><strong>Descripci\u00f3n general<\/strong><br \/>\nEl presente EC expresa las funciones que una persona deber\u00e1 demostrar para ser considerado competente en el cuidado b\u00e1sico de la persona adulta mayor en domicilio, relacionadas con el dise\u00f1o del programa de asistencia y cuidado b\u00e1sico de la persona adulta mayor, apoyo en las actividades b\u00e1sicas e instrumentales de la vida diaria y el apoyo en el cuidado de la salud de la persona adulta mayor en domicilio.<\/p>\n<p><strong>\u00bfQu\u00e9 aprender\u00e1s?\u00a0<\/strong><\/p>\n<ul>\n<li style=\"font-weight: 500;\" aria-level=\"1\">Programar actividades de asistencia y cuidado b\u00e1sico de la persona adulta mayor en domicilio.<\/li>\n<li style=\"font-weight: 500;\" aria-level=\"1\">Apoyar en las actividades b\u00e1sicas e instrumentales de la vida diaria de la persona adulta mayor en domicilio.<\/li>\n<li style=\"font-weight: 500;\" aria-level=\"1\">Apoyar en el cuidado de la salud de la persona adulta mayor en domicilio.<\/li>\n<\/ul>\n<p><strong>Incluye<\/strong><\/p>\n<ul>\n<li>Material<\/li>\n<li>Alineaci\u00f3n al est\u00e1ndar<\/li>\n<li>Asesor\u00eda personalizada<\/li>\n<li>Lectura del plan de evaluaci\u00f3n<\/li>\n<li>Evaluaci\u00f3n<\/li>\n<li>Certificado (en caso de ser competente).<\/li>\n<\/ul>\n","protected":false},"featured_media":3823,"comment_status":"open","ping_status":"closed","template":"","meta":{"_et_pb_use_builder":"","_et_pb_old_content":"","_et_gb_content_width":"","spay_email":""},"_links":{"self":[{"href":"https:\/\/ceu16.edu.mx\/educon\/wp-json\/wp\/v2\/product\/3220"}],"collection":[{"href":"https:\/\/ceu16.edu.mx\/educon\/wp-json\/wp\/v2\/product"}],"about":[{"href":"https:\/\/ceu16.edu.mx\/educon\/wp-json\/wp\/v2\/types\/product"}],"replies":[{"embeddable":true,"href":"https:\/\/ceu16.edu.mx\/educon\/wp-json\/wp\/v2\/comments?post=3220"}],"wp:featuredmedia":[{"embeddable":true,"href":"https:\/\/ceu16.edu.mx\/educon\/wp-json\/wp\/v2\/media\/3823"}],"wp:attachment":[{"href":"https:\/\/ceu16.edu.mx\/educon\/wp-json\/wp\/v2\/media?parent=3220"}],"curies":[{"name":"wp","href":"https:\/\/api.w.org\/{rel}","templated":true}]}}