{"id":3223,"date":"2024-10-14T20:56:30","date_gmt":"2024-10-14T20:56:30","guid":{"rendered":"https:\/\/ceu16.edu.mx\/educon\/?post_type=product&#038;p=3223"},"modified":"2025-09-11T23:04:02","modified_gmt":"2025-09-11T23:04:02","slug":"ec0586-01","status":"publish","type":"product","link":"https:\/\/ceu16.edu.mx\/educon\/producto\/ec0586-01\/","title":{"rendered":"EC0586.01 &#8211; Supervisi\u00f3n de sistemas fotovoltaicos en residencia, comercio e industria"},"content":{"rendered":"<div class=\"et-l et-l--post\">\n\t\t\t<div class=\"et_builder_inner_content et_pb_gutters3\">\n\t\t\n\t\t<\/div><!-- .et_builder_inner_content -->\n\t<\/div><!-- .et-l -->\n\t","protected":false},"excerpt":{"rendered":"<p><strong>Modalidad<\/strong><br \/>\nPresencial<\/p>\n<p><strong>Descripci\u00f3n general<br \/>\n<\/strong>El Est\u00e1ndar describe y cita las funciones cr\u00edticas que realiza un instalador de SFVI en residencia, comercio e industria en baja tensi\u00f3n (hasta 1000 V), sin respaldo de bater\u00edas como: utilizar el equipo de seguridad en su trabajo, identificar condiciones de riesgo, ordenar y usar la herramienta adecuada durante toda la instalaci\u00f3n, identificar las trayectorias y las canalizaciones de conexiones para CA y CC, verificar el rango de tensi\u00f3n de la red el\u00e9ctrica y del SFVI, verificar la existencia del sistema de puesta a tierra general de la instalaci\u00f3n el\u00e9ctrica.<\/p>\n<p><strong>\u00bfQu\u00e9 aprender\u00e1s?\u00a0<\/strong><\/p>\n<ul>\n<li style=\"font-weight: 500;\" aria-level=\"1\">Verificar las condiciones para la instalaci\u00f3n del SFVI<\/li>\n<li style=\"font-weight: 500;\" aria-level=\"1\">Instalar los componentes mec\u00e1nicos y el\u00e9ctricos del SFVI<\/li>\n<li style=\"font-weight: 500;\" aria-level=\"1\">Conectar los componentes el\u00e9ctricos del SFVI<\/li>\n<li style=\"font-weight: 500;\" aria-level=\"1\">Realizar la puesta en marcha del SFV<\/li>\n<\/ul>\n<p><strong>Incluye<\/strong><\/p>\n<ul>\n<li>Material<\/li>\n<li>Alineaci\u00f3n al est\u00e1ndar<\/li>\n<li>Asesor\u00eda personalizada<\/li>\n<li>Lectura del plan de evaluaci\u00f3n<\/li>\n<li>Evaluaci\u00f3n<\/li>\n<li>Certificado (en caso de ser competente).<\/li>\n<\/ul>\n","protected":false},"featured_media":3822,"comment_status":"open","ping_status":"closed","template":"","meta":{"_et_pb_use_builder":"","_et_pb_old_content":"","_et_gb_content_width":"","spay_email":""},"_links":{"self":[{"href":"https:\/\/ceu16.edu.mx\/educon\/wp-json\/wp\/v2\/product\/3223"}],"collection":[{"href":"https:\/\/ceu16.edu.mx\/educon\/wp-json\/wp\/v2\/product"}],"about":[{"href":"https:\/\/ceu16.edu.mx\/educon\/wp-json\/wp\/v2\/types\/product"}],"replies":[{"embeddable":true,"href":"https:\/\/ceu16.edu.mx\/educon\/wp-json\/wp\/v2\/comments?post=3223"}],"wp:featuredmedia":[{"embeddable":true,"href":"https:\/\/ceu16.edu.mx\/educon\/wp-json\/wp\/v2\/media\/3822"}],"wp:attachment":[{"href":"https:\/\/ceu16.edu.mx\/educon\/wp-json\/wp\/v2\/media?parent=3223"}],"curies":[{"name":"wp","href":"https:\/\/api.w.org\/{rel}","templated":true}]}}