{"id":3233,"date":"2024-10-17T20:12:12","date_gmt":"2024-10-17T20:12:12","guid":{"rendered":"https:\/\/ceu16.edu.mx\/educon\/?post_type=product&#038;p=3233"},"modified":"2025-04-21T22:51:04","modified_gmt":"2025-04-21T22:51:04","slug":"automatizacion-arduino","status":"publish","type":"product","link":"https:\/\/ceu16.edu.mx\/educon\/producto\/automatizacion-arduino\/","title":{"rendered":"TALLER ESPECIALIZADO &#8211; Introducci\u00f3n a la automatizaci\u00f3n con arduino"},"content":{"rendered":"<div class=\"et-l et-l--post\">\n\t\t\t<div class=\"et_builder_inner_content et_pb_gutters3\">\n\t\t\n\t\t<\/div><!-- .et_builder_inner_content -->\n\t<\/div><!-- .et-l -->\n\t","protected":false},"excerpt":{"rendered":"<p><strong>Modalidad<\/strong><br \/>\nPresencial<\/p>\n<p><strong>Horarios<\/strong><br \/>\n3:00 pm a 5:30 pm<\/p>\n<p><i><strong>Sesiones los d\u00edas<\/strong><br \/>\n<\/i>Martes 5 de noviembre 2024<br \/>\nJueves 7 de noviembre 2024<br \/>\nMartes 12 de noviembre 2024<br \/>\nJueves 14 de noviembre 2024<i><br \/>\n<\/i><\/p>\n<p><strong>Objetivo<\/strong><br \/>\nProporcionar a los participantes los conocimientos fundamentales sobre el uso de Arduino para la automatizaci\u00f3n de tareas simples, incluyendo la comprensi\u00f3n de la programaci\u00f3n b\u00e1sica, el manejo de sensores y actuadores, y la creaci\u00f3n de proyectos pr\u00e1cticos que integren estos elementos.<\/p>\n<p><strong>Incluye<\/strong><br \/>\nConstancia con validez oficial<\/p>\n","protected":false},"featured_media":3236,"comment_status":"open","ping_status":"closed","template":"","meta":{"_et_pb_use_builder":"","_et_pb_old_content":"","_et_gb_content_width":"","spay_email":""},"_links":{"self":[{"href":"https:\/\/ceu16.edu.mx\/educon\/wp-json\/wp\/v2\/product\/3233"}],"collection":[{"href":"https:\/\/ceu16.edu.mx\/educon\/wp-json\/wp\/v2\/product"}],"about":[{"href":"https:\/\/ceu16.edu.mx\/educon\/wp-json\/wp\/v2\/types\/product"}],"replies":[{"embeddable":true,"href":"https:\/\/ceu16.edu.mx\/educon\/wp-json\/wp\/v2\/comments?post=3233"}],"wp:featuredmedia":[{"embeddable":true,"href":"https:\/\/ceu16.edu.mx\/educon\/wp-json\/wp\/v2\/media\/3236"}],"wp:attachment":[{"href":"https:\/\/ceu16.edu.mx\/educon\/wp-json\/wp\/v2\/media?parent=3233"}],"curies":[{"name":"wp","href":"https:\/\/api.w.org\/{rel}","templated":true}]}}