{"id":3246,"date":"2024-10-31T22:22:32","date_gmt":"2024-10-31T22:22:32","guid":{"rendered":"https:\/\/ceu16.edu.mx\/educon\/?post_type=product&#038;p=3246"},"modified":"2025-04-21T22:51:03","modified_gmt":"2025-04-21T22:51:03","slug":"manejo-montacargas","status":"publish","type":"product","link":"https:\/\/ceu16.edu.mx\/educon\/producto\/manejo-montacargas\/","title":{"rendered":"Taller Especializado \u2013 Manejo de montacargas"},"content":{"rendered":"<div class=\"et-l et-l--post\">\n\t\t\t<div class=\"et_builder_inner_content et_pb_gutters3\">\n\t\t\n\t\t<\/div><!-- .et_builder_inner_content -->\n\t<\/div><!-- .et-l -->\n\t","protected":false},"excerpt":{"rendered":"<p><b>Modalidad:<br \/>\n<\/b>Presencial<\/p>\n<p><strong>Objetivo:<br \/>\n<\/strong><span style=\"font-weight: 400;\">Capacitar a los participantes en el manejo seguro y eficiente de estos equipos, mediante la adquisici\u00f3n de conocimientos te\u00f3ricos sobre su funcionamiento, normas de seguridad, habilidades pr\u00e1cticas en operaci\u00f3n y comprensi\u00f3n de regulaciones, culminando en una evaluaci\u00f3n que permita obtener la certificaci\u00f3n correspondiente.<\/span><\/p>\n<p><strong>Incluye:<br \/>\n<\/strong>Constancia con validez oficial<\/p>\n","protected":false},"featured_media":3253,"comment_status":"open","ping_status":"closed","template":"","meta":{"_et_pb_use_builder":"","_et_pb_old_content":"","_et_gb_content_width":"","spay_email":""},"_links":{"self":[{"href":"https:\/\/ceu16.edu.mx\/educon\/wp-json\/wp\/v2\/product\/3246"}],"collection":[{"href":"https:\/\/ceu16.edu.mx\/educon\/wp-json\/wp\/v2\/product"}],"about":[{"href":"https:\/\/ceu16.edu.mx\/educon\/wp-json\/wp\/v2\/types\/product"}],"replies":[{"embeddable":true,"href":"https:\/\/ceu16.edu.mx\/educon\/wp-json\/wp\/v2\/comments?post=3246"}],"wp:featuredmedia":[{"embeddable":true,"href":"https:\/\/ceu16.edu.mx\/educon\/wp-json\/wp\/v2\/media\/3253"}],"wp:attachment":[{"href":"https:\/\/ceu16.edu.mx\/educon\/wp-json\/wp\/v2\/media?parent=3246"}],"curies":[{"name":"wp","href":"https:\/\/api.w.org\/{rel}","templated":true}]}}