{"id":3299,"date":"2025-01-27T21:48:51","date_gmt":"2025-01-27T21:48:51","guid":{"rendered":"https:\/\/ceu16.edu.mx\/educon\/?post_type=product&#038;p=3299"},"modified":"2025-02-08T22:50:36","modified_gmt":"2025-02-08T22:50:36","slug":"galletas-corazon","status":"publish","type":"product","link":"https:\/\/ceu16.edu.mx\/educon\/producto\/galletas-corazon\/","title":{"rendered":"GALLETAS EN FORMA DE CORAZ\u00d3N"},"content":{"rendered":"<div class=\"et-l et-l--post\">\n\t\t\t<div class=\"et_builder_inner_content et_pb_gutters3\">\n\t\t\n\t\t<\/div><!-- .et_builder_inner_content -->\n\t<\/div><!-- .et-l -->\n\t","protected":false},"excerpt":{"rendered":"<p><b>MODALIDAD<\/b><span style=\"font-weight: 400;\">: Presencial<\/span><\/p>\n<p><b>Fecha:<\/b><span style=\"font-weight: 400;\">\u00a0 S\u00c1BADO 8 DE FEBRERO<\/span><\/p>\n<p><b>Horario: <\/b><span style=\"font-weight: 400;\">8:00 am\u00a0 a 12:00 pm<\/span><\/p>\n<p><b>P\u00fablico en general: <\/b><span style=\"font-weight: 400;\">$400 m.n por ni\u00f1o\u00a0<\/span><\/p>\n<p><span style=\"font-weight: 400;\">Edades de 6 a\u00f1os en adelante en compa\u00f1\u00eda de 1 adulto si es menor de 12 a\u00f1os.<\/span><\/p>\n<p><b>Incluye: Constancia Educaci\u00f3n Continua<\/b><\/p>\n<p><b>Descripci\u00f3n:\u00a0<\/b><\/p>\n<p>Los ni\u00f1os aprender\u00e1n a realizar galletas de choco chip en forma de coraz\u00f3n desde cero, hornear y decorar con un glaseado real de colores<\/p>\n","protected":false},"featured_media":3301,"comment_status":"open","ping_status":"closed","template":"","meta":{"_et_pb_use_builder":"","_et_pb_old_content":"","_et_gb_content_width":"","spay_email":""},"_links":{"self":[{"href":"https:\/\/ceu16.edu.mx\/educon\/wp-json\/wp\/v2\/product\/3299"}],"collection":[{"href":"https:\/\/ceu16.edu.mx\/educon\/wp-json\/wp\/v2\/product"}],"about":[{"href":"https:\/\/ceu16.edu.mx\/educon\/wp-json\/wp\/v2\/types\/product"}],"replies":[{"embeddable":true,"href":"https:\/\/ceu16.edu.mx\/educon\/wp-json\/wp\/v2\/comments?post=3299"}],"wp:featuredmedia":[{"embeddable":true,"href":"https:\/\/ceu16.edu.mx\/educon\/wp-json\/wp\/v2\/media\/3301"}],"wp:attachment":[{"href":"https:\/\/ceu16.edu.mx\/educon\/wp-json\/wp\/v2\/media?parent=3299"}],"curies":[{"name":"wp","href":"https:\/\/api.w.org\/{rel}","templated":true}]}}