{"id":3312,"date":"2025-01-29T21:08:03","date_gmt":"2025-01-29T21:08:03","guid":{"rendered":"https:\/\/ceu16.edu.mx\/educon\/?post_type=product&#038;p=3312"},"modified":"2025-09-11T23:03:39","modified_gmt":"2025-09-11T23:03:39","slug":"eco539","status":"publish","type":"product","link":"https:\/\/ceu16.edu.mx\/educon\/producto\/eco539\/","title":{"rendered":"ECO539  Atenci\u00f3n presencial de primer contacto a mujeres v\u00edctimas de violencia de g\u00e9nero."},"content":{"rendered":"<div class=\"et-l et-l--post\">\n\t\t\t<div class=\"et_builder_inner_content et_pb_gutters3\">\n\t\t<p><strong>\u00bfQu\u00e9 aprender\u00e1s?<\/strong><\/p>\n<ul>\n<li style=\"font-weight: 500;\" aria-level=\"1\"><b>Conceptos y Tipos de Violencia de G\u00e9nero<\/b><span style=\"font-weight: 500;\">: Comprensi\u00f3n de las distintas formas de violencia (f\u00edsica, psicol\u00f3gica, sexual, econ\u00f3mica, entre otras) y c\u00f3mo se manifiestan en la vida cotidiana de las mujeres.<\/span><\/li>\n<li style=\"font-weight: 500;\" aria-level=\"1\"><b>Identificaci\u00f3n de Se\u00f1ales de Violencia<\/b><span style=\"font-weight: 500;\">: Herramientas para detectar signos de abuso, incluso cuando las v\u00edctimas no los expresan abiertamente.<\/span><\/li>\n<li style=\"font-weight: 500;\" aria-level=\"1\"><b>T\u00e9cnicas de Comunicaci\u00f3n y Empat\u00eda<\/b><span style=\"font-weight: 500;\">: M\u00e9todos para establecer una relaci\u00f3n de confianza con la v\u00edctima, garantizando que se sienta escuchada, comprendida y respetada en su proceso de recuperaci\u00f3n.<\/span><\/li>\n<li style=\"font-weight: 500;\" aria-level=\"1\"><b>Protocolos de Atenci\u00f3n<\/b><span style=\"font-weight: 500;\">: Conocimiento de los procedimientos adecuados para actuar en el primer contacto.<\/span><\/li>\n<li style=\"font-weight: 500;\" aria-level=\"1\"><b>Enfoque Legal y \u00c9tico<\/b><span style=\"font-weight: 500;\">: Capacitaci\u00f3n sobre los derechos de las mujeres, las leyes relacionadas con la violencia de g\u00e9nero, y la confidencialidad y \u00e9tica profesional en el trato con las v\u00edctimas.<\/span><\/li>\n<li style=\"font-weight: 500;\" aria-level=\"1\"><b style=\"font-family: -apple-system, BlinkMacSystemFont, 'Segoe UI', Roboto, Oxygen-Sans, Ubuntu, Cantarell, 'Helvetica Neue', sans-serif;\">Prevenci\u00f3n y Sensibilizaci\u00f3n<\/b><span style=\"font-weight: 500;\">: Estrategias para promover la conciencia sobre la violencia de g\u00e9nero en la comunidad y en los propios servicios de atenci\u00f3n, para prevenir situaciones de violencia y apoyar a las v\u00edctimas de manera efectiva.<\/span><\/li>\n<\/ul>\n\n\t\t<\/div><!-- .et_builder_inner_content -->\n\t<\/div><!-- .et-l -->\n\t","protected":false},"excerpt":{"rendered":"<p><strong>Modalidad<br \/>\n<\/strong>Presencial<\/p>\n<p><strong>Descripci\u00f3n<br \/>\n<\/strong>Este curso tiene como enfoque principal mejorar la calidad de la atenci\u00f3n que se les brinda a las mujeres en su primer contacto con los servicios de apoyo, ya sea en instituciones de salud, centros de atenci\u00f3n psicol\u00f3gica, organismos gubernamentales o asociaciones. La formaci\u00f3n cubre aspectos te\u00f3ricos y pr\u00e1cticos que permiten identificar, entender y abordar las diversas formas de violencia de g\u00e9nero, as\u00ed como proporcionar un primer apoyo emocional y la orientaci\u00f3n adecuada.<\/p>\n<p><strong>Incluye<\/strong><\/p>\n<ul>\n<li>Material<\/li>\n<li>Alineaci\u00f3n al est\u00e1ndar<\/li>\n<li>Asesor\u00eda personalizada<\/li>\n<li>Lectura del plan de evaluaci\u00f3n<\/li>\n<li>Evaluaci\u00f3n<\/li>\n<li>Certificado (en caso de ser competente).<\/li>\n<\/ul>\n","protected":false},"featured_media":3820,"comment_status":"open","ping_status":"closed","template":"","meta":{"_et_pb_use_builder":"","_et_pb_old_content":"","_et_gb_content_width":"","spay_email":""},"_links":{"self":[{"href":"https:\/\/ceu16.edu.mx\/educon\/wp-json\/wp\/v2\/product\/3312"}],"collection":[{"href":"https:\/\/ceu16.edu.mx\/educon\/wp-json\/wp\/v2\/product"}],"about":[{"href":"https:\/\/ceu16.edu.mx\/educon\/wp-json\/wp\/v2\/types\/product"}],"replies":[{"embeddable":true,"href":"https:\/\/ceu16.edu.mx\/educon\/wp-json\/wp\/v2\/comments?post=3312"}],"wp:featuredmedia":[{"embeddable":true,"href":"https:\/\/ceu16.edu.mx\/educon\/wp-json\/wp\/v2\/media\/3820"}],"wp:attachment":[{"href":"https:\/\/ceu16.edu.mx\/educon\/wp-json\/wp\/v2\/media?parent=3312"}],"curies":[{"name":"wp","href":"https:\/\/api.w.org\/{rel}","templated":true}]}}