{"id":3316,"date":"2025-01-29T21:14:49","date_gmt":"2025-01-29T21:14:49","guid":{"rendered":"https:\/\/ceu16.edu.mx\/educon\/?post_type=product&#038;p=3316"},"modified":"2025-04-21T22:51:02","modified_gmt":"2025-04-21T22:51:02","slug":"manejo-maquinaria-cnc","status":"publish","type":"product","link":"https:\/\/ceu16.edu.mx\/educon\/producto\/manejo-maquinaria-cnc\/","title":{"rendered":"Taller especializado &#8211; Uso y manejo de maquinaria CNC"},"content":{"rendered":"<div class=\"et-l et-l--post\">\n\t\t\t<div class=\"et_builder_inner_content et_pb_gutters3\">\n\t\t<p><span style=\"font-weight: 600;\">Objetivo<\/span><\/p>\n<p><span style=\"font-weight: 400;\">Comprender los principios de funcionamiento de las m\u00e1quinas CNC, como fresadoras, tornos y centros de mecanizado, y c\u00f3mo estos sistemas son controlados por computadoras.<\/span><\/p>\n<p><span style=\"font-weight: 400;\">Adquirir habilidades pr\u00e1cticas en la programaci\u00f3n y operaci\u00f3n de equipos CNC, garantizando que los participantes puedan realizar ajustes, configuraciones y mantenimiento b\u00e1sico.<\/span><\/p>\n<p><span style=\"font-weight: 400;\">Aplicar normas de seguridad al operar maquinaria CNC para prevenir accidentes y garantizar un entorno de trabajo seguro.<\/span><\/p>\n<p><span style=\"font-weight: 400;\">Optimizar los procesos de producci\u00f3n mediante el uso adecuado de las herramientas CNC, mejorando la precisi\u00f3n, eficiencia y la calidad de los productos fabricados.<\/span><\/p>\n<p><span style=\"font-weight: 400;\">Desarrollar habilidades en el dise\u00f1o de programas CNC, comprendiendo el uso de software de programaci\u00f3n y simuladores.<\/span><\/p>\n<p>&nbsp;<\/p>\n<p><span style=\"font-weight: 600;\">Docente<\/span><\/p>\n<p>Jes\u00fas Rivera Martinez<\/p>\n<p>&nbsp;<\/p>\n\n\t\t<\/div><!-- .et_builder_inner_content -->\n\t<\/div><!-- .et-l -->\n\t","protected":false},"excerpt":{"rendered":"<p><strong>Modalidad<br \/>\n<\/strong>Presencial<\/p>\n<p><strong>Sesiones los d\u00edas<\/strong><\/p>\n<p><span style=\"font-weight: 400;\">Viernes 21 de marzo 2025<br \/>\n<\/span><span style=\"font-family: -apple-system, BlinkMacSystemFont, 'Segoe UI', Roboto, Oxygen-Sans, Ubuntu, Cantarell, 'Helvetica Neue', sans-serif;\">Viernes 28 de marzo 2025<br \/>\n<\/span><span style=\"font-family: -apple-system, BlinkMacSystemFont, 'Segoe UI', Roboto, Oxygen-Sans, Ubuntu, Cantarell, 'Helvetica Neue', sans-serif;\">Viernes 4 de abril 2025<\/span><\/p>\n<p><strong style=\"font-family: -apple-system, BlinkMacSystemFont, 'Segoe UI', Roboto, Oxygen-Sans, Ubuntu, Cantarell, 'Helvetica Neue', sans-serif;\">Horarios<\/strong><\/p>\n<p><span style=\"font-weight: 400;\">6:00 pm &#8211; 10:00 pm<\/span><\/p>\n<p><strong>Incluye<\/strong><br \/>\nConstancia con validez oficial<\/p>\n","protected":false},"featured_media":3401,"comment_status":"open","ping_status":"closed","template":"","meta":{"_et_pb_use_builder":"","_et_pb_old_content":"","_et_gb_content_width":"","spay_email":""},"_links":{"self":[{"href":"https:\/\/ceu16.edu.mx\/educon\/wp-json\/wp\/v2\/product\/3316"}],"collection":[{"href":"https:\/\/ceu16.edu.mx\/educon\/wp-json\/wp\/v2\/product"}],"about":[{"href":"https:\/\/ceu16.edu.mx\/educon\/wp-json\/wp\/v2\/types\/product"}],"replies":[{"embeddable":true,"href":"https:\/\/ceu16.edu.mx\/educon\/wp-json\/wp\/v2\/comments?post=3316"}],"wp:featuredmedia":[{"embeddable":true,"href":"https:\/\/ceu16.edu.mx\/educon\/wp-json\/wp\/v2\/media\/3401"}],"wp:attachment":[{"href":"https:\/\/ceu16.edu.mx\/educon\/wp-json\/wp\/v2\/media?parent=3316"}],"curies":[{"name":"wp","href":"https:\/\/api.w.org\/{rel}","templated":true}]}}