{"id":3323,"date":"2025-01-31T21:00:56","date_gmt":"2025-01-31T21:00:56","guid":{"rendered":"https:\/\/ceu16.edu.mx\/educon\/?post_type=product&#038;p=3323"},"modified":"2025-01-31T21:00:56","modified_gmt":"2025-01-31T21:00:56","slug":"certificacion-excellence","status":"publish","type":"product","link":"https:\/\/ceu16.edu.mx\/educon\/producto\/certificacion-excellence\/","title":{"rendered":"Certificaci\u00f3n Excellence"},"content":{"rendered":"<div class=\"et-l et-l--post\">\n\t\t\t<div class=\"et_builder_inner_content et_pb_gutters3\">\n\t\t\n\t\t<\/div><!-- .et_builder_inner_content -->\n\t<\/div><!-- .et-l -->\n\t","protected":false},"excerpt":{"rendered":"<div class=\"gmail_default\">Las pruebas de Certificaci\u00f3n de SDSU tienen como objetivo reflejar el nivel de dominio de las cuatro habilidades b\u00e1sicas del idioma ingl\u00e9s, las cuales son: lectura, escritura, comprensi\u00f3n auditiva y expresi\u00f3n oral de acuerdo con el Marco Com\u00fan Europeo De Referencia (MCER), est\u00e1ndar internacional para todas las casas certificadoras en el mundo.<\/div>\n<div><\/div>\n<div class=\"gmail_default\">Con validez oficial internacional y expedido por San Diego State University (SDSU)<\/div>\n<div>\n<p>Instancia evaluadora para acreditaci\u00f3n CENNI<\/p>\n<ul>\n<li>CERTIFICACI\u00d3N CENNI. SDSU PRETEENS<\/li>\n<li>CERTIFICACI\u00d3N CENNI. SDSU LEADERS<\/li>\n<\/ul>\n<\/div>\n<div class=\"gmail_default\"><em><strong><br \/>\n\u26a0\ufe0f Antes de realizar su pago, favor de inscribirse en el siguiente n\u00famero de WhatsApp: 686-283-0299<\/strong><\/em><\/div>\n<div class=\"gmail_default\"><\/div>\n","protected":false},"featured_media":3329,"comment_status":"open","ping_status":"closed","template":"","meta":{"_et_pb_use_builder":"","_et_pb_old_content":"","_et_gb_content_width":"","spay_email":""},"_links":{"self":[{"href":"https:\/\/ceu16.edu.mx\/educon\/wp-json\/wp\/v2\/product\/3323"}],"collection":[{"href":"https:\/\/ceu16.edu.mx\/educon\/wp-json\/wp\/v2\/product"}],"about":[{"href":"https:\/\/ceu16.edu.mx\/educon\/wp-json\/wp\/v2\/types\/product"}],"replies":[{"embeddable":true,"href":"https:\/\/ceu16.edu.mx\/educon\/wp-json\/wp\/v2\/comments?post=3323"}],"wp:featuredmedia":[{"embeddable":true,"href":"https:\/\/ceu16.edu.mx\/educon\/wp-json\/wp\/v2\/media\/3329"}],"wp:attachment":[{"href":"https:\/\/ceu16.edu.mx\/educon\/wp-json\/wp\/v2\/media?parent=3323"}],"curies":[{"name":"wp","href":"https:\/\/api.w.org\/{rel}","templated":true}]}}