{"id":3335,"date":"2025-02-06T00:05:33","date_gmt":"2025-02-06T00:05:33","guid":{"rendered":"https:\/\/ceu16.edu.mx\/educon\/?post_type=product&#038;p=3335"},"modified":"2025-03-03T19:33:36","modified_gmt":"2025-03-03T19:33:36","slug":"formulas-buscas-interpretas","status":"publish","type":"product","link":"https:\/\/ceu16.edu.mx\/educon\/producto\/formulas-buscas-interpretas\/","title":{"rendered":"Curso Alineaci\u00f3n de Proyectos de Titulaci\u00f3n &#8211; FBI; F\u00f3rmulas, buscas e interpretas. Un proyecto con mucha seguridad."},"content":{"rendered":"<div class=\"et-l et-l--post\">\n\t\t\t<div class=\"et_builder_inner_content et_pb_gutters3\">\n\t\t\n\t\t<\/div><!-- .et_builder_inner_content -->\n\t<\/div><!-- .et-l -->\n\t","protected":false},"excerpt":{"rendered":"<p><b>Fecha de inicio:<\/b> 28 de marzo<\/p>\n<p><b>Fecha de terminaci\u00f3n:<\/b>\u00a019 de mayo<\/p>\n<p><b>Modalidad<\/b><span style=\"font-weight: 400;\">: H\u00edbrida\u00a0<\/span><\/p>\n<p><b>Requisitos: <\/b><\/p>\n<ul>\n<li style=\"font-weight: 400;\" aria-level=\"1\"><span style=\"font-weight: 400;\">Carta pasante liberado o en tr\u00e1mite<\/span><\/li>\n<li style=\"font-weight: 400;\" aria-level=\"1\"><span style=\"font-weight: 400;\">Certificado liberado o en tr\u00e1mite<\/span><\/li>\n<li style=\"font-weight: 400;\" aria-level=\"1\"><span style=\"font-weight: 400;\">Ingl\u00e9s liberado o estar cursando tercer o cuarto nivel<\/span><\/li>\n<\/ul>\n<p><b>Incluye:<\/b> Material, Constancia.<\/p>\n","protected":false},"featured_media":3336,"comment_status":"open","ping_status":"closed","template":"","meta":{"_et_pb_use_builder":"","_et_pb_old_content":"","_et_gb_content_width":"","spay_email":""},"_links":{"self":[{"href":"https:\/\/ceu16.edu.mx\/educon\/wp-json\/wp\/v2\/product\/3335"}],"collection":[{"href":"https:\/\/ceu16.edu.mx\/educon\/wp-json\/wp\/v2\/product"}],"about":[{"href":"https:\/\/ceu16.edu.mx\/educon\/wp-json\/wp\/v2\/types\/product"}],"replies":[{"embeddable":true,"href":"https:\/\/ceu16.edu.mx\/educon\/wp-json\/wp\/v2\/comments?post=3335"}],"wp:featuredmedia":[{"embeddable":true,"href":"https:\/\/ceu16.edu.mx\/educon\/wp-json\/wp\/v2\/media\/3336"}],"wp:attachment":[{"href":"https:\/\/ceu16.edu.mx\/educon\/wp-json\/wp\/v2\/media?parent=3335"}],"curies":[{"name":"wp","href":"https:\/\/api.w.org\/{rel}","templated":true}]}}