{"id":3346,"date":"2025-02-13T21:20:04","date_gmt":"2025-02-13T21:20:04","guid":{"rendered":"https:\/\/ceu16.edu.mx\/educon\/?post_type=product&#038;p=3346"},"modified":"2025-03-14T23:09:50","modified_gmt":"2025-03-14T23:09:50","slug":"mini-tartas-fresa","status":"publish","type":"product","link":"https:\/\/ceu16.edu.mx\/educon\/producto\/mini-tartas-fresa\/","title":{"rendered":"Master class &#8211; Mini tartas de fresa"},"content":{"rendered":"<div class=\"et-l et-l--post\">\n\t\t\t<div class=\"et_builder_inner_content et_pb_gutters3\">\n\t\t\n\t\t<\/div><!-- .et_builder_inner_content -->\n\t<\/div><!-- .et-l -->\n\t","protected":false},"excerpt":{"rendered":"<p><strong>Modalidad:<\/strong> Presencial<\/p>\n<p><strong>Fecha:<\/strong> S\u00e1bado 15 de marzo<\/p>\n<p><strong>Horario:<\/strong> 8:00 am a 12:00 pm<\/p>\n<p><strong>Descripci\u00f3n<\/strong>:<br \/>\nLos ni\u00f1os aprender\u00e1n a realizar a masa sable junto a una mermelada de fresa desde cero. Hornearan, barnizaran decorar\u00e1n<\/p>\n<p>Dirigido a ni\u00f1as y ni\u00f1os, edades de 6 a\u00f1os en adelante en <span style=\"font-weight: 400;\">compa\u00f1\u00eda<\/span> de 1 adulto si es menor de 12 a\u00f1os.<\/p>\n","protected":false},"featured_media":3347,"comment_status":"open","ping_status":"closed","template":"","meta":{"_et_pb_use_builder":"","_et_pb_old_content":"","_et_gb_content_width":"","spay_email":""},"_links":{"self":[{"href":"https:\/\/ceu16.edu.mx\/educon\/wp-json\/wp\/v2\/product\/3346"}],"collection":[{"href":"https:\/\/ceu16.edu.mx\/educon\/wp-json\/wp\/v2\/product"}],"about":[{"href":"https:\/\/ceu16.edu.mx\/educon\/wp-json\/wp\/v2\/types\/product"}],"replies":[{"embeddable":true,"href":"https:\/\/ceu16.edu.mx\/educon\/wp-json\/wp\/v2\/comments?post=3346"}],"wp:featuredmedia":[{"embeddable":true,"href":"https:\/\/ceu16.edu.mx\/educon\/wp-json\/wp\/v2\/media\/3347"}],"wp:attachment":[{"href":"https:\/\/ceu16.edu.mx\/educon\/wp-json\/wp\/v2\/media?parent=3346"}],"curies":[{"name":"wp","href":"https:\/\/api.w.org\/{rel}","templated":true}]}}