{"id":3358,"date":"2025-02-21T22:53:42","date_gmt":"2025-02-21T22:53:42","guid":{"rendered":"https:\/\/ceu16.edu.mx\/educon\/?post_type=product&#038;p=3358"},"modified":"2026-02-28T19:06:01","modified_gmt":"2026-02-28T19:06:01","slug":"excel-nivel-basico","status":"publish","type":"product","link":"https:\/\/ceu16.edu.mx\/educon\/producto\/excel-nivel-basico\/","title":{"rendered":"Taller de Excel Nivel B\u00e1sico"},"content":{"rendered":"<div class=\"et-l et-l--post\">\n\t\t\t<div class=\"et_builder_inner_content et_pb_gutters3\">\n\t\t<p><strong>Temas:<\/strong><\/p>\n<p>-Introducci\u00f3n a Excel<br \/>\n-Trabajo con Celdas<br \/>\n-Formato B\u00e1sico<br \/>\n-Conceptos B\u00e1sicos de F\u00f3rmulas<br \/>\n-Funciones B\u00e1sicas<br \/>\n-Formato de N\u00fameros<br \/>\n-Etc.<\/p>\n<p><strong>Docente:<\/strong><\/p>\n<p>Luis Alonso Romero Ibarra<br \/>\nLuis Romero es ingeniero en Electro\u0301nica con especializacio\u0301n en Telecomunicaciones e Informa\u0301tica, y certificacio\u0301n en Ana\u0301lisis de Datos, Excel, Macros, Visual Basic y ChatGPT. Con ma\u0301s de 25 an\u0303os de experiencia en herramientas de productividad, ana\u0301lisis de datos y Microsoft Excel, ha impartido talleres y capacitaciones en TICCAD (Tecnologi\u0301as de la Informacio\u0301n, Comunicacio\u0301n, Conocimiento y Aprendizaje Digitales) en todos los niveles de la SEP. Busca un enfoque pra\u0301ctico y dida\u0301ctico abarca desde funciones ba\u0301sicas hasta te\u0301cnicas avanzadas como macros, tablas dina\u0301micas y visualizacio\u0301n de datos. Adema\u0301s, ha participado en proyectos de automatizacio\u0301n y gestio\u0301n de informacio\u0301n, destac\u00e1ndose en soluciones tecnolo\u0301gicas.<\/p>\n\n\t\t<\/div><!-- .et_builder_inner_content -->\n\t<\/div><!-- .et-l -->\n\t","protected":false},"excerpt":{"rendered":"<p><strong>Modalidad:<\/strong><\/p>\n<p>Presencial<\/p>\n<p><span style=\"font-weight: 600;\">Horarios:<\/span><\/p>\n<p>lunes 23 de febrero &#8211; 5:00 pm &#8211; 9:00 pm<\/p>\n<p>mi\u00e9rcoles 25 de febrero &#8211; 5:00 pm &#8211; 9:00 pm<\/p>\n<p>s\u00e1bado 28 de febrero &#8211; 1:00 pm &#8211; 3:00 pm<\/p>\n<p><span style=\"font-weight: 600;\">Objetivo:<\/span><\/p>\n<p><span style=\"font-weight: 400;\">Aprender y aplicar herramientas de Excel para optimizar la gesti\u00f3n, an\u00e1lisis y presentaci\u00f3n de datos, adaptado a las necesidades del usuario.\u00a0 <\/span><\/p>\n<p><span style=\"font-weight: 600;\">Incluye:<\/span><\/p>\n<p>Constancia con validez oficial ante ICAT<\/p>\n","protected":false},"featured_media":4295,"comment_status":"open","ping_status":"closed","template":"","meta":{"_et_pb_use_builder":"","_et_pb_old_content":"","_et_gb_content_width":"","spay_email":""},"_links":{"self":[{"href":"https:\/\/ceu16.edu.mx\/educon\/wp-json\/wp\/v2\/product\/3358"}],"collection":[{"href":"https:\/\/ceu16.edu.mx\/educon\/wp-json\/wp\/v2\/product"}],"about":[{"href":"https:\/\/ceu16.edu.mx\/educon\/wp-json\/wp\/v2\/types\/product"}],"replies":[{"embeddable":true,"href":"https:\/\/ceu16.edu.mx\/educon\/wp-json\/wp\/v2\/comments?post=3358"}],"wp:featuredmedia":[{"embeddable":true,"href":"https:\/\/ceu16.edu.mx\/educon\/wp-json\/wp\/v2\/media\/4295"}],"wp:attachment":[{"href":"https:\/\/ceu16.edu.mx\/educon\/wp-json\/wp\/v2\/media?parent=3358"}],"curies":[{"name":"wp","href":"https:\/\/api.w.org\/{rel}","templated":true}]}}