{"id":3388,"date":"2025-03-07T00:06:55","date_gmt":"2025-03-07T00:06:55","guid":{"rendered":"https:\/\/ceu16.edu.mx\/educon\/?post_type=product&#038;p=3388"},"modified":"2025-05-28T13:55:00","modified_gmt":"2025-05-28T13:55:00","slug":"camino-inclusion-educativa","status":"publish","type":"product","link":"https:\/\/ceu16.edu.mx\/educon\/producto\/camino-inclusion-educativa\/","title":{"rendered":"Diplomado &#8211; Camino a la Inclusi\u00f3n Educativa"},"content":{"rendered":"<div class=\"et-l et-l--post\">\n\t\t\t<div class=\"et_builder_inner_content et_pb_gutters3\">\n\t\t<p><strong>DOCENTE\u00a0<\/strong><\/p>\n<p>Mtra. Marisol Zer\u00f3n Salgado<\/p>\n<p>Semblanza<\/p>\n<p>24 A\u00f1os de experiencia en el campo de la educaci\u00f3n y la psicolog\u00eda. Capacidad comprobada para crear e implementar programas educativos. Enfocados en reclutar y capacitar nuevo personal en cualquier divisi\u00f3n escolar. Psic\u00f3loga dedicada, motivada y orientada a los detalles que utiliza experiencia diversa, s\u00f3lidas habilidades cl\u00ednicas y de evaluaci\u00f3n en un entorno desafiante.<\/p>\n<p>Experiencia en:<\/p>\n<p>En el desarrollo profesional para el personal, los padres y\/o la comunidad. Colaboraci\u00f3n con educadores, administradores escolares y profesionales externos en el desarrollo de Planes Educativos Individualizados<\/p>\n<p>(IEP).<\/p>\n<p>Desarrollo de un Programa Estructurado para ni\u00f1os con \u00e1reas de oportunidad en el \u00e1rea de lectura mediante el uso de diferentes tipos de material did\u00e1cticos o Elaboraci\u00f3n de Plan Educativo Individualizado para ni\u00f1os con capacidades diferentes<\/p>\n\n\t\t<\/div><!-- .et_builder_inner_content -->\n\t<\/div><!-- .et-l -->\n\t","protected":false},"excerpt":{"rendered":"<p><strong>Modalidad<\/strong>:<\/p>\n<p>Online<\/p>\n<p><strong>Horarios:<\/strong><\/p>\n<p>Sesiones los d\u00edas:<span style=\"font-weight: 600;\"><br \/>\n<\/span>Inicia:<span style=\"font-weight: 400;\"> mi\u00e9rcoles 7 de mayo<\/span><span style=\"font-weight: 400;\"><br \/>\n<\/span>Termina:<span style=\"font-weight: 400;\"> mi\u00e9rcoles 27 de agosto<\/span><span style=\"font-weight: 400;\"><br \/>\n<\/span><span style=\"font-weight: 400;\">Horario: <\/span><span style=\"font-weight: 400;\">5:00 pm a 7:00 pm hora del pacifico<br \/>\nTotal: 100 horas<\/span><\/p>\n<p><strong>Objetivo:<\/strong><\/p>\n<p><span style=\"font-weight: 400;\">Proporcionar a los participantes las herramientas y el conocimiento necesarios para crear entornos educativos donde todos los estudiantes, independientemente de sus capacidades, necesidades o antecedentes, puedan participar plenamente y tener \u00e9xito. <\/span><\/p>\n<p><strong>Incluye:\u00a0<\/strong><\/p>\n<p>Constancia con validez oficial<\/p>\n","protected":false},"featured_media":3391,"comment_status":"open","ping_status":"closed","template":"","meta":{"_et_pb_use_builder":"","_et_pb_old_content":"","_et_gb_content_width":"","spay_email":""},"_links":{"self":[{"href":"https:\/\/ceu16.edu.mx\/educon\/wp-json\/wp\/v2\/product\/3388"}],"collection":[{"href":"https:\/\/ceu16.edu.mx\/educon\/wp-json\/wp\/v2\/product"}],"about":[{"href":"https:\/\/ceu16.edu.mx\/educon\/wp-json\/wp\/v2\/types\/product"}],"replies":[{"embeddable":true,"href":"https:\/\/ceu16.edu.mx\/educon\/wp-json\/wp\/v2\/comments?post=3388"}],"wp:featuredmedia":[{"embeddable":true,"href":"https:\/\/ceu16.edu.mx\/educon\/wp-json\/wp\/v2\/media\/3391"}],"wp:attachment":[{"href":"https:\/\/ceu16.edu.mx\/educon\/wp-json\/wp\/v2\/media?parent=3388"}],"curies":[{"name":"wp","href":"https:\/\/api.w.org\/{rel}","templated":true}]}}