{"id":3397,"date":"2025-03-11T00:58:45","date_gmt":"2025-03-11T00:58:45","guid":{"rendered":"https:\/\/ceu16.edu.mx\/educon\/?post_type=product&#038;p=3397"},"modified":"2025-04-21T22:50:59","modified_gmt":"2025-04-21T22:50:59","slug":"introduccion-solidworks","status":"publish","type":"product","link":"https:\/\/ceu16.edu.mx\/educon\/producto\/introduccion-solidworks\/","title":{"rendered":"Taller especializado &#8211; Introducci\u00f3n al Dise\u00f1o Asistido por Computadora con SolidWorks"},"content":{"rendered":"<div class=\"et-l et-l--post\">\n\t\t\t<div class=\"et_builder_inner_content et_pb_gutters3\">\n\t\t\n\t\t<\/div><!-- .et_builder_inner_content -->\n\t<\/div><!-- .et-l -->\n\t","protected":false},"excerpt":{"rendered":"<p><strong>Modalidad:<\/strong><\/p>\n<p>Presencial<\/p>\n<p><strong>Fechas:<\/strong><\/p>\n<p>Viernes 14 de marzo<br \/>\nViernes 21 de abril<\/p>\n<p><strong>Horarios:<\/strong><br \/>\n8:00 am &#8211; 1:00 pm<\/p>\n<p><strong>Objetivo:<\/strong><\/p>\n<p><span style=\"font-weight: 400;\">Brindar a los participantes los conocimientos fundamentales sobre el uso de SolidWorks para el dise\u00f1o asistido por computadora, permiti\u00e9ndoles crear modelos tridimensionales b\u00e1sicos, interpretar planos y comprender los principios esenciales del modelado param\u00e9trico. Al finalizar el curso, los alumnos ser\u00e1n capaces de utilizar herramientas b\u00e1sicas del software para desarrollar piezas y leer planos t\u00e9cnicos de manera eficiente.<\/span><\/p>\n<p><strong>Incluye:<\/strong><\/p>\n<p>Constancia con validez oficial<\/p>\n","protected":false},"featured_media":3400,"comment_status":"open","ping_status":"closed","template":"","meta":{"_et_pb_use_builder":"","_et_pb_old_content":"","_et_gb_content_width":"","spay_email":""},"_links":{"self":[{"href":"https:\/\/ceu16.edu.mx\/educon\/wp-json\/wp\/v2\/product\/3397"}],"collection":[{"href":"https:\/\/ceu16.edu.mx\/educon\/wp-json\/wp\/v2\/product"}],"about":[{"href":"https:\/\/ceu16.edu.mx\/educon\/wp-json\/wp\/v2\/types\/product"}],"replies":[{"embeddable":true,"href":"https:\/\/ceu16.edu.mx\/educon\/wp-json\/wp\/v2\/comments?post=3397"}],"wp:featuredmedia":[{"embeddable":true,"href":"https:\/\/ceu16.edu.mx\/educon\/wp-json\/wp\/v2\/media\/3400"}],"wp:attachment":[{"href":"https:\/\/ceu16.edu.mx\/educon\/wp-json\/wp\/v2\/media?parent=3397"}],"curies":[{"name":"wp","href":"https:\/\/api.w.org\/{rel}","templated":true}]}}