{"id":3416,"date":"2025-03-18T22:01:16","date_gmt":"2025-03-18T22:01:16","guid":{"rendered":"https:\/\/ceu16.edu.mx\/educon\/?post_type=product&#038;p=3416"},"modified":"2025-04-24T22:54:34","modified_gmt":"2025-04-24T22:54:34","slug":"sushi-natural-frito","status":"publish","type":"product","link":"https:\/\/ceu16.edu.mx\/educon\/producto\/sushi-natural-frito\/","title":{"rendered":"Master class &#8211; Sushi natural o frito en panko (ni\u00f1os)"},"content":{"rendered":"<div class=\"et-l et-l--post\">\n\t\t\t<div class=\"et_builder_inner_content et_pb_gutters3\">\n\t\t\n\t\t<\/div><!-- .et_builder_inner_content -->\n\t<\/div><!-- .et-l -->\n\t","protected":false},"excerpt":{"rendered":"<p><b>Modalidad<\/b><span style=\"font-weight: 400;\">: Presencial<\/span><\/p>\n<p><b>Fecha:<\/b><span style=\"font-weight: 400;\">\u00a0 S\u00e1bado 26 de abril<\/span><\/p>\n<p><b>Horario: <\/b><span style=\"font-weight: 400;\">8:00 am\u00a0 a 12:00 pm<\/span><\/p>\n<p><b>P\u00fablico en general: <\/b><span style=\"font-weight: 400;\">$550 m.n\u00a0<\/span><\/p>\n<p><b>Colaboradores:<\/b><span style=\"font-weight: 400;\"> $275 m.n.<\/span><\/p>\n<p><b>Alumnos:<\/b><span style=\"font-weight: 400;\">$385 m.n<\/span><\/p>\n<p><span style=\"font-weight: 400;\">Dirigido a edades de 6 a\u00f1os en adelante en compa\u00f1\u00eda de 1 adulto si es menor de 12 a\u00f1os.<\/span><\/p>\n<p><strong>Descripci\u00f3n:<\/strong><\/p>\n<p>Los ni\u00f1os aprender\u00e1n desde la cocci\u00f3n y la elaboraci\u00f3n del arroz para su sushi, como la realizaci\u00f3n de cortes, rellenos, salsas y empanizado<\/p>\n","protected":false},"featured_media":3417,"comment_status":"open","ping_status":"closed","template":"","meta":{"_et_pb_use_builder":"","_et_pb_old_content":"","_et_gb_content_width":"","spay_email":""},"_links":{"self":[{"href":"https:\/\/ceu16.edu.mx\/educon\/wp-json\/wp\/v2\/product\/3416"}],"collection":[{"href":"https:\/\/ceu16.edu.mx\/educon\/wp-json\/wp\/v2\/product"}],"about":[{"href":"https:\/\/ceu16.edu.mx\/educon\/wp-json\/wp\/v2\/types\/product"}],"replies":[{"embeddable":true,"href":"https:\/\/ceu16.edu.mx\/educon\/wp-json\/wp\/v2\/comments?post=3416"}],"wp:featuredmedia":[{"embeddable":true,"href":"https:\/\/ceu16.edu.mx\/educon\/wp-json\/wp\/v2\/media\/3417"}],"wp:attachment":[{"href":"https:\/\/ceu16.edu.mx\/educon\/wp-json\/wp\/v2\/media?parent=3416"}],"curies":[{"name":"wp","href":"https:\/\/api.w.org\/{rel}","templated":true}]}}