{"id":342,"date":"2021-04-23T20:39:33","date_gmt":"2021-04-23T20:39:33","guid":{"rendered":"https:\/\/ceu16.edu.mx\/educon\/?post_type=product&#038;p=342"},"modified":"2026-02-10T04:41:27","modified_gmt":"2026-02-10T04:41:27","slug":"ec0217-01","status":"publish","type":"product","link":"https:\/\/ceu16.edu.mx\/educon\/producto\/ec0217-01\/","title":{"rendered":"EC0217.01 Impartici\u00f3n de cursos de formaci\u00f3n del capital humano de manera presencial grupal"},"content":{"rendered":"<div class=\"et-l et-l--post\">\n\t\t\t<div class=\"et_builder_inner_content et_pb_gutters3\">\n\t\t\n\t\t<\/div><!-- .et_builder_inner_content -->\n\t<\/div><!-- .et-l -->\n\t","protected":false},"excerpt":{"rendered":"<p><span style=\"font-weight: 500;\">El est\u00e1ndar de competencia impartici\u00f3n de cursos de formaci\u00f3n del capital humano de manera presencial y grupal contempla las funciones sustantivas de preparar, conducir y evaluar cursos de capacitaci\u00f3n. Preparar la sesi\u00f3n mediante la planeaci\u00f3n de la sesi\u00f3n y la comprobaci\u00f3n de la existencia y el funcionamiento de los recursos requeridos para la sesi\u00f3n<\/span><\/p>\n<p><b>Prop\u00f3sito:\u00a0<\/b><\/p>\n<p><span style=\"font-weight: 500;\">Servir como referente para la evaluaci\u00f3n y certificaci\u00f3n de las personas que imparten cursos de formaci\u00f3n del capital humano de manera presencial y grupal.<\/span><\/p>\n<p><b>Objetivo del curso:\u00a0<\/b><\/p>\n<p><span style=\"font-weight: 500;\">Desarrollar la capacidad del instructor para planear, impartir y evaluar cursos de formaci\u00f3n presencial grupal, asegurando que los participantes adquieran los conocimientos, habilidades y actitudes necesarias.<\/span><\/p>\n<p><b>Incluye:<\/b><\/p>\n<ul>\n<li><span style=\"font-weight: 400;\">Material<\/span><span style=\"font-weight: 400;\"><br \/>\n<\/span><\/li>\n<li><span style=\"font-weight: 400;\">Alineaci\u00f3n al est\u00e1ndar<\/span><\/li>\n<li><span style=\"font-weight: 400;\">Asesor\u00eda personalizada<\/span><span style=\"font-weight: 400;\"><br \/>\n<\/span><\/li>\n<li><span style=\"font-weight: 400;\">Lectura del plan de evaluaci\u00f3n<\/span><\/li>\n<li><span style=\"font-weight: 400;\">Evaluaci\u00f3n<\/span><\/li>\n<li><span style=\"font-weight: 400;\">Certificado (en caso de ser competente).<\/span><\/li>\n<\/ul>\n<p><span style=\"font-weight: 400;\"><b>Modalidad<\/b>:\u00a0<\/span><\/p>\n<p>Presencial<\/p>\n","protected":false},"featured_media":3829,"comment_status":"open","ping_status":"closed","template":"","meta":{"_et_pb_use_builder":"","_et_pb_old_content":"","_et_gb_content_width":"","spay_email":""},"_links":{"self":[{"href":"https:\/\/ceu16.edu.mx\/educon\/wp-json\/wp\/v2\/product\/342"}],"collection":[{"href":"https:\/\/ceu16.edu.mx\/educon\/wp-json\/wp\/v2\/product"}],"about":[{"href":"https:\/\/ceu16.edu.mx\/educon\/wp-json\/wp\/v2\/types\/product"}],"replies":[{"embeddable":true,"href":"https:\/\/ceu16.edu.mx\/educon\/wp-json\/wp\/v2\/comments?post=342"}],"wp:featuredmedia":[{"embeddable":true,"href":"https:\/\/ceu16.edu.mx\/educon\/wp-json\/wp\/v2\/media\/3829"}],"wp:attachment":[{"href":"https:\/\/ceu16.edu.mx\/educon\/wp-json\/wp\/v2\/media?parent=342"}],"curies":[{"name":"wp","href":"https:\/\/api.w.org\/{rel}","templated":true}]}}