{"id":3437,"date":"2025-04-10T21:12:39","date_gmt":"2025-04-10T21:12:39","guid":{"rendered":"https:\/\/ceu16.edu.mx\/educon\/?post_type=product&#038;p=3437"},"modified":"2025-04-10T21:14:42","modified_gmt":"2025-04-10T21:14:42","slug":"cortisol-en-calma","status":"publish","type":"product","link":"https:\/\/ceu16.edu.mx\/educon\/producto\/cortisol-en-calma\/","title":{"rendered":"Cortisol en Calma"},"content":{"rendered":"<div class=\"et-l et-l--post\">\n\t\t\t<div class=\"et_builder_inner_content et_pb_gutters3\">\n\t\t\n\t\t<\/div><!-- .et_builder_inner_content -->\n\t<\/div><!-- .et-l -->\n\t","protected":false},"excerpt":{"rendered":"<p><span style=\"font-weight: 600;\">HORARIOS:<\/span><\/p>\n<p><b><i>Sesiones los d\u00edas:<\/i><\/b><i><span style=\"font-weight: 600;\"><br \/>\n<\/span><\/i><b>Inicia:<\/b><span style=\"font-weight: 400;\"> mi\u00e9rcoles 10 de Septiembre<\/span><span style=\"font-weight: 400;\"><br \/>\n<\/span><b>Termina:<\/b><span style=\"font-weight: 400;\"> mi\u00e9rcoles 17 de Septiembre<\/span><span style=\"font-weight: 400;\"><br \/>\n<\/span><span style=\"font-weight: 400;\">Horario: <\/span><span style=\"font-weight: 400;\">5:00 pm a 9:00 pm hora del pacifico<\/span><\/p>\n<p>&nbsp;<\/p>\n<p><b>TOTAL: <\/b><span style=\"font-weight: 400;\">8 Horas\u00a0<\/span><\/p>\n<p><b>MODALIDAD:<\/b><span style=\"font-weight: 400;\"> Online<\/span><\/p>\n<p><span style=\"font-weight: 400;\"><br \/>\n<\/span><span style=\"font-weight: 600;\">CUPO POR GRUPO:<\/span><\/p>\n<p><span style=\"font-weight: 600;\">De 50 PERSONAS<\/span><\/p>\n<p><span style=\"font-weight: 600;\">OBJETIVO<\/span><\/p>\n<p><span style=\"font-weight: 400;\">Proporcionar a los participantes las herramientas, el conocimiento y las estrategias pr\u00e1cticas necesarias para comprender el papel del cortisol en el estr\u00e9s y aprender t\u00e9cnicas efectivas para regular sus niveles, promoviendo as\u00ed la calma, la resiliencia y el bienestar f\u00edsico y mental a largo plazo.<\/span><\/p>\n<p><span style=\"font-weight: 600;\">DOCENTE\u00a0<\/span><\/p>\n<p><b>Mtra. Marisol Zer\u00f3n Salgado\u00a0<\/b><\/p>\n<p><b>Semblanza<\/b><\/p>\n<p><b>24 A\u00f1os de experiencia en el campo de la educaci\u00f3n y la psicolog\u00eda. Capacidad comprobada para crear e implementar programas educativos. Enfocados en reclutar y capacitar nuevo personal en cualquier divisi\u00f3n escolar. Psic\u00f3loga dedicada, motivada y orientada a los detalles que utiliza experiencia diversa, s\u00f3lidas habilidades cl\u00ednicas y de evaluaci\u00f3n en un entorno desafiante.<\/b><\/p>\n<p><b>Experiencia en:<\/b><\/p>\n<p><b>En el desarrollo profesional para el personal, los padres y\/o la comunidad. Colaboraci\u00f3n con educadores, administradores escolares y profesionales externos en el desarrollo de Planes Educativos Individualizados<\/b><\/p>\n<p><b>(IEP).<\/b><\/p>\n<p><b>Desarrollo de un Programa Estructurado para ni\u00f1os con \u00e1reas de oportunidad en el \u00e1rea de lectura mediante el uso de diferentes tipos de material did\u00e1cticos<\/b><\/p>\n<p><b>o Elaboraci\u00f3n de Plan Educativo Individualizado para ni\u00f1os con capacidades diferentes<\/b><\/p>\n<p><span style=\"font-weight: 600;\">INCLUYE:<\/span><\/p>\n<p><span style=\"font-weight: 600;\">Constancia con validez oficial<\/span><\/p>\n","protected":false},"featured_media":3440,"comment_status":"open","ping_status":"closed","template":"","meta":{"_et_pb_use_builder":"","_et_pb_old_content":"","_et_gb_content_width":"","spay_email":""},"_links":{"self":[{"href":"https:\/\/ceu16.edu.mx\/educon\/wp-json\/wp\/v2\/product\/3437"}],"collection":[{"href":"https:\/\/ceu16.edu.mx\/educon\/wp-json\/wp\/v2\/product"}],"about":[{"href":"https:\/\/ceu16.edu.mx\/educon\/wp-json\/wp\/v2\/types\/product"}],"replies":[{"embeddable":true,"href":"https:\/\/ceu16.edu.mx\/educon\/wp-json\/wp\/v2\/comments?post=3437"}],"wp:featuredmedia":[{"embeddable":true,"href":"https:\/\/ceu16.edu.mx\/educon\/wp-json\/wp\/v2\/media\/3440"}],"wp:attachment":[{"href":"https:\/\/ceu16.edu.mx\/educon\/wp-json\/wp\/v2\/media?parent=3437"}],"curies":[{"name":"wp","href":"https:\/\/api.w.org\/{rel}","templated":true}]}}