{"id":3512,"date":"2025-05-16T21:37:03","date_gmt":"2025-05-16T21:37:03","guid":{"rendered":"https:\/\/ceu16.edu.mx\/educon\/?post_type=product&#038;p=3512"},"modified":"2025-05-23T20:49:12","modified_gmt":"2025-05-23T20:49:12","slug":"introduccion-robotica","status":"publish","type":"product","link":"https:\/\/ceu16.edu.mx\/educon\/producto\/introduccion-robotica\/","title":{"rendered":"Taller especializado &#8211; Introducci\u00f3n a la Rob\u00f3tica"},"content":{"rendered":"<div class=\"et-l et-l--post\">\n\t\t\t<div class=\"et_builder_inner_content et_pb_gutters3\">\n\t\t\n\t\t<\/div><!-- .et_builder_inner_content -->\n\t<\/div><!-- .et-l -->\n\t","protected":false},"excerpt":{"rendered":"<p><strong>Modalidad: <\/strong><\/p>\n<p>Presencial<\/p>\n<p><strong>Sesiones los d\u00edas:<\/strong><\/p>\n<p>Viernes 23 de mayo<\/p>\n<p>Viernes 30 de mayo<\/p>\n<p><strong>Horario: <\/strong><\/p>\n<p>8:00 am &#8211; 1:00 pm<\/p>\n<p><strong>Objetivo:<\/strong><\/p>\n<p>Proporcionar a los participantes una comprensi\u00f3n integral y b\u00e1sica de los fundamentos de la rob\u00f3tica, abordando temas esenciales como el dise\u00f1o mec\u00e1nico, principios de electr\u00f3nica aplicada, programaci\u00f3n de robots, integraci\u00f3n de sensores y actuadores, as\u00ed como el ensamblaje de sistemas rob\u00f3ticos simples. Al finalizar el curso, el alumno ser\u00e1 capaz de identificar y ensamblar componentes b\u00e1sicos, programar comportamientos sencillos y comprender el funcionamiento de un sistema rob\u00f3tico elemental.<\/p>\n<p><strong>Incluye:<\/strong><\/p>\n<p>Constancia con validez oficial<\/p>\n","protected":false},"featured_media":3515,"comment_status":"open","ping_status":"closed","template":"","meta":{"_et_pb_use_builder":"","_et_pb_old_content":"","_et_gb_content_width":"","spay_email":""},"_links":{"self":[{"href":"https:\/\/ceu16.edu.mx\/educon\/wp-json\/wp\/v2\/product\/3512"}],"collection":[{"href":"https:\/\/ceu16.edu.mx\/educon\/wp-json\/wp\/v2\/product"}],"about":[{"href":"https:\/\/ceu16.edu.mx\/educon\/wp-json\/wp\/v2\/types\/product"}],"replies":[{"embeddable":true,"href":"https:\/\/ceu16.edu.mx\/educon\/wp-json\/wp\/v2\/comments?post=3512"}],"wp:featuredmedia":[{"embeddable":true,"href":"https:\/\/ceu16.edu.mx\/educon\/wp-json\/wp\/v2\/media\/3515"}],"wp:attachment":[{"href":"https:\/\/ceu16.edu.mx\/educon\/wp-json\/wp\/v2\/media?parent=3512"}],"curies":[{"name":"wp","href":"https:\/\/api.w.org\/{rel}","templated":true}]}}