{"id":3814,"date":"2025-09-09T21:37:12","date_gmt":"2025-09-09T21:37:12","guid":{"rendered":"https:\/\/ceu16.edu.mx\/educon\/?post_type=product&#038;p=3814"},"modified":"2025-09-09T21:37:13","modified_gmt":"2025-09-09T21:37:13","slug":"curso-de-ingles-especializado-para-operadores-de-tractocamion","status":"publish","type":"product","link":"https:\/\/ceu16.edu.mx\/educon\/producto\/curso-de-ingles-especializado-para-operadores-de-tractocamion\/","title":{"rendered":"Curso de Ingl\u00e9s Especializado para Operadores de Tractocamion"},"content":{"rendered":"<div class=\"et-l et-l--post\">\n\t\t\t<div class=\"et_builder_inner_content et_pb_gutters3\">\n\t\t\n\t\t<\/div><!-- .et_builder_inner_content -->\n\t<\/div><!-- .et-l -->\n\t","protected":false},"excerpt":{"rendered":"<p><img class=\"an1\" draggable=\"false\" src=\"https:\/\/fonts.gstatic.com\/s\/e\/notoemoji\/16.0\/1f539\/32.png\" alt=\"\ud83d\udd39\" data-emoji=\"\ud83d\udd39\" aria-label=\"\ud83d\udd39\" \/>\u00a0Duraci\u00f3n m\u00e1xima: 6 meses<br \/>\n<img class=\"an1\" draggable=\"false\" src=\"https:\/\/fonts.gstatic.com\/s\/e\/notoemoji\/16.0\/1f539\/32.png\" alt=\"\ud83d\udd39\" data-emoji=\"\ud83d\udd39\" aria-label=\"\ud83d\udd39\" \/>\u00a0Modalidad: Asincr\u00f3nica (\u00a1Avanza a tu ritmo!)<br \/>\n<img class=\"an1\" draggable=\"false\" src=\"https:\/\/fonts.gstatic.com\/s\/e\/notoemoji\/16.0\/1f539\/32.png\" alt=\"\ud83d\udd39\" data-emoji=\"\ud83d\udd39\" aria-label=\"\ud83d\udd39\" \/>\u00a0Plataforma: Google Classroom (interactivo y f\u00e1cil de usar)<br \/>\n<span class=\"gmail_default\">\u00a0 \u00a0 \u00a0 \u00a0 \u00a0\u00a1<\/span>Puedes comenzar en el momento que gustes.<span class=\"gmail_default\">!<\/span><\/p>\n<p>Ideal para operadores que buscan mejorar su ingl\u00e9s t\u00e9cnico y pr\u00e1ctico en el \u00e1rea del transporte\u00a0<img class=\"an1\" draggable=\"false\" src=\"https:\/\/fonts.gstatic.com\/s\/e\/notoemoji\/16.0\/1f69a\/32.png\" alt=\"\ud83d\ude9a\" data-emoji=\"\ud83d\ude9a\" aria-label=\"\ud83d\ude9a\" \/><\/p>\n","protected":false},"featured_media":3815,"comment_status":"open","ping_status":"closed","template":"","meta":{"_et_pb_use_builder":"","_et_pb_old_content":"","_et_gb_content_width":"","spay_email":""},"_links":{"self":[{"href":"https:\/\/ceu16.edu.mx\/educon\/wp-json\/wp\/v2\/product\/3814"}],"collection":[{"href":"https:\/\/ceu16.edu.mx\/educon\/wp-json\/wp\/v2\/product"}],"about":[{"href":"https:\/\/ceu16.edu.mx\/educon\/wp-json\/wp\/v2\/types\/product"}],"replies":[{"embeddable":true,"href":"https:\/\/ceu16.edu.mx\/educon\/wp-json\/wp\/v2\/comments?post=3814"}],"wp:featuredmedia":[{"embeddable":true,"href":"https:\/\/ceu16.edu.mx\/educon\/wp-json\/wp\/v2\/media\/3815"}],"wp:attachment":[{"href":"https:\/\/ceu16.edu.mx\/educon\/wp-json\/wp\/v2\/media?parent=3814"}],"curies":[{"name":"wp","href":"https:\/\/api.w.org\/{rel}","templated":true}]}}