{"id":384,"date":"2021-04-30T21:41:54","date_gmt":"2021-04-30T21:41:54","guid":{"rendered":"https:\/\/ceu16.edu.mx\/educon\/?post_type=product&#038;p=384"},"modified":"2021-07-28T20:19:47","modified_gmt":"2021-07-28T20:19:47","slug":"taller-redaccion-elaboracion-documentos-mercantiles-2","status":"publish","type":"product","link":"https:\/\/ceu16.edu.mx\/educon\/producto\/taller-redaccion-elaboracion-documentos-mercantiles-2\/","title":{"rendered":"[Grupo 2] Taller de redacci\u00f3n y elaboraci\u00f3n de documentos mercantiles"},"content":{"rendered":"<div class=\"et-l et-l--post\">\n\t\t\t<div class=\"et_builder_inner_content et_pb_gutters3\">\n\t\t<p>Acerca del docente:<\/p>\n<p>El Mtro. Carlos Armando Beltr\u00e1n Oreg\u00f3n, es Licenciado en Derecho por la Universidad Aut\u00f3noma de Baja California, con Especialidad en Derecho Notarial y Registral por la Universidad Nacional Aut\u00f3noma de M\u00e9xico y cuenta con Maestr\u00eda en Derecho Civil por la Universidad de Estudios Avanzados, manteni\u00e9ndose actualizado mediante cursos y diplomados relacionados con la materia Notarial, Civil y Mercantil de forma regular desde el a\u00f1o 2011 a la fecha, tambi\u00e9n cuenta con experiencia laboral relacionada con las citadas materias, desempe\u00f1\u00e1ndose como abogado en la Notar\u00eda P\u00fablica N\u00famero 13 en Mexicali, Baja California, en la Notar\u00eda P\u00fablica N\u00famero 232 en la Ciudad de M\u00e9xico, en la Secretar\u00eda de Finanzas del Gobierno de la Ciudad de M\u00e9xico, en el Bufete Jur\u00eddico de Loyola y Asociados y en la Secretar\u00eda de Infraestructura y Desarrollo Urbano del Estado de Baja California.<\/p>\n<p>Actualmente se desempe\u00f1a como Jefe de \u00c1rea en la Notar\u00eda P\u00fablica N\u00famero 9 en Mexicali, Baja California, elaborando todo tipo de instrumentos notariales (contratos, actas constitutivas de sociedades, protocolizaciones, actas de asamblea, tr\u00e1mites sucesorios, testamentos, poderes, entre otros.), tambi\u00e9n imparte conferencias, cursos y asesor\u00edas relacionadas a estos temas, asimismo, se desempe\u00f1a como docente a nivel Licenciatura y Maestr\u00eda, en las materias de Derecho Notarial, Bienes y Sucesiones, Contratos, Sociedades Mercantiles y Familiar.<\/p>\n\n\t\t<\/div><!-- .et_builder_inner_content -->\n\t<\/div><!-- .et-l -->\n\t","protected":false},"excerpt":{"rendered":"<p><b>Modalidad<\/b>:<\/p>\n<p>H\u00edbrida<\/p>\n<p><b>Horarios<\/b>:<\/p>\n<p>Videoconferencia:\u00a0 04 de junio, 6:00pm a 9:00 pm<\/p>\n<p>Clase presencial: Viernes 11de\u00a0 junio, 6:00pm a 9:00 pm<\/p>\n<p><b>Temario:<\/b><\/p>\n<ul>\n<li aria-level=\"1\">Definici\u00f3n.<\/li>\n<li aria-level=\"1\">Clasificaci\u00f3n de los contratos mercantiles.<\/li>\n<li aria-level=\"1\">Utilidad del contrato.<\/li>\n<li aria-level=\"1\">Estructura del contrato.<\/li>\n<li aria-level=\"1\">Redacci\u00f3n de diversos contratos mercantiles.<\/li>\n<\/ul>\n<p>&nbsp;<\/p>\n<p><b>Incluye: Material, constancia DC3.<\/b><\/p>\n","protected":false},"featured_media":395,"comment_status":"open","ping_status":"closed","template":"","meta":{"_et_pb_use_builder":"","_et_pb_old_content":"","_et_gb_content_width":"","spay_email":""},"_links":{"self":[{"href":"https:\/\/ceu16.edu.mx\/educon\/wp-json\/wp\/v2\/product\/384"}],"collection":[{"href":"https:\/\/ceu16.edu.mx\/educon\/wp-json\/wp\/v2\/product"}],"about":[{"href":"https:\/\/ceu16.edu.mx\/educon\/wp-json\/wp\/v2\/types\/product"}],"replies":[{"embeddable":true,"href":"https:\/\/ceu16.edu.mx\/educon\/wp-json\/wp\/v2\/comments?post=384"}],"wp:featuredmedia":[{"embeddable":true,"href":"https:\/\/ceu16.edu.mx\/educon\/wp-json\/wp\/v2\/media\/395"}],"wp:attachment":[{"href":"https:\/\/ceu16.edu.mx\/educon\/wp-json\/wp\/v2\/media?parent=384"}],"curies":[{"name":"wp","href":"https:\/\/api.w.org\/{rel}","templated":true}]}}